{"id":4441,"date":"2026-02-17T16:21:27","date_gmt":"2026-02-17T15:21:27","guid":{"rendered":"https:\/\/dev8.screenup.com\/produit\/chemise-hawaienne-waimea-waikiki-beach-grey\/"},"modified":"2026-04-09T02:21:47","modified_gmt":"2026-04-09T00:21:47","slug":"waimea-waikiki-beach-graues-hawaii-hemd","status":"publish","type":"product","link":"http:\/\/dev8.screenup.com\/de\/produkt\/waimea-waikiki-beach-graues-hawaii-hemd","title":{"rendered":"WAIMEA WAIKIKI BEACH GRAUES HAWAII-HEMD"},"content":{"rendered":"\n<p id=\"block-u4oVol72LC\" class=\"wp-block-nectar-blocks-text nectar-blocks-text\"><\/p>\n\n<p id=\"block-00Cgwhrcq7\" class=\"wp-block-nectar-blocks-text nectar-blocks-text\">Cette chemise\u00a0WAIMEA\u00a0WAIKIKI BEACH GREY nous viens d&#8217;Honolulu<\/p>\n\n<p id=\"block-3JKksaSSx9\" class=\"wp-block-nectar-blocks-text nectar-blocks-text\">Elle est id\u00e9ale, pour une soir\u00e9e sur la plage, un cocktail, un mariage cool, pour conduire un Roadster, une voiture Am\u00e9ricaine des fifties. Elle l\u2019est aussi tout simplement pour afficher un style certain vintage, d\u00e9contract\u00e9 et classe.<\/p>\n\n<p id=\"block-k20avAuacm\" class=\"wp-block-nectar-blocks-text nectar-blocks-text\">100% coton, elle est durable, solide, les couleurs tiennent, surtout vous pouvez \u00e9viter le repassage \ud83d\ude09<\/p>\n\n<p id=\"block-CNYJl7dLrJ\" class=\"wp-block-nectar-blocks-text nectar-blocks-text\">Nous distribuons cette marque depuis des ann\u00e9es et nous\u00a0 vous garantir une top qualit\u00e9 dans les standards US.<\/p>\n\n<p id=\"block-rU5WMQUU6D\" class=\"wp-block-nectar-blocks-text nectar-blocks-text\">Vous noterez les boutons en v\u00e9ritable cocotier. Egalement et cela est une caract\u00e9ristique des v\u00e9ritables chemises Hawaiienne, le motif de la pochette respecte le design original, il n\u2019y pas de rupture, elles sont cousues bord \u00e0 bord jusqu\u2019\u00e0 disparaitre dans le design.<\/p>\n\n<p id=\"block-oDUuJdyud9\" class=\"wp-block-nectar-blocks-text nectar-blocks-text\">Bien sur l\u2019\u00e9tiquette au col certifie son origine.<\/p>\n\n<p id=\"block-PiBBqvtH1i\" class=\"wp-block-nectar-blocks-text nectar-blocks-text\">Chez nous, vous ne trouverez aucune chemise produite en Asie. Nous restons logique \u00e0 notre cahier des charges, \u00e0 notre identit\u00e9 et \u00e0 notre mission. Nous sommes fier de travailler avec ces iles et avec des entreprises respectant les ouvriers ainsi que les conditions de travail<\/p>\n\n<p id=\"block-nm3blWJagq\" class=\"wp-block-nectar-blocks-text nectar-blocks-text\">WAIMEA<\/p>\n\n<p id=\"block-R5o1vabl3g\" class=\"wp-block-nectar-blocks-text nectar-blocks-text\">Waimea est une marque de chemises Hawaiiennes produites par les ateliers PACIFIC FOUND fond\u00e9e en 1976 \u00e0 Honolulu en hommage au c\u00e9l\u00e8bre spot de surf du North Shore<\/p>\n\n<p id=\"block-qJAVoPaHoi\" class=\"wp-block-nectar-blocks-text nectar-blocks-text\">Tous les surfers ont un jours r\u00eav\u00e9 de surfer la vague mythique de Waimea situ\u00e9 sur la cote Nord d\u2019Oahu. Waimea est une vague l\u00e9gendaire, un incontournable et un d\u00e9fit r\u00e9serv\u00e9 aux meilleurs surfers de gros.<\/p>\n\n<p id=\"block-fTIFH1PiWU\" class=\"wp-block-nectar-blocks-text nectar-blocks-text\">Ce label parlera \u00e0 tous les watermen.<\/p>\n\n<p id=\"block-feZjj4hVfj\" class=\"wp-block-nectar-blocks-text nectar-blocks-text\">Chez Waimea Casuals, nous sommes fiers de fournir une qualit\u00e9 exceptionnelle sans compromettre le style. S\u2019inspirant du riche patrimoine des \u00eeles, nos chemises m\u00e9langent harmonieusement l\u2019ambiance d\u00e9contract\u00e9e de l\u2019\u00eele avec un esprit festif des f\u00eates.<\/p>\n\n<h4 id=\"block-nAJ395qSzm\" class=\"wp-block-nectar-blocks-text nectar-blocks-text\">Tailles<\/h4>\n\n<p id=\"block-ExRrEsNlNj\" class=\"wp-block-nectar-blocks-text nectar-blocks-text\">Attention au tableau des tailles, ce sont des tailles US, pour des pays tropicaux, et donc assez grandes. Mesurez vos chemises pour comparer avec notre tableau de correspondance sur ce site<\/p>\n\n<p id=\"block-QEJTq2483R\" class=\"wp-block-nectar-blocks-text nectar-blocks-text\"><\/p>\n","protected":false},"excerpt":{"rendered":"<p>Genie\u00dfen Sie die Inselatmosph\u00e4re mit dem Paradise Woody Hawaiihemd in Schwarz. Dieses aus 100 % Baumwolle gefertigte Aloha-Shirt im Vintage-Stil zeigt klassische Woodie- und Surfbrett-Designs am Strand mit dem ikonischen Diamond Head im Hintergrund. Es eignet sich perfekt f\u00fcr Freizeitausfl\u00fcge oder Tage am Strand und bietet atmungsaktiven Komfort und zeitlosen Stil, der Sie in die romantischen Tage des alten Hawaii versetzt.\u00a0<\/p>\n","protected":false},"featured_media":4442,"template":"","meta":[],"product_brand":[],"product_cat":[95,97],"product_tag":[],"class_list":{"0":"post-4441","1":"product","2":"type-product","3":"status-publish","4":"has-post-thumbnail","6":"product_cat-hawaiihemden","7":"product_cat-hawaiihemden-fuer-herren","8":"pa_genre-mann","9":"pa_taille-l","10":"pa_taille-m","11":"pa_taille-s","12":"pa_taille-xl","13":"pa_taille-xxl","14":"pa_taille-xxxl","16":"first","17":"instock","18":"taxable","19":"shipping-taxable","20":"purchasable","21":"product-type-variable"},"_links":{"self":[{"href":"http:\/\/dev8.screenup.com\/de\/wp-json\/wp\/v2\/product\/4441","targetHints":{"allow":["GET"]}}],"collection":[{"href":"http:\/\/dev8.screenup.com\/de\/wp-json\/wp\/v2\/product"}],"about":[{"href":"http:\/\/dev8.screenup.com\/de\/wp-json\/wp\/v2\/types\/product"}],"wp:featuredmedia":[{"embeddable":true,"href":"http:\/\/dev8.screenup.com\/de\/wp-json\/wp\/v2\/media\/4442"}],"wp:attachment":[{"href":"http:\/\/dev8.screenup.com\/de\/wp-json\/wp\/v2\/media?parent=4441"}],"wp:term":[{"taxonomy":"product_brand","embeddable":true,"href":"http:\/\/dev8.screenup.com\/de\/wp-json\/wp\/v2\/product_brand?post=4441"},{"taxonomy":"product_cat","embeddable":true,"href":"http:\/\/dev8.screenup.com\/de\/wp-json\/wp\/v2\/product_cat?post=4441"},{"taxonomy":"product_tag","embeddable":true,"href":"http:\/\/dev8.screenup.com\/de\/wp-json\/wp\/v2\/product_tag?post=4441"}],"curies":[{"name":"wp","href":"https:\/\/api.w.org\/{rel}","templated":true}]}}