{"id":5027,"date":"2025-12-24T16:11:06","date_gmt":"2025-12-24T15:11:06","guid":{"rendered":"https:\/\/dev8.screenup.com\/produit\/chemise-hawaienne-vahine-rjc-tropic-rouge\/"},"modified":"2026-04-09T02:19:38","modified_gmt":"2026-04-09T00:19:38","slug":"rjc-tropic-red-vahine-hawaiianisches-hemd","status":"publish","type":"product","link":"http:\/\/dev8.screenup.com\/de\/produkt\/rjc-tropic-red-vahine-hawaiianisches-hemd","title":{"rendered":"RJC TROPIC RED VAHINE HAWAIIANISCHES HEMD"},"content":{"rendered":"\n<p>Cette Aloha shirt\u00a0 nous vient des ateliers RJC cr\u00e9e en 1953 \u00e0 Honolulu, \u00e0 quelques m\u00e8tres de la plage de Waikiki.\u00a0 Construite en coton, elle est solide, durable. Ce motif ayant connu un v\u00e9ritable succ\u00e8s dans la collection homme, nous avons d\u00e9cid\u00e9 de l\u2019importer \u00e9galement en femme.<br \/>Con\u00e7ue pour sublimer toutes les silhouettes, cette chemise pin-up se porte aussi bien rentr\u00e9e dans une jupe taille haute que nou\u00e9e \u00e0 la taille pour un look vintage d\u00e9contract\u00e9. Les d\u00e9tails soign\u00e9s, comme la coupe cintr\u00e9e, ajoutent une \u00e9l\u00e9gance intemporelle \u00e0 votre style.<br \/>Parfaite pour les journ\u00e9es ensoleill\u00e9es, les soir\u00e9es r\u00e9tro ou simplement pour apporter une touche de couleur \u00e0 votre quotidien, cette chemise est un incontournable pour toutes les amatrices de mode au charme r\u00e9tro et tropical.<br \/>100% Coton avec sa coupe cintr\u00e9e, elle s\u2019adresse aux femmes. Elle peut se porter droite ou bien nou\u00e9e dans un style pin up vintage et tropical.\u00a0\u00a0Ce mod\u00e8le f\u00e9minin rouge \u00e0 base de fleurs hibiscus peut \u00eatre port\u00e9 en toutes occasions.\u00a0<br \/>Elle est id\u00e9ale, pour une soir\u00e9e sur la plage, un cocktail, un mariage cool, pour conduire un Roadster, une voiture Am\u00e9ricaine des fifties. Elle l\u2019est aussi tout simplement pour afficher un style certain vintage, d\u00e9contract\u00e9 et classe.<br \/>Cette chemise\u00a0 est durable, elle tient tr\u00e8s bien aux lavage et dans le temps.<br \/>Nous distribuons cette marque depuis des ann\u00e9es et nous vous garantissons une qualit\u00e9 haut de gamme.<br \/>Vous noterez les boutons en v\u00e9ritable cocotier. Egalement et cela est une caract\u00e9ristique des v\u00e9ritables chemises Hawaiienne, le motif de la pochette respecte le design original, il n\u2019y pas de rupture, elles sont cousues bord \u00e0 bord jusqu\u2019\u00e0 disparaitre dans le design.<br \/>Bien sur l\u2019\u00e9tiquette au col certifie son origine, Honolulu, Oahu, Hawaii, USA<br \/>Chez nous, vous ne trouverez aucune chemise produite en Asie. Nous restons logique \u00e0 notre cahier des charges, \u00e0 notre identit\u00e9 et \u00e0 notre mission. Nous sommes fier de travailler avec ces iles et avec des entreprises respectant les ouvriers ainsi que les conditions de travai<br \/>\u00a0<\/p>\n\n<p id=\"block-dwNRrJXKkz\" class=\"wp-block-nectar-blocks-text nectar-blocks-text\">RJC HAWAII<\/p>\n\n<p id=\"block-sSJBydkBuo\" class=\"wp-block-nectar-blocks-text nectar-blocks-text\">Robert J Clancey est\u00a0 un des pionniers dans la conception des chemises Hawaiiennes. Cette compagnie cr\u00e9e en 1953 appartient toujours \u00e0 la famille.<\/p>\n\n<p id=\"block-SgstjrKs7p\" class=\"wp-block-nectar-blocks-text nectar-blocks-text\">TAILLES<\/p>\n\n<p id=\"block-YtFUj37TGx\" class=\"wp-block-nectar-blocks-text nectar-blocks-text\">Attention ce sont des produits US, en g\u00e9n\u00e9ral les chemises taillent plus grand que les produits Europ\u00e9ens<\/p>\n\n<p id=\"block-twgO6hL8nI\" class=\"wp-block-nectar-blocks-text nectar-blocks-text\">Vous trouverez sur ce site la grille des tailles et toutes les explications n\u00e9cessaires pour \u00e9viter de vous tromper dans votre commande.<\/p>\n","protected":false},"excerpt":{"rendered":"<p>Bringen Sie einen Hauch von Exotik und Retro-Glamour in Ihre Garderobe mit diesem direkt aus Hawaii importierten Damenhemd. Sein leuchtendes Rot unterstreicht ein Muster aus tropischen Blumen und Palmen und erinnert an sonnige Str\u00e4nde und den freien Geist der 1950er Jahre.<\/p>\n","protected":false},"featured_media":5028,"template":"","meta":[],"product_brand":[],"product_cat":[95,98],"product_tag":[],"class_list":{"0":"post-5027","1":"product","2":"type-product","3":"status-publish","4":"has-post-thumbnail","6":"product_cat-hawaiihemden","7":"product_cat-hawaiihemden-fuer-damen","8":"pa_genre-frauen","9":"pa_taille-l","10":"pa_taille-m","11":"pa_taille-s","12":"pa_taille-xl","13":"pa_taille-xxl","14":"pa_taille-xxxl","16":"first","17":"instock","18":"taxable","19":"shipping-taxable","20":"purchasable","21":"product-type-variable"},"_links":{"self":[{"href":"http:\/\/dev8.screenup.com\/de\/wp-json\/wp\/v2\/product\/5027","targetHints":{"allow":["GET"]}}],"collection":[{"href":"http:\/\/dev8.screenup.com\/de\/wp-json\/wp\/v2\/product"}],"about":[{"href":"http:\/\/dev8.screenup.com\/de\/wp-json\/wp\/v2\/types\/product"}],"wp:featuredmedia":[{"embeddable":true,"href":"http:\/\/dev8.screenup.com\/de\/wp-json\/wp\/v2\/media\/5028"}],"wp:attachment":[{"href":"http:\/\/dev8.screenup.com\/de\/wp-json\/wp\/v2\/media?parent=5027"}],"wp:term":[{"taxonomy":"product_brand","embeddable":true,"href":"http:\/\/dev8.screenup.com\/de\/wp-json\/wp\/v2\/product_brand?post=5027"},{"taxonomy":"product_cat","embeddable":true,"href":"http:\/\/dev8.screenup.com\/de\/wp-json\/wp\/v2\/product_cat?post=5027"},{"taxonomy":"product_tag","embeddable":true,"href":"http:\/\/dev8.screenup.com\/de\/wp-json\/wp\/v2\/product_tag?post=5027"}],"curies":[{"name":"wp","href":"https:\/\/api.w.org\/{rel}","templated":true}]}}