{"id":5481,"date":"2025-12-24T16:10:58","date_gmt":"2025-12-24T15:10:58","guid":{"rendered":"https:\/\/dev8.screenup.com\/produit\/chemise-hawaienne-two-palms-pannel-orchyd-navy-rayonne\/"},"modified":"2026-04-09T02:15:13","modified_gmt":"2026-04-09T00:15:13","slug":"two-palms-pannel-orchyd-navy-hawaiianisches-hemd-viskose","status":"publish","type":"product","link":"http:\/\/dev8.screenup.com\/de\/produkt\/two-palms-pannel-orchyd-navy-hawaiianisches-hemd-viskose","title":{"rendered":"TWO PALMS PANNEL ORCHYD NAVY HAWAIIANISCHES HEMD (Viskose)"},"content":{"rendered":"<p>Cette chemise \u00e0 fleurs hawaii tropicale import\u00e9e d&#8217;Hawaii nous vient des ateliers Two palms \u00e0 Honolulu, \u00e0 quelques m\u00e8tres de la plage de Waikiki.\u00a0 Construite en viscose ou rayonne, elle sera tr\u00e8s agr\u00e9able \u00e0 porter par canicule.\u00a0 Cette chemise Hawaiienne, made in Honolulu est originale tout en rappelant les origines japonaises des Aloha shirt.<\/p>\n<p>Elle est id\u00e9ale, pour une soir\u00e9e sur la plage, un cocktail, un mariage cool, pour conduire un Roadster, une voiture Am\u00e9ricaine des fifties. Elle l&#8217;est aussi tout simplement pour afficher un style certain vintage, d\u00e9contract\u00e9 et classe.\u00a0<\/p>\n<p>Cette chemise\u00a0 est en rayonne il s&#8217;agit d&#8217;un textile doux, l\u00e9ger, respirant, moins chaud avec un tomb\u00e9 de r\u00eave. Le rayonne ressemble \u00e0 la soie, mais il est bien plus abordable. Il est fabriqu\u00e9 avec de la pulpe de bois. C\u2019est un mat\u00e9riaux synth\u00e9tique mais \u00e0 base de fibres naturelles. Par contre le rayonne n\u00e9cessite un repassage contrairement au coton qui lui peut s\u2019en passer.\u00a0<\/p>\n<p>Les chemises Hawa\u00efenne dites (Aloha Shirt) sont n\u00e9es dans les ann\u00e9es 1930 \u00e0 Hawa\u00ef. Elles m\u00e9langeaient audacieusement les motifs traditionnels japonais, philippins, et hawa\u00efen, tous empreints de fleurs et de nature luxuriante. A cette \u00e9poque, Ces chemises \u00e9taient toutes en soie car construites dans des chutes de Kimono.. Les chemises en rayonne s\u2019inscrivent donc dans cette tradition.<\/p>\n<p>Nous distribuons cette marque depuis des ann\u00e9es et nous vous garantissons une qualit\u00e9 haut de gamme.<\/p>\n<p>Vous noterez les boutons en v\u00e9ritable cocotier. Egalement et cela est une caract\u00e9ristique des v\u00e9ritables chemises Hawaiienne, le motif de la pochette respecte le design original, il n&#8217;y pas de rupture, elles sont cousues bord \u00e0 bord jusqu&#8217;\u00e0 disparaitre dans le design.<\/p>\n<p>Bien sur l&#8217;\u00e9tiquette au col certifie son origine.<\/p>\n<p>Chez nous, vous ne trouverez aucune chemise produite en Asie. Nous restons logique \u00e0 notre cahier des charges, \u00e0 notre identit\u00e9 et \u00e0 notre mission. Nous sommes fier de travailler avec ces iles et avec des entreprises respectant les ouvriers ainsi que les conditions de travail<\/p>\n<h4><strong>TWO PALMS APPAREL<\/strong>\u00a0<\/h4>\n<p>TWO PALMS\u00a0 a commenc\u00e9 ses activit\u00e9s en 1999 et s&#8217;est impos\u00e9 comme l&#8217;un des principaux exportateurs Am\u00e9ricains de v\u00eatements Hawa\u00efens. Chemises 100% Coton, boutons en cocotier.<\/p>\n\n<p id=\"block-5GTi8hLMDb\" class=\"wp-block-nectar-blocks-text nectar-blocks-text\"><\/p>\n\n<p id=\"block-ynmCrRsU9X\" class=\"wp-block-nectar-blocks-text nectar-blocks-text\">TAILLES<\/p>\n\n<p id=\"block-CZG0nFqf72\" class=\"wp-block-nectar-blocks-text nectar-blocks-text\">Attention ce sont des produits US, en g\u00e9n\u00e9ral les chemises taillent plus grand que les produits Europ\u00e9ens<\/p>\n\n<p id=\"block-USCYLY7OxP\" class=\"wp-block-nectar-blocks-text nectar-blocks-text\">Vous trouverez sur ce site la grille des tailles et toutes les explications n\u00e9cessaires pour \u00e9viter de vous tromper dans votre commande.<\/p>\n","protected":false},"excerpt":{"rendered":"<p>Dieses authentische Hawaii-Hemd mit Blumenmuster der in Honolulu ans\u00e4ssigen Marke Two Palms wird Fans begeistern. Sein leichter, atmungsaktiver Stoff h\u00e4lt Sie auch bei hei\u00dfem Wetter k\u00fchl. Egal, ob Sie ans Meer oder auf eine Sommerparty gehen, dieses Hemd verleiht Ihrem Outfit einen Hauch Exotik und coole Attit\u00fcde.<\/p>\n","protected":false},"featured_media":5482,"template":"","meta":[],"product_brand":[],"product_cat":[95,97],"product_tag":[],"class_list":{"0":"post-5481","1":"product","2":"type-product","3":"status-publish","4":"has-post-thumbnail","6":"product_cat-hawaiihemden","7":"product_cat-hawaiihemden-fuer-herren","8":"pa_genre-mann","9":"pa_taille-l","10":"pa_taille-m","11":"pa_taille-s","12":"pa_taille-xl","13":"pa_taille-xxl","14":"pa_taille-xxxl","16":"first","17":"outofstock","18":"taxable","19":"shipping-taxable","20":"purchasable","21":"product-type-variable"},"_links":{"self":[{"href":"http:\/\/dev8.screenup.com\/de\/wp-json\/wp\/v2\/product\/5481","targetHints":{"allow":["GET"]}}],"collection":[{"href":"http:\/\/dev8.screenup.com\/de\/wp-json\/wp\/v2\/product"}],"about":[{"href":"http:\/\/dev8.screenup.com\/de\/wp-json\/wp\/v2\/types\/product"}],"wp:featuredmedia":[{"embeddable":true,"href":"http:\/\/dev8.screenup.com\/de\/wp-json\/wp\/v2\/media\/5482"}],"wp:attachment":[{"href":"http:\/\/dev8.screenup.com\/de\/wp-json\/wp\/v2\/media?parent=5481"}],"wp:term":[{"taxonomy":"product_brand","embeddable":true,"href":"http:\/\/dev8.screenup.com\/de\/wp-json\/wp\/v2\/product_brand?post=5481"},{"taxonomy":"product_cat","embeddable":true,"href":"http:\/\/dev8.screenup.com\/de\/wp-json\/wp\/v2\/product_cat?post=5481"},{"taxonomy":"product_tag","embeddable":true,"href":"http:\/\/dev8.screenup.com\/de\/wp-json\/wp\/v2\/product_tag?post=5481"}],"curies":[{"name":"wp","href":"https:\/\/api.w.org\/{rel}","templated":true}]}}