{"id":6151,"date":"2025-12-24T16:10:46","date_gmt":"2025-12-24T15:10:46","guid":{"rendered":"https:\/\/dev8.screenup.com\/produit\/chemise-hawaienne-rjc-big-blue\/"},"modified":"2026-04-09T02:04:30","modified_gmt":"2026-04-09T00:04:30","slug":"rjc-grosses-blaues-hawaii-hemd","status":"publish","type":"product","link":"http:\/\/dev8.screenup.com\/de\/produkt\/rjc-grosses-blaues-hawaii-hemd","title":{"rendered":"RJC GRO\u00dfES BLAUES HAWAII-HEMD"},"content":{"rendered":"<p>Cette chemise import Hawaii nous vient des ateliers RJC \u00e0 Honolulu, \u00e0 quelques m\u00e8tres de la plage de Waikiki.\u00a0 Construite en coton, elle est solide, durable et n&#8217;a pas besoin d&#8217;\u00eatre repass\u00e9e. Son motif \u00e0 base de plantes tropicales vous invite vers le grand bleu<\/p>\n<p>Elle est id\u00e9ale, pour une soir\u00e9e sur la plage, un cocktail, un mariage cool, pour conduire un Roadster, une voiture Am\u00e9ricaine des fifties. Elle l&#8217;est aussi tout simplement pour afficher un style certain vintage, d\u00e9contract\u00e9 et classe.\u00a0<\/p>\n<p>Cette chemise 100% coton est durable, solide, les couleurs tiennent, surtout vous pouvez \u00e9viter le repassage \ud83d\ude09<\/p>\n<p>Nous distribuons cette marque depuis des ann\u00e9es et nous vous garantissons une qualit\u00e9 haut de gamme.<\/p>\n<p>Vous noterez les boutons en v\u00e9ritable cocotier. Egalement et cela est une caract\u00e9ristique des v\u00e9ritables chemises Hawaiienne, le motif de la pochette respecte le design original, il n&#8217;y pas de rupture, elles sont cousues bord \u00e0 bord jusqu&#8217;\u00e0 disparaitre dans le design.<\/p>\n<p>Bien sur l&#8217;\u00e9tiquette au col certifie son origine.<\/p>\n<p>Chez nous, vous ne trouverez aucune chemise produite en Asie. Nous restons logique \u00e0 notre cahier des charges, \u00e0 notre identit\u00e9 et \u00e0 notre mission. Nous sommes fier de travailler avec ces iles et avec des entreprises respectant les ouvriers ainsi que les conditions de travail<\/p>\n<h4><strong>RJC HAWAII<\/strong><\/h4>\n<p>Robert J Clancey est\u00a0 un des pionniers dans la conception des chemises Hawaiiennes. Cette compagnie cr\u00e9e en 1953 appartient toujours \u00e0 la famille.<\/p>\n\n<p id=\"block-XsCkWM2Lp5\" class=\"wp-block-nectar-blocks-text nectar-blocks-text\"><\/p>\n\n<p id=\"block-WjmXnQUhDp\" class=\"wp-block-nectar-blocks-text nectar-blocks-text\"><strong>TAILLES<\/strong><\/p>\n\n<p id=\"block-puqAFV3lYZ\" class=\"wp-block-nectar-blocks-text nectar-blocks-text\">Attention ce sont des produits US, en g\u00e9n\u00e9ral les chemises taillent plus grand que les produits Europ\u00e9ens<\/p>\n\n<p id=\"block-RizC3S3axN\" class=\"wp-block-nectar-blocks-text nectar-blocks-text\">Vous trouverez sur ce site la grille des tailles et toutes les explications n\u00e9cessaires pour \u00e9viter de vous tromper dans votre commande.<\/p>\n","protected":false},"excerpt":{"rendered":"<p>Tauchen Sie ein in den Geist der Inseln mit diesem marineblauen Hawaii-Hemd, einem seltenen St\u00fcck, das jetzt im Angebot ist, da die Serie ausl\u00e4uft. Sein leichter und bequemer Stoff unterstreicht ein subtiles tropisches Muster, bei dem ein paar t\u00fcrkisfarbene Akzente an die ersten Reflexe der Sonne bei Tagesanbruch in einer himmlischen Landschaft erinnern.<\/p>\n","protected":false},"featured_media":6152,"template":"","meta":[],"product_brand":[],"product_cat":[95,97],"product_tag":[],"class_list":{"0":"post-6151","1":"product","2":"type-product","3":"status-publish","4":"has-post-thumbnail","6":"product_cat-hawaiihemden","7":"product_cat-hawaiihemden-fuer-herren","8":"pa_genre-mann","9":"pa_taille-l","10":"pa_taille-m","11":"pa_taille-s","12":"pa_taille-xl","13":"pa_taille-xxl","14":"pa_taille-xxxl","16":"first","17":"instock","18":"sale","19":"taxable","20":"shipping-taxable","21":"purchasable","22":"product-type-variable"},"_links":{"self":[{"href":"http:\/\/dev8.screenup.com\/de\/wp-json\/wp\/v2\/product\/6151","targetHints":{"allow":["GET"]}}],"collection":[{"href":"http:\/\/dev8.screenup.com\/de\/wp-json\/wp\/v2\/product"}],"about":[{"href":"http:\/\/dev8.screenup.com\/de\/wp-json\/wp\/v2\/types\/product"}],"wp:featuredmedia":[{"embeddable":true,"href":"http:\/\/dev8.screenup.com\/de\/wp-json\/wp\/v2\/media\/6152"}],"wp:attachment":[{"href":"http:\/\/dev8.screenup.com\/de\/wp-json\/wp\/v2\/media?parent=6151"}],"wp:term":[{"taxonomy":"product_brand","embeddable":true,"href":"http:\/\/dev8.screenup.com\/de\/wp-json\/wp\/v2\/product_brand?post=6151"},{"taxonomy":"product_cat","embeddable":true,"href":"http:\/\/dev8.screenup.com\/de\/wp-json\/wp\/v2\/product_cat?post=6151"},{"taxonomy":"product_tag","embeddable":true,"href":"http:\/\/dev8.screenup.com\/de\/wp-json\/wp\/v2\/product_tag?post=6151"}],"curies":[{"name":"wp","href":"https:\/\/api.w.org\/{rel}","templated":true}]}}