{"id":6551,"date":"2025-12-24T16:10:24","date_gmt":"2025-12-24T15:10:24","guid":{"rendered":"https:\/\/dev8.screenup.com\/produit\/chemise-hawaiienne-aloha-republic-tiki-bar\/"},"modified":"2026-04-09T02:03:10","modified_gmt":"2026-04-09T00:03:10","slug":"hawaiiisches-aloha-republic-tiki-bar-shirt","status":"publish","type":"product","link":"http:\/\/dev8.screenup.com\/de\/produkt\/hawaiiisches-aloha-republic-tiki-bar-shirt","title":{"rendered":"HAWAIIISCHES ALOHA REPUBLIC TIKI BAR SHIRT"},"content":{"rendered":"\nCette chemise hawaiienne Tiki Bar nous vient des ateliers ALOHA REPUBIC \u00e0 Honolulu. Avec son motif \u00e0 base de bouteilles de bi\u00e8res Hawaiienne, c&#8217;est une de nos chemise les plus festives. C&#8217;est \u00e9galement un de nos produits le plus souvent offert par nos client \u00e0 leurs amis.\n\nElle est id\u00e9ale, pour une soir\u00e9e sur la plage, un cocktail, un mariage cool, pour conduire un Roadster, une voiture Am\u00e9ricaine des fifties, ou tout simplement pour afficher un style certain vintage, d\u00e9contract\u00e9 et classe.\u00a0\n\nCette chemise 100% coton est durable. Nous distribuons cette marque depuis des ann\u00e9es et nous vous garantir une top qualit\u00e9 US.\n\nVous noterez les boutons en v\u00e9ritable cocotier. Egalement et cela est une caract\u00e9ristique des v\u00e9ritables chemises Hawaiienne, le motif de la pochette respecte le design original, il n&#8217;y pas de rupture, elles sont cousues bord \u00e0 bord jusqu&#8217;\u00e0 disparaitre dans le design.\n\nBien sur l&#8217;\u00e9tiquette au col certifie son origine.\n\nChez nous, vous ne trouverez aucune chemise produite en Asie, nous restons logique \u00e0 notre cahier des charges, \u00e0 notre identit\u00e9 et \u00e0 notre mission. Nous sommes fier de travailler avec ces iles et avec des entreprises respectant les ouvriers ainsi que les conditions de travail\n<h4><strong>ALOHA REPUBLIC<\/strong>\u00a0<\/h4>\nProduit des v\u00eatements de qualit\u00e9 depuis 1983 et compte aujourd&#8217;hui parmi les leader des Aloha shirt sur ces iles. Cette collection incarne le mode des vie des \u00eeles hawaiiennes.\n","protected":false},"excerpt":{"rendered":"<p>Dieses hawaiianische Tiki-Bar-Baumwollhemd von Aloha Republic ist einer unserer Bestseller. Aus Baumwolle gefertigt, ist es perfekt f\u00fcr die Festlichsten unter Ihnen. Es ist ein ideales Geschenk. Es richtet sich an alle, die sich voll und ganz f\u00fcr Bierliebhaber interessieren.<\/p>\n","protected":false},"featured_media":6552,"template":"","meta":[],"product_brand":[],"product_cat":[95,97],"product_tag":[],"class_list":{"0":"post-6551","1":"product","2":"type-product","3":"status-publish","4":"has-post-thumbnail","6":"product_cat-hawaiihemden","7":"product_cat-hawaiihemden-fuer-herren","8":"pa_genre-mann","9":"pa_taille-l","10":"pa_taille-m","11":"pa_taille-s","12":"pa_taille-xl","13":"pa_taille-xxl","14":"pa_taille-xxxl","16":"first","17":"instock","18":"taxable","19":"shipping-taxable","20":"purchasable","21":"product-type-variable"},"_links":{"self":[{"href":"http:\/\/dev8.screenup.com\/de\/wp-json\/wp\/v2\/product\/6551","targetHints":{"allow":["GET"]}}],"collection":[{"href":"http:\/\/dev8.screenup.com\/de\/wp-json\/wp\/v2\/product"}],"about":[{"href":"http:\/\/dev8.screenup.com\/de\/wp-json\/wp\/v2\/types\/product"}],"wp:featuredmedia":[{"embeddable":true,"href":"http:\/\/dev8.screenup.com\/de\/wp-json\/wp\/v2\/media\/6552"}],"wp:attachment":[{"href":"http:\/\/dev8.screenup.com\/de\/wp-json\/wp\/v2\/media?parent=6551"}],"wp:term":[{"taxonomy":"product_brand","embeddable":true,"href":"http:\/\/dev8.screenup.com\/de\/wp-json\/wp\/v2\/product_brand?post=6551"},{"taxonomy":"product_cat","embeddable":true,"href":"http:\/\/dev8.screenup.com\/de\/wp-json\/wp\/v2\/product_cat?post=6551"},{"taxonomy":"product_tag","embeddable":true,"href":"http:\/\/dev8.screenup.com\/de\/wp-json\/wp\/v2\/product_tag?post=6551"}],"curies":[{"name":"wp","href":"https:\/\/api.w.org\/{rel}","templated":true}]}}