{"id":6683,"date":"2025-12-24T16:10:24","date_gmt":"2025-12-24T15:10:24","guid":{"rendered":"https:\/\/dev8.screenup.com\/produit\/chemise-hawaienne-aloha-republic-pirogue-olive\/"},"modified":"2026-04-09T02:03:29","modified_gmt":"2026-04-09T00:03:29","slug":"hawaiianisches-aloha-republic-pirogue-hemd-olive","status":"publish","type":"product","link":"http:\/\/dev8.screenup.com\/de\/produkt\/hawaiianisches-aloha-republic-pirogue-hemd-olive","title":{"rendered":"HAWAIIANISCHES ALOHA REPUBLIC PIROGUE HEMD OLIVE"},"content":{"rendered":"<p>Cette Chemise hawaiienne pirogue olive, import\u00e9e\u00a0 a \u00e9t\u00e9 fabriqu\u00e9e par les ateliers ALOHA REPUBIC \u00e0 Honolulu.\u00a0 Avec ses motifs \u00e0 base de pirogue, de palmiers et d&#8217;iles elle est \u00e0 la fois traditionnelle, facile \u00e0 porter et Polyn\u00e9sienne.<\/p>\n<p>Elle est id\u00e9ale, pour une soir\u00e9e sur la plage, un cocktail, un mariage cool, pour conduire un Roadster, une voiture Am\u00e9ricaine des fifties, ou tout simplement pour afficher un style certain vintage, d\u00e9contract\u00e9 et classe.\u00a0<\/p>\n<p>Cette chemise 100% coton est durable. Nous distribuons cette marque depuis des ann\u00e9es et nous\u00a0 vous garantissons une top qualit\u00e9.<\/p>\n<p>Vous noterez les boutons en v\u00e9ritable cocotier. Egalement et cela est une caract\u00e9ristique des v\u00e9ritables chemises Hawaiienne, le motif de la pochette respecte le design original, il n&#8217;y pas de rupture, elles sont cousues bord \u00e0 bord jusqu&#8217;\u00e0 disparaitre dans le design.<\/p>\n<p>Bien sur l&#8217;\u00e9tiquette au col certifie son origine.<\/p>\n<p>Chez nous, vous ne trouverez aucune chemise produite en Asie, nous restons logique \u00e0 notre cahier des charges, \u00e0 notre identit\u00e9 et \u00e0 notre mission. Nous sommes fier de travailler avec ces iles et avec des entreprises respectant les ouvriers ainsi que les conditions de travail<\/p>\n<h4><strong>ALOHA REPUBLIC<\/strong>\u00a0<\/h4>\n<p>Produit des v\u00eatements de qualit\u00e9 depuis 1983 et compte aujourd&#8217;hui parmi les leader des Aloha shirt sur ces iles. Cette collection incarne le mode des vie des \u00eeles hawaiiennes.<\/p>\n\n<p id=\"block-7zXGspSM9p\" class=\"wp-block-nectar-blocks-text nectar-blocks-text\"><\/p>\n\n<p id=\"block-GIx0yN8vLl\" class=\"wp-block-nectar-blocks-text nectar-blocks-text\"><strong>TAILLES<\/strong><\/p>\n\n<p id=\"block-LsBsdwln5N\" class=\"wp-block-nectar-blocks-text nectar-blocks-text\">Attention ce sont des produits US, en g\u00e9n\u00e9ral les chemises taillent plus grand que les produits Europ\u00e9ens<\/p>\n\n<p id=\"block-Lr4Zww9nvF\" class=\"wp-block-nectar-blocks-text nectar-blocks-text\">Vous trouverez sur ce site la grille des tailles et toutes les explications n\u00e9cessaires pour \u00e9viter de vous tromper dans votre commande.<\/p>\n","protected":false},"excerpt":{"rendered":"<p>Bringen Sie mit diesem einzigartigen Hawaiihemd einen Hauch von Flucht in Ihre Garderobe. Auf einer Basis aus warmen Oliv-, Orange- und Khaki-T\u00f6nen erinnert sein Druck an tropische Inseln und auf dem Wasser gleitende Kanus \u2013 ein Stil, der sowohl exotisch als auch l\u00e4ssig ist. G\u00f6nnen Sie sich etwas, bevor dieses Ende der Serie verschwindet<\/p>\n","protected":false},"featured_media":6684,"template":"","meta":[],"product_brand":[],"product_cat":[95,97],"product_tag":[],"class_list":{"0":"post-6683","1":"product","2":"type-product","3":"status-publish","4":"has-post-thumbnail","6":"product_cat-hawaiihemden","7":"product_cat-hawaiihemden-fuer-herren","8":"pa_genre-mann","9":"pa_taille-l","10":"pa_taille-m","11":"pa_taille-s","12":"pa_taille-xl","13":"pa_taille-xxl","14":"pa_taille-xxxl","16":"first","17":"outofstock","18":"sale","19":"taxable","20":"shipping-taxable","21":"purchasable","22":"product-type-variable"},"_links":{"self":[{"href":"http:\/\/dev8.screenup.com\/de\/wp-json\/wp\/v2\/product\/6683","targetHints":{"allow":["GET"]}}],"collection":[{"href":"http:\/\/dev8.screenup.com\/de\/wp-json\/wp\/v2\/product"}],"about":[{"href":"http:\/\/dev8.screenup.com\/de\/wp-json\/wp\/v2\/types\/product"}],"wp:featuredmedia":[{"embeddable":true,"href":"http:\/\/dev8.screenup.com\/de\/wp-json\/wp\/v2\/media\/6684"}],"wp:attachment":[{"href":"http:\/\/dev8.screenup.com\/de\/wp-json\/wp\/v2\/media?parent=6683"}],"wp:term":[{"taxonomy":"product_brand","embeddable":true,"href":"http:\/\/dev8.screenup.com\/de\/wp-json\/wp\/v2\/product_brand?post=6683"},{"taxonomy":"product_cat","embeddable":true,"href":"http:\/\/dev8.screenup.com\/de\/wp-json\/wp\/v2\/product_cat?post=6683"},{"taxonomy":"product_tag","embeddable":true,"href":"http:\/\/dev8.screenup.com\/de\/wp-json\/wp\/v2\/product_tag?post=6683"}],"curies":[{"name":"wp","href":"https:\/\/api.w.org\/{rel}","templated":true}]}}