{"id":7295,"date":"2025-12-24T15:19:37","date_gmt":"2025-12-24T14:19:37","guid":{"rendered":"https:\/\/dev8.screenup.com\/produit\/plaque-metal-decorative-chopper-parking\/"},"modified":"2026-04-09T02:06:45","modified_gmt":"2026-04-09T00:06:45","slug":"dekoratives-metallschild-chopper-parking","status":"publish","type":"product","link":"http:\/\/dev8.screenup.com\/de\/produkt\/dekoratives-metallschild-chopper-parking","title":{"rendered":"DEKORATIVES METALLSCHILD CHOPPER PARKING"},"content":{"rendered":"\n<p>made in USA<\/p>\n\n<p>En aluminium que l on peut fixer \u00e0 l&#8217;ext\u00e9rieur (r\u00e9siste au soleil, \u00e0 la pluie, au froid).<\/p>\n\n<p>Ces mod\u00e8les seront sous peu collectors.<\/p>\n\n<p>La soci\u00e9t\u00e9 US qui nous les fabriquait en Californie a cess\u00e9 son activit\u00e9.<\/p>\n\n<p>Le gouvernement Am\u00e9ricain ayant lourdement tax\u00e9 l&#8217;alu import\u00e9.<\/p>\n\n<p>Celui made in USA \u00e9tant, lui, trop cher pour produire des plaques de d\u00e9co.<\/p>\n\n<p>Il ne nous reste donc comme source d&#8217;approvisionnement pour l&#8217;avenir que les plaques acier made in china, pour usage int\u00e9rieur et d&#8217;une qualit\u00e9 nettement inf\u00e9rieure.<\/p>\n\n<p>Ces plaques US sont donc devenues des objets de collection.<\/p>\n","protected":false},"excerpt":{"rendered":"<p>Dekorative Metallplakette f\u00fcr Motorrad-Chopper, hergestellt in den USA, 20 x 30 cm<\/p>\n","protected":false},"featured_media":7296,"template":"","meta":[],"product_brand":[],"product_cat":[123,94],"product_tag":[],"class_list":{"0":"post-7295","1":"product","2":"type-product","3":"status-publish","4":"has-post-thumbnail","6":"product_cat-dekorative-metallschilder","7":"product_cat-leckereien","9":"first","10":"instock","11":"sale","12":"taxable","13":"shipping-taxable","14":"purchasable","15":"product-type-simple"},"_links":{"self":[{"href":"http:\/\/dev8.screenup.com\/de\/wp-json\/wp\/v2\/product\/7295","targetHints":{"allow":["GET"]}}],"collection":[{"href":"http:\/\/dev8.screenup.com\/de\/wp-json\/wp\/v2\/product"}],"about":[{"href":"http:\/\/dev8.screenup.com\/de\/wp-json\/wp\/v2\/types\/product"}],"wp:featuredmedia":[{"embeddable":true,"href":"http:\/\/dev8.screenup.com\/de\/wp-json\/wp\/v2\/media\/7296"}],"wp:attachment":[{"href":"http:\/\/dev8.screenup.com\/de\/wp-json\/wp\/v2\/media?parent=7295"}],"wp:term":[{"taxonomy":"product_brand","embeddable":true,"href":"http:\/\/dev8.screenup.com\/de\/wp-json\/wp\/v2\/product_brand?post=7295"},{"taxonomy":"product_cat","embeddable":true,"href":"http:\/\/dev8.screenup.com\/de\/wp-json\/wp\/v2\/product_cat?post=7295"},{"taxonomy":"product_tag","embeddable":true,"href":"http:\/\/dev8.screenup.com\/de\/wp-json\/wp\/v2\/product_tag?post=7295"}],"curies":[{"name":"wp","href":"https:\/\/api.w.org\/{rel}","templated":true}]}}