{"id":4985,"date":"2025-12-24T16:11:06","date_gmt":"2025-12-24T15:11:06","guid":{"rendered":"https:\/\/dev8.screenup.com\/produit\/chemise-hawaienne-rjc-tropic-noir\/"},"modified":"2026-04-09T02:19:37","modified_gmt":"2026-04-09T00:19:37","slug":"rjc-tropic-black-hawaiian-shirt","status":"publish","type":"product","link":"http:\/\/dev8.screenup.com\/en\/product\/rjc-tropic-black-hawaiian-shirt","title":{"rendered":"RJC TROPIC BLACK HAWAIIAN SHIRT"},"content":{"rendered":"\n<p>100% coton, elle est durable, solide, les couleurs tiennent, surtout vous pouvez \u00e9viter le repassage  <br \/>Nous distribuons cette marque depuis des ann\u00e9es et nous vous garantissons une qualit\u00e9 haut de gamme.<br \/>Vous noterez les boutons en v\u00e9ritable cocotier. Egalement et cela est une caract\u00e9ristique des v\u00e9ritables chemises Hawaiienne, le motif de la pochette respecte le design original, il n\u2019y pas de rupture, elles sont cousues bord \u00e0 bord jusqu\u2019\u00e0 disparaitre dans le design.<br \/>Bien sur l\u2019\u00e9tiquette au col certifie son origine.<br \/>Chez nous, vous ne trouverez aucune chemise produite en Asie. Nous restons logique \u00e0 notre cahier des charges, \u00e0 notre identit\u00e9 et \u00e0 notre mission. Nous sommes fier de travailler avec ces iles et avec des entreprises respectant les ouvriers ainsi que les conditions de travail<\/p>\n\n<p><strong>RJC HAWAII<\/strong><br \/>Robert J Clancey est\u00a0 un des pionniers dans la conception des chemises Hawaiiennes. Cette compagnie cr\u00e9e en 1953 appartient toujours \u00e0 la famille.<\/p>\n\n<p id=\"block-4PfcK6xeSy\" class=\"wp-block-nectar-blocks-text nectar-blocks-text\">TAILLES<\/p>\n\n<p id=\"block-lbNnjsDNvd\" class=\"wp-block-nectar-blocks-text nectar-blocks-text\">Attention ce sont des produits US, en g\u00e9n\u00e9ral les chemises taillent plus grand que les produits Europ\u00e9ens<\/p>\n\n<p id=\"block-mFMuTuveEh\" class=\"wp-block-nectar-blocks-text nectar-blocks-text\">Vous trouverez sur ce site la grille des tailles et toutes les explications n\u00e9cessaires pour \u00e9viter de vous tromper dans votre commande.<\/p>\n","protected":false},"excerpt":{"rendered":"<p>This Aloha shirt comes to us from the RJC workshops in Honolulu, a few meters from Waikiki beach. RJC was founded in 1953, it is still a family business, it couldn&#8217;t be more authentic. This vintage style, very colorful shirt is sure to make a splash at any event.<\/p>\n","protected":false},"featured_media":4986,"template":"","meta":[],"product_brand":[],"product_cat":[78,77],"product_tag":[],"class_list":{"0":"post-4985","1":"product","2":"type-product","3":"status-publish","4":"has-post-thumbnail","6":"product_cat-hawaiian-shirts","7":"product_cat-mens-hawaiian-shirts","8":"pa_genre-men","9":"pa_taille-l","10":"pa_taille-m","11":"pa_taille-s","12":"pa_taille-xl","13":"pa_taille-xxl","14":"pa_taille-xxxl","16":"first","17":"instock","18":"taxable","19":"shipping-taxable","20":"purchasable","21":"product-type-variable"},"_links":{"self":[{"href":"http:\/\/dev8.screenup.com\/en\/wp-json\/wp\/v2\/product\/4985","targetHints":{"allow":["GET"]}}],"collection":[{"href":"http:\/\/dev8.screenup.com\/en\/wp-json\/wp\/v2\/product"}],"about":[{"href":"http:\/\/dev8.screenup.com\/en\/wp-json\/wp\/v2\/types\/product"}],"wp:featuredmedia":[{"embeddable":true,"href":"http:\/\/dev8.screenup.com\/en\/wp-json\/wp\/v2\/media\/4986"}],"wp:attachment":[{"href":"http:\/\/dev8.screenup.com\/en\/wp-json\/wp\/v2\/media?parent=4985"}],"wp:term":[{"taxonomy":"product_brand","embeddable":true,"href":"http:\/\/dev8.screenup.com\/en\/wp-json\/wp\/v2\/product_brand?post=4985"},{"taxonomy":"product_cat","embeddable":true,"href":"http:\/\/dev8.screenup.com\/en\/wp-json\/wp\/v2\/product_cat?post=4985"},{"taxonomy":"product_tag","embeddable":true,"href":"http:\/\/dev8.screenup.com\/en\/wp-json\/wp\/v2\/product_tag?post=4985"}],"curies":[{"name":"wp","href":"https:\/\/api.w.org\/{rel}","templated":true}]}}