{"id":5489,"date":"2025-12-24T16:10:58","date_gmt":"2025-12-24T15:10:58","guid":{"rendered":"https:\/\/dev8.screenup.com\/produit\/chemise-hawaienne-two-palms-vintage-plumeria-navy\/"},"modified":"2026-04-09T02:15:16","modified_gmt":"2026-04-09T00:15:16","slug":"two-palms-vintage-plumeria-navy-hawaiian-shirt","status":"publish","type":"product","link":"http:\/\/dev8.screenup.com\/en\/product\/two-palms-vintage-plumeria-navy-hawaiian-shirt","title":{"rendered":"TWO PALMS VINTAGE PLUMERIA NAVY HAWAIIAN SHIRT"},"content":{"rendered":"\n<p>Cette Chemise Hawaii\u00a0 nous vient des ateliers TWO PALMS \u00e0 Honolulu, \u00e0 quelques m\u00e8tres de la plage de Waikiki.\u00a0 Construite en coton, elle est solide, durable et n&#8217;a pas besoin d&#8217;\u00eatre repass\u00e9e. Cette chemise avec son motif tr\u00e8s travaill\u00e9, est sans aucun doute une de nos plus belle chemise et certainement un des plus originales.<\/p>\n\n<p>Elle est id\u00e9ale, pour une soir\u00e9e sur la plage, un cocktail, un mariage cool, pour conduire un Roadster, une voiture Am\u00e9ricaine des fifties. Elle l&#8217;est aussi tout simplement pour afficher un style certain vintage, d\u00e9contract\u00e9 et classe.\u00a0<\/p>\n\n<p>Cette chemise 100% coton est durable, solide, les couleurs tiennent, surtout vous pouvez \u00e9viter le repassage \ud83d\ude09<\/p>\n\n<p>Nous distribuons cette marque depuis des ann\u00e9es et nous pouvons vous garantir une qualit\u00e9 haut de gamme.<\/p>\n\n<p>Vous noterez les boutons en v\u00e9ritable cocotier. Egalement et cela est une caract\u00e9ristique des v\u00e9ritables chemises Hawaiienne, le motif de la pochette cousu bord \u00e0 bord jusqu&#8217;\u00e0 disparaitre dans le design respecte le design original, il n&#8217;y pas de rupture.<\/p>\n\n<p>Bien sur l&#8217;\u00e9tiquette au col certifie son origine.<\/p>\n\n<p>Chez nous, vous ne trouverez aucune chemise produite en Asie. Nous restons logique \u00e0 notre cahier des charges, \u00e0 notre identit\u00e9 et \u00e0 notre mission. Nous sommes fier de travailler avec ces iles et avec des entreprises respectant les ouvriers ainsi que les conditions de travail<\/p>\n\n<p>Cette chemise de l&#8217;entreprise familiale TWO PALMS, nous vient d&#8217;Honolulu \u00e0 deux pas de la c\u00e9l\u00e8bre plage de Waikiki. Elle conviendra aux amateurs de chemises color\u00e9es et originales. il s&#8217;agit d&#8217;un tissus 100% coton solide et durable. Bien s\u00fbr les boutons sont comme il se doit en cocotier et la pochette cousue sur la chemise respecte le design de cette derni\u00e8re.<\/p>\n\n<p id=\"block-FTPeVuk2GL\" class=\"wp-block-nectar-blocks-text nectar-blocks-text\"><strong>TWO PALMS<\/strong><\/p>\n\n<p id=\"block-XbbZwSFZbE\" class=\"wp-block-nectar-blocks-text nectar-blocks-text\">Est une entreprise bas\u00e9e sur l\u2019\u00efle d\u2019Oahu depuis 1993. Leur objectif est de maintenir une production locale mais \u00e9galement les traditions, le style Kama\u2019A\u00efna et les modes de l\u2019\u00eele vivantes. Ces chemises sont 100% coton, bouton cocotier.<\/p>\n\n<p id=\"block-ltttemLCbn\" class=\"wp-block-nectar-blocks-text nectar-blocks-text\"><strong>TAILLES<\/strong><\/p>\n\n<p id=\"block-m07VwlAriC\" class=\"wp-block-nectar-blocks-text nectar-blocks-text\">Attention ce sont des produits US, en g\u00e9n\u00e9ral les chemises taillent plus grand que les produits Europ\u00e9ens<\/p>\n\n<p id=\"block-WyD9emdcD1\" class=\"wp-block-nectar-blocks-text nectar-blocks-text\">Vous trouverez sur ce site la grille des tailles et toutes les explications n\u00e9cessaires pour \u00e9viter de vous tromper dans votre commande.<\/p>\n\n<p id=\"block-vxZdU0ePWC\" class=\"wp-block-nectar-blocks-text nectar-blocks-text\"><\/p>\n","protected":false},"excerpt":{"rendered":"<p>This authentic Hawaiian shirt from the Two Palms brand imported by SURFPISTOLS, 100% cotton, made in Honolulu, with its vertical lei print of tiare and hibiscus flowers on a navy background, is both festive and elegant. Immerse yourself in the tropical world with the PLUMERIA NAVY Hawaiian shirt. This short-sleeved shirt instantly transports you to heavenly beaches<\/p>\n","protected":false},"featured_media":5490,"template":"","meta":[],"product_brand":[],"product_cat":[78,77],"product_tag":[],"class_list":{"0":"post-5489","1":"product","2":"type-product","3":"status-publish","4":"has-post-thumbnail","6":"product_cat-hawaiian-shirts","7":"product_cat-mens-hawaiian-shirts","8":"pa_genre-men","9":"pa_taille-l","10":"pa_taille-m","11":"pa_taille-s","12":"pa_taille-xl","13":"pa_taille-xxl","14":"pa_taille-xxxl","16":"first","17":"instock","18":"taxable","19":"shipping-taxable","20":"purchasable","21":"product-type-variable"},"_links":{"self":[{"href":"http:\/\/dev8.screenup.com\/en\/wp-json\/wp\/v2\/product\/5489","targetHints":{"allow":["GET"]}}],"collection":[{"href":"http:\/\/dev8.screenup.com\/en\/wp-json\/wp\/v2\/product"}],"about":[{"href":"http:\/\/dev8.screenup.com\/en\/wp-json\/wp\/v2\/types\/product"}],"wp:featuredmedia":[{"embeddable":true,"href":"http:\/\/dev8.screenup.com\/en\/wp-json\/wp\/v2\/media\/5490"}],"wp:attachment":[{"href":"http:\/\/dev8.screenup.com\/en\/wp-json\/wp\/v2\/media?parent=5489"}],"wp:term":[{"taxonomy":"product_brand","embeddable":true,"href":"http:\/\/dev8.screenup.com\/en\/wp-json\/wp\/v2\/product_brand?post=5489"},{"taxonomy":"product_cat","embeddable":true,"href":"http:\/\/dev8.screenup.com\/en\/wp-json\/wp\/v2\/product_cat?post=5489"},{"taxonomy":"product_tag","embeddable":true,"href":"http:\/\/dev8.screenup.com\/en\/wp-json\/wp\/v2\/product_tag?post=5489"}],"curies":[{"name":"wp","href":"https:\/\/api.w.org\/{rel}","templated":true}]}}