{"id":5587,"date":"2025-12-24T16:10:54","date_gmt":"2025-12-24T15:10:54","guid":{"rendered":"https:\/\/dev8.screenup.com\/produit\/chemise-hawaienne-two-palms-monstera-orchid-red\/"},"modified":"2026-04-09T02:11:45","modified_gmt":"2026-04-09T00:11:45","slug":"hawaiian-shirt-two-palms-monstera-orchid-red","status":"publish","type":"product","link":"http:\/\/dev8.screenup.com\/en\/product\/hawaiian-shirt-two-palms-monstera-orchid-red","title":{"rendered":"HAWAIIAN SHIRT TWO PALMS MONSTERA ORCHID RED"},"content":{"rendered":"<p>Cette chemise HAWAIIENNE\u00a0 nous vient des ateliers Two palms \u00e0 Honolulu.\u00a0 Son design\u00a0 constitu\u00e9 de fleurs tropicales, sur fond marine s&#8217;inscrit v\u00e9ritablement dans l&#8217;esprit des iles.<\/p>\n<p>Elle est id\u00e9ale, pour une soir\u00e9e sur la plage, un cocktail, un mariage cool, pour conduire un Roadster, une voiture Am\u00e9ricaine des fifties. Elle l&#8217;est aussi tout simplement pour afficher un style certain vintage, d\u00e9contract\u00e9 et classe.\u00a0<\/p>\n<p>Cette chemise 100% coton est durable. Nous distribuons cette marque depuis des ann\u00e9es et nous vous garantissons une qualit\u00e9 haut de gamme.<\/p>\n<p>Vous noterez les boutons en v\u00e9ritable cocotier. Egalement et cela est une caract\u00e9ristique des v\u00e9ritables chemises Hawaiienne, le motif de la pochette respecte le design original, il n&#8217;y pas de rupture, elles sont cousues bord \u00e0 bord jusqu&#8217;\u00e0 disparaitre dans le design.<\/p>\n<p>Bien sur l&#8217;\u00e9tiquette au col certifie son origine.<\/p>\n<p>Chez nous, vous ne trouverez aucune chemise produite en Asie. Nous restons logique \u00e0 notre cahier des charges, \u00e0 notre identit\u00e9 et \u00e0 notre mission. Nous sommes fier de travailler avec ces iles et avec des entreprises respectant les ouvriers ainsi que les conditions de travail<\/p>\n<h4>\u00a0TWO PALMS<\/h4>\n<p>Est une entreprise bas\u00e9e sur l&#8217;\u00efle d&#8217;Oahu depuis 1993. Leur objectif est de maintenir une production locale mais \u00e9galement les traditions, le style Kama&#8217;A\u00efna et les modes de l&#8217;\u00eele vivantes. Ces chemises sont 100% coton, bouton cocotier.<\/p>\n\n<p id=\"block-zCEthYQ2VA\" class=\"wp-block-nectar-blocks-text nectar-blocks-text\"><\/p>\n\n<p id=\"block-3W5jeyx9Fy\" class=\"wp-block-nectar-blocks-text nectar-blocks-text\"><strong>TAILLES<\/strong><\/p>\n\n<p id=\"block-zieBGElWYI\" class=\"wp-block-nectar-blocks-text nectar-blocks-text\">Attention ce sont des produits US, en g\u00e9n\u00e9ral les chemises taillent plus grand que les produits Europ\u00e9ens<\/p>\n\n<p id=\"block-2GZToTLA4g\" class=\"wp-block-nectar-blocks-text nectar-blocks-text\">Vous trouverez sur ce site la grille des tailles et toutes les explications n\u00e9cessaires pour \u00e9viter de vous tromper dans votre commande.<\/p>\n","protected":false},"excerpt":{"rendered":"<p>This authentic Hawaiian shirt in cotton from the Two Palm brand (Honolulu), printed with hibiscus flowers on a red background, is a shirt to wear for any occasion. By donning one of these beautiful Hawaiian shirts, you will take all the beauty and charm of the tropical islands with you wherever you go.<\/p>\n","protected":false},"featured_media":5588,"template":"","meta":[],"product_brand":[],"product_cat":[78,77],"product_tag":[],"class_list":{"0":"post-5587","1":"product","2":"type-product","3":"status-publish","4":"has-post-thumbnail","6":"product_cat-hawaiian-shirts","7":"product_cat-mens-hawaiian-shirts","8":"pa_genre-men","9":"pa_taille-l","10":"pa_taille-m","11":"pa_taille-s","12":"pa_taille-xl","13":"pa_taille-xxl","14":"pa_taille-xxxl","16":"first","17":"instock","18":"taxable","19":"shipping-taxable","20":"purchasable","21":"product-type-variable"},"_links":{"self":[{"href":"http:\/\/dev8.screenup.com\/en\/wp-json\/wp\/v2\/product\/5587","targetHints":{"allow":["GET"]}}],"collection":[{"href":"http:\/\/dev8.screenup.com\/en\/wp-json\/wp\/v2\/product"}],"about":[{"href":"http:\/\/dev8.screenup.com\/en\/wp-json\/wp\/v2\/types\/product"}],"wp:featuredmedia":[{"embeddable":true,"href":"http:\/\/dev8.screenup.com\/en\/wp-json\/wp\/v2\/media\/5588"}],"wp:attachment":[{"href":"http:\/\/dev8.screenup.com\/en\/wp-json\/wp\/v2\/media?parent=5587"}],"wp:term":[{"taxonomy":"product_brand","embeddable":true,"href":"http:\/\/dev8.screenup.com\/en\/wp-json\/wp\/v2\/product_brand?post=5587"},{"taxonomy":"product_cat","embeddable":true,"href":"http:\/\/dev8.screenup.com\/en\/wp-json\/wp\/v2\/product_cat?post=5587"},{"taxonomy":"product_tag","embeddable":true,"href":"http:\/\/dev8.screenup.com\/en\/wp-json\/wp\/v2\/product_tag?post=5587"}],"curies":[{"name":"wp","href":"https:\/\/api.w.org\/{rel}","templated":true}]}}