{"id":6029,"date":"2025-12-24T16:10:50","date_gmt":"2025-12-24T15:10:50","guid":{"rendered":"https:\/\/dev8.screenup.com\/produit\/chemise-hawaiienne-aloha-republic-fire\/"},"modified":"2026-04-09T02:11:38","modified_gmt":"2026-04-09T00:11:38","slug":"republic-fire-aloha-hawaiian-shirt","status":"publish","type":"product","link":"http:\/\/dev8.screenup.com\/en\/product\/republic-fire-aloha-hawaiian-shirt","title":{"rendered":"REPUBLIC FIRE ALOHA HAWAIIAN SHIRT"},"content":{"rendered":"\nCette chemise hawaiienne republic fire a \u00e9t\u00e9 con\u00e7ue dans les ateliers ALOHA REPUBIC \u00e0 Honolulu. Avec ces motifs \u00e0 base de fleurs tropicales, son rouge flamboyant, elle compte parmi nos chemises les plus originales\n\nElle est id\u00e9ale, pour une soir\u00e9e sur la plage, un cocktail, un mariage cool, pour conduire un Roadster, une voiture Am\u00e9ricaine des fifties, ou tout simplement pour afficher un style certain vintage, d\u00e9contract\u00e9 et classe.\u00a0\n\nCette chemise 100% coton est durable. Nous distribuons cette marque depuis des ann\u00e9es et nous vous garantissons\u00a0 une qualit\u00e9 irr\u00e9prochable.\n\nVous noterez les boutons en v\u00e9ritable cocotier. Egalement et cela est une caract\u00e9ristique des v\u00e9ritables chemises Hawaiienne, le motif de la pochette respecte le design original, il n&#8217;y pas de rupture, elles sont cousues bord \u00e0 bord jusqu&#8217;\u00e0 disparaitre dans le design.\n\nBien sur l&#8217;\u00e9tiquette au col certifie son origine.\n\nChez nous, vous ne trouverez aucune chemise produite en Asie, nous restons logique avec notre identit\u00e9 et notre mission. Nous sommes fier de travailler avec ces iles et avec des entreprises respectant les ouvriers ainsi que les conditions de travail\n<h4><strong>ALOHA REPUBLIC<\/strong>\u00a0<\/h4>\nProduit des v\u00eatements de qualit\u00e9 depuis 1983 et compte aujourd&#8217;hui parmi les leader des Aloha shirt sur ces iles. Cette collection incarne le mode des vie des \u00eeles hawaiiennes.\n","protected":false},"excerpt":{"rendered":"<p>This Hawaiian FIRE shirt from the Aloha R\u00e9public brand, made in Honolulu, 100% cotton, with its flamboyant print will set your evenings on fire. This flamboyant shirt will add panache to your evenings. We invite you to take advantage of the discount on this end of series.<\/p>\n","protected":false},"featured_media":6030,"template":"","meta":[],"product_brand":[],"product_cat":[78,77],"product_tag":[],"class_list":{"0":"post-6029","1":"product","2":"type-product","3":"status-publish","4":"has-post-thumbnail","6":"product_cat-hawaiian-shirts","7":"product_cat-mens-hawaiian-shirts","8":"pa_genre-men","9":"pa_taille-l","10":"pa_taille-m","11":"pa_taille-s","12":"pa_taille-xl","13":"pa_taille-xxl","14":"pa_taille-xxxl","16":"first","17":"instock","18":"sale","19":"taxable","20":"shipping-taxable","21":"purchasable","22":"product-type-variable"},"_links":{"self":[{"href":"http:\/\/dev8.screenup.com\/en\/wp-json\/wp\/v2\/product\/6029","targetHints":{"allow":["GET"]}}],"collection":[{"href":"http:\/\/dev8.screenup.com\/en\/wp-json\/wp\/v2\/product"}],"about":[{"href":"http:\/\/dev8.screenup.com\/en\/wp-json\/wp\/v2\/types\/product"}],"wp:featuredmedia":[{"embeddable":true,"href":"http:\/\/dev8.screenup.com\/en\/wp-json\/wp\/v2\/media\/6030"}],"wp:attachment":[{"href":"http:\/\/dev8.screenup.com\/en\/wp-json\/wp\/v2\/media?parent=6029"}],"wp:term":[{"taxonomy":"product_brand","embeddable":true,"href":"http:\/\/dev8.screenup.com\/en\/wp-json\/wp\/v2\/product_brand?post=6029"},{"taxonomy":"product_cat","embeddable":true,"href":"http:\/\/dev8.screenup.com\/en\/wp-json\/wp\/v2\/product_cat?post=6029"},{"taxonomy":"product_tag","embeddable":true,"href":"http:\/\/dev8.screenup.com\/en\/wp-json\/wp\/v2\/product_tag?post=6029"}],"curies":[{"name":"wp","href":"https:\/\/api.w.org\/{rel}","templated":true}]}}