{"id":6231,"date":"2025-12-24T16:10:46","date_gmt":"2025-12-24T15:10:46","guid":{"rendered":"https:\/\/dev8.screenup.com\/produit\/chemise-hawaienne-rjc-tropical-bird\/"},"modified":"2026-04-09T02:04:36","modified_gmt":"2026-04-09T00:04:36","slug":"rjc-tropical-bird-hawaiian-shirt","status":"publish","type":"product","link":"http:\/\/dev8.screenup.com\/en\/product\/rjc-tropical-bird-hawaiian-shirt","title":{"rendered":"RJC TROPICAL BIRD HAWAIIAN SHIRT"},"content":{"rendered":"<p>Cette chemise hawaiienne RJC Tropicale nous vient des ateliers RJC \u00e0 Honolulu, \u00e0 quelques m\u00e8tres de la plage de Waikiki.\u00a0 Construite en coton, elle est solide, durable et n&#8217;a pas besoin d&#8217;\u00eatre repass\u00e9e. Son motif \u00e0 base de plantes tropicales, de perroquets, de couleurs fluos et vives sur fond noir est d&#8217;une de nos chemise les plus efficace. Pour ceux qui veulent se d\u00e9marquer.<\/p>\n<p>Elle est id\u00e9ale, pour une soir\u00e9e sur la plage, un cocktail, un mariage cool, pour conduire un Roadster, une voiture Am\u00e9ricaine des fifties. Elle l&#8217;est aussi tout simplement pour afficher un style certain vintage, d\u00e9contract\u00e9 et classe.\u00a0<\/p>\n<p>Cette chemise 100% coton est durable, solide, les couleurs tiennent, surtout vous pouvez \u00e9viter le repassage \ud83d\ude09<\/p>\n<p>Nous distribuons cette marque depuis des ann\u00e9es et nous vous garantissons une qualit\u00e9 haut de gamme.<\/p>\n<p>Vous noterez les boutons en v\u00e9ritable cocotier. Egalement et cela est une caract\u00e9ristique des v\u00e9ritables chemises Hawaiienne, le motif de la pochette respecte le design original, il n&#8217;y pas de rupture, elles sont cousues bord \u00e0 bord jusqu&#8217;\u00e0 disparaitre dans le design.<\/p>\n<p>Bien sur l&#8217;\u00e9tiquette au col certifie son origine.<\/p>\n<p>Chez nous, vous ne trouverez aucune chemise produite en Asie. Nous restons logique \u00e0 notre cahier des charges, \u00e0 notre identit\u00e9 et \u00e0 notre mission. Nous sommes fier de travailler avec ces iles et avec des entreprises respectant les ouvriers ainsi que les conditions de travail<\/p>\n<h4><strong>RJC HAWAII<\/strong><\/h4>\n<p>Robert J Clancey est\u00a0 un des pionniers dans la conception des chemises Hawaiiennes. Cette compagnie cr\u00e9e en 1953 appartient toujours \u00e0 la famille.<\/p>\n\n<p id=\"block-Sj9z7wU2sP\" class=\"wp-block-nectar-blocks-text nectar-blocks-text\"><\/p>\n\n<p id=\"block-ZkFgJzfcxJ\" class=\"wp-block-nectar-blocks-text nectar-blocks-text\"><strong>TAILLES<\/strong><\/p>\n\n<p id=\"block-M7jTpPNmde\" class=\"wp-block-nectar-blocks-text nectar-blocks-text\">Attention ce sont des produits US, en g\u00e9n\u00e9ral les chemises taillent plus grand que les produits Europ\u00e9ens<\/p>\n\n<p id=\"block-yhFOyw9hlL\" class=\"wp-block-nectar-blocks-text nectar-blocks-text\">Vous trouverez sur ce site la grille des tailles et toutes les explications n\u00e9cessaires pour \u00e9viter de vous tromper dans votre commande.<\/p>\n","protected":false},"excerpt":{"rendered":"<p>Dive into the heart of an exotic atmosphere with this black Hawaiian shirt with ultra-vivid patterns. Against a deep black background, flamboyant parrots and vibrant tropical flora stand out, printed in sometimes neon shades that instantly catch the eye. Lush foliage and multicolored birds create a resolutely flashy visual, perfect for asserting a bold style.<\/p>\n","protected":false},"featured_media":6232,"template":"","meta":[],"product_brand":[],"product_cat":[78,77],"product_tag":[],"class_list":{"0":"post-6231","1":"product","2":"type-product","3":"status-publish","4":"has-post-thumbnail","6":"product_cat-hawaiian-shirts","7":"product_cat-mens-hawaiian-shirts","8":"pa_genre-men","9":"pa_taille-l","10":"pa_taille-m","11":"pa_taille-s","12":"pa_taille-xl","13":"pa_taille-xxl","14":"pa_taille-xxxl","16":"first","17":"instock","18":"taxable","19":"shipping-taxable","20":"purchasable","21":"product-type-variable"},"_links":{"self":[{"href":"http:\/\/dev8.screenup.com\/en\/wp-json\/wp\/v2\/product\/6231","targetHints":{"allow":["GET"]}}],"collection":[{"href":"http:\/\/dev8.screenup.com\/en\/wp-json\/wp\/v2\/product"}],"about":[{"href":"http:\/\/dev8.screenup.com\/en\/wp-json\/wp\/v2\/types\/product"}],"wp:featuredmedia":[{"embeddable":true,"href":"http:\/\/dev8.screenup.com\/en\/wp-json\/wp\/v2\/media\/6232"}],"wp:attachment":[{"href":"http:\/\/dev8.screenup.com\/en\/wp-json\/wp\/v2\/media?parent=6231"}],"wp:term":[{"taxonomy":"product_brand","embeddable":true,"href":"http:\/\/dev8.screenup.com\/en\/wp-json\/wp\/v2\/product_brand?post=6231"},{"taxonomy":"product_cat","embeddable":true,"href":"http:\/\/dev8.screenup.com\/en\/wp-json\/wp\/v2\/product_cat?post=6231"},{"taxonomy":"product_tag","embeddable":true,"href":"http:\/\/dev8.screenup.com\/en\/wp-json\/wp\/v2\/product_tag?post=6231"}],"curies":[{"name":"wp","href":"https:\/\/api.w.org\/{rel}","templated":true}]}}