{"id":7261,"date":"2025-12-24T15:19:37","date_gmt":"2025-12-24T14:19:37","guid":{"rendered":"https:\/\/dev8.screenup.com\/produit\/plaque-metal-decorative-hawaii-waikiki-beach\/"},"modified":"2026-04-09T02:06:36","modified_gmt":"2026-04-09T00:06:36","slug":"hawaii-waikiki-beach-decorative-metal-sign","status":"publish","type":"product","link":"http:\/\/dev8.screenup.com\/en\/product\/hawaii-waikiki-beach-decorative-metal-sign","title":{"rendered":"HAWAII WAIKIKI BEACH DECORATIVE METAL SIGN"},"content":{"rendered":"\n<p>Si vous \u00eates un amateur de grosses vagues, un collectionneur de d\u00e9co vintage, un surfer ou simplement un amoureux des bords de mer, des ambiances tropicales, alors cette d\u00e9coration murale sera parfaite.<\/p>\n\n<p>En m\u00e9tal recouvert d&#8217;une s\u00e9rigraphie vernie, cette plaque se fixe uniquement \u00e0 l\u2019int\u00e9rieur. Elle ne r\u00e9siste pas aux UV, \u00e0 la pluie, \u00e0 la neige \u00e9galement.<\/p>\n\n<p>Elle sera id\u00e9ale pour d\u00e9corer les murs de votre habitation, votre lieu de travail ou votre bar.<\/p>\n\n<p>Vous allez appr\u00e9cier son style vintage, vous reconna\u00eetrez la plage de Waikiki \u00e0 Honolulu avec le Royal H\u00f4tel en arri\u00e8re plan.<\/p>\n\n<p>C\u2019est \u00e9galement une une id\u00e9e cadeau qui ne d\u00e9\u00e7oit jamais.<\/p>\n","protected":false},"excerpt":{"rendered":"<p>Metal decorative plaque, surf 44 x 32 cm. You will appreciate its vintage style, you will recognize Waikiki Beach in Honolulu with the Royal Hotel in the background.<\/p>\n","protected":false},"featured_media":7262,"template":"","meta":[],"product_brand":[],"product_cat":[122,76],"product_tag":[],"class_list":{"0":"post-7261","1":"product","2":"type-product","3":"status-publish","4":"has-post-thumbnail","6":"product_cat-decorative-metal-plaques","7":"product_cat-goodies","9":"first","10":"instock","11":"sale","12":"taxable","13":"shipping-taxable","14":"purchasable","15":"product-type-simple"},"_links":{"self":[{"href":"http:\/\/dev8.screenup.com\/en\/wp-json\/wp\/v2\/product\/7261","targetHints":{"allow":["GET"]}}],"collection":[{"href":"http:\/\/dev8.screenup.com\/en\/wp-json\/wp\/v2\/product"}],"about":[{"href":"http:\/\/dev8.screenup.com\/en\/wp-json\/wp\/v2\/types\/product"}],"wp:featuredmedia":[{"embeddable":true,"href":"http:\/\/dev8.screenup.com\/en\/wp-json\/wp\/v2\/media\/7262"}],"wp:attachment":[{"href":"http:\/\/dev8.screenup.com\/en\/wp-json\/wp\/v2\/media?parent=7261"}],"wp:term":[{"taxonomy":"product_brand","embeddable":true,"href":"http:\/\/dev8.screenup.com\/en\/wp-json\/wp\/v2\/product_brand?post=7261"},{"taxonomy":"product_cat","embeddable":true,"href":"http:\/\/dev8.screenup.com\/en\/wp-json\/wp\/v2\/product_cat?post=7261"},{"taxonomy":"product_tag","embeddable":true,"href":"http:\/\/dev8.screenup.com\/en\/wp-json\/wp\/v2\/product_tag?post=7261"}],"curies":[{"name":"wp","href":"https:\/\/api.w.org\/{rel}","templated":true}]}}