{"id":7285,"date":"2025-12-24T15:19:37","date_gmt":"2025-12-24T14:19:37","guid":{"rendered":"https:\/\/dev8.screenup.com\/produit\/plaque-metal-decorative-beer-o-clock\/"},"modified":"2026-04-09T02:06:43","modified_gmt":"2026-04-09T00:06:43","slug":"decorative-metal-plate-beer-o-clock","status":"publish","type":"product","link":"http:\/\/dev8.screenup.com\/en\/product\/decorative-metal-plate-beer-o-clock","title":{"rendered":"DECORATIVE METAL PLATE beer O clock"},"content":{"rendered":"\n<p>Plaque vintage d\u00e9co beer<\/p>\n\n<p>Cette plaque sera parfaite pour d\u00e9corer votre bar ou pour offrir \u00e0 un ami<\/p>\n\n<p>En acier recouvert d&#8217;une s\u00e9rigraphie vernie, cette plaque se fixe uniquement \u00e0 l\u2019int\u00e9rieur. Elle ne r\u00e9siste pas aux UV, \u00e0 la pluie, \u00e0 la neige \u00e9galement.<\/p>\n\n<p>C\u2019est \u00e9galement une une id\u00e9e cadeau qui ne d\u00e9\u00e7oit jamais.<\/p>\n","protected":false},"excerpt":{"rendered":"<p>Surf, beach, steel decorative plaque. Made in China Indoor use exclusively. 30X40CM<\/p>\n","protected":false},"featured_media":7286,"template":"","meta":[],"product_brand":[],"product_cat":[122,76],"product_tag":[],"class_list":{"0":"post-7285","1":"product","2":"type-product","3":"status-publish","4":"has-post-thumbnail","6":"product_cat-decorative-metal-plaques","7":"product_cat-goodies","9":"first","10":"instock","11":"sale","12":"taxable","13":"shipping-taxable","14":"purchasable","15":"product-type-simple"},"_links":{"self":[{"href":"http:\/\/dev8.screenup.com\/en\/wp-json\/wp\/v2\/product\/7285","targetHints":{"allow":["GET"]}}],"collection":[{"href":"http:\/\/dev8.screenup.com\/en\/wp-json\/wp\/v2\/product"}],"about":[{"href":"http:\/\/dev8.screenup.com\/en\/wp-json\/wp\/v2\/types\/product"}],"wp:featuredmedia":[{"embeddable":true,"href":"http:\/\/dev8.screenup.com\/en\/wp-json\/wp\/v2\/media\/7286"}],"wp:attachment":[{"href":"http:\/\/dev8.screenup.com\/en\/wp-json\/wp\/v2\/media?parent=7285"}],"wp:term":[{"taxonomy":"product_brand","embeddable":true,"href":"http:\/\/dev8.screenup.com\/en\/wp-json\/wp\/v2\/product_brand?post=7285"},{"taxonomy":"product_cat","embeddable":true,"href":"http:\/\/dev8.screenup.com\/en\/wp-json\/wp\/v2\/product_cat?post=7285"},{"taxonomy":"product_tag","embeddable":true,"href":"http:\/\/dev8.screenup.com\/en\/wp-json\/wp\/v2\/product_tag?post=7285"}],"curies":[{"name":"wp","href":"https:\/\/api.w.org\/{rel}","templated":true}]}}