{"id":7435,"date":"2025-12-24T15:19:17","date_gmt":"2025-12-24T14:19:17","guid":{"rendered":"https:\/\/dev8.screenup.com\/produit\/plaque-metal-decorative-summer\/"},"modified":"2026-04-09T02:05:35","modified_gmt":"2026-04-09T00:05:35","slug":"summer-decorative-metal-sign","status":"publish","type":"product","link":"http:\/\/dev8.screenup.com\/en\/product\/summer-decorative-metal-sign","title":{"rendered":"SUMMER DECORATIVE METAL SIGN"},"content":{"rendered":"\n<p>Plaque d\u00e9co m\u00e9tal plage<\/p>\n\n<p>Si vous \u00eates un amateur de grosses vagues, un collectionneur de d\u00e9co vintage, un surfer ou simplement un amoureux des bords de mer, des ambiances tropicales, alors cette d\u00e9coration murale sera parfaite.<\/p>\n\n<p>En m\u00e9tal recouvert d&#8217;une s\u00e9rigraphie vernie, cette plaque se fixe ou se pose \u00e0 l\u2019int\u00e9rieur.<\/p>\n\n<p>Elle sera id\u00e9ale pour d\u00e9corer les murs de votre habitation, votre lieu de travail ou votre bar.<\/p>\n\n<p>Vous allez appr\u00e9cier son style vintage, mais \u00e9galement l\u2019invitation qu&#8217;elle vous propose.<\/p>\n\n<p>Cette plaque ensoleill\u00e9e est un rayon de positivit\u00e9<\/p>\n\n<p>C\u2019est toujours une id\u00e9e cadeau qui ne d\u00e9\u00e7oit pas.<\/p>\n","protected":false},"excerpt":{"rendered":"<p>Decorative metal plaque Surf, beach, steel SUMMER SURFING Made in China Indoor use exclusively 30 X 40 CM<\/p>\n","protected":false},"featured_media":7436,"template":"","meta":[],"product_brand":[],"product_cat":[122,76],"product_tag":[],"class_list":{"0":"post-7435","1":"product","2":"type-product","3":"status-publish","4":"has-post-thumbnail","6":"product_cat-decorative-metal-plaques","7":"product_cat-goodies","9":"first","10":"instock","11":"sale","12":"taxable","13":"shipping-taxable","14":"purchasable","15":"product-type-simple"},"_links":{"self":[{"href":"http:\/\/dev8.screenup.com\/en\/wp-json\/wp\/v2\/product\/7435","targetHints":{"allow":["GET"]}}],"collection":[{"href":"http:\/\/dev8.screenup.com\/en\/wp-json\/wp\/v2\/product"}],"about":[{"href":"http:\/\/dev8.screenup.com\/en\/wp-json\/wp\/v2\/types\/product"}],"wp:featuredmedia":[{"embeddable":true,"href":"http:\/\/dev8.screenup.com\/en\/wp-json\/wp\/v2\/media\/7436"}],"wp:attachment":[{"href":"http:\/\/dev8.screenup.com\/en\/wp-json\/wp\/v2\/media?parent=7435"}],"wp:term":[{"taxonomy":"product_brand","embeddable":true,"href":"http:\/\/dev8.screenup.com\/en\/wp-json\/wp\/v2\/product_brand?post=7435"},{"taxonomy":"product_cat","embeddable":true,"href":"http:\/\/dev8.screenup.com\/en\/wp-json\/wp\/v2\/product_cat?post=7435"},{"taxonomy":"product_tag","embeddable":true,"href":"http:\/\/dev8.screenup.com\/en\/wp-json\/wp\/v2\/product_tag?post=7435"}],"curies":[{"name":"wp","href":"https:\/\/api.w.org\/{rel}","templated":true}]}}