{"id":3382,"date":"2025-11-19T11:29:53","date_gmt":"2025-11-19T10:29:53","guid":{"rendered":"https:\/\/dev8.screenup.com\/faq\/"},"modified":"2026-03-16T14:36:45","modified_gmt":"2026-03-16T13:36:45","slug":"faq","status":"publish","type":"page","link":"https:\/\/dev8.screenup.com\/de\/faq","title":{"rendered":"FAQ"},"content":{"rendered":"\n<div class=\"wp-block-nectar-blocks-row alignfull nectar-block nectar-blocks-row nectar-blocks-row__wrapper parent-block-block-h1KRSl26Ku\" id=\"block-h1KRSl26Ku\"><div class=\"nectar-blocks-row__inner is-contained-content parent-block-block-h1KRSl26Ku\">\n<div class=\"wp-block-nectar-blocks-column nectar-blocks-column nectar-block\" id=\"block-Dkp3tEVJaO\"><div class=\"nectar-blocks-column__inner nectar-blocks-column__content-wrap parent-block-block-Dkp3tEVJaO nectar-blocks-column__wrapper\">\n<div class=\"wp-block-nectar-blocks-flex-box nectar-block nectar-blocks-flex-box nectar-blocks-flex-box__inner nectar-blocks-flex-box__wrapper parent-block-block-pxQVJsxq8P\" id=\"block-pxQVJsxq8P\">\n<h1 id=\"block-m9HFhoHFEb\" class=\"wp-block-nectar-blocks-text nectar-blocks-text nectar-font-h1\">FAQ<\/h1>\n<\/div>\n<\/div><\/div>\n<\/div><\/div>\n\n\n<div class=\"wp-block-nectar-blocks-row alignfull nectar-block nectar-blocks-row nectar-blocks-row__wrapper parent-block-block-VWJ486oRJt\" id=\"block-VWJ486oRJt\"><div class=\"nectar-blocks-row__inner is-contained-content parent-block-block-VWJ486oRJt\">\n<div class=\"wp-block-nectar-blocks-column nectar-blocks-column nectar-block\" id=\"block-xBanRJFl0Q\"><div class=\"nectar-blocks-column__inner nectar-blocks-column__content-wrap parent-block-block-xBanRJFl0Q nectar-blocks-column__wrapper\">\n<div class=\"wp-block-nectar-blocks-accordion nectar-blocks-accordion\" data-starting-accordion=\"-1\" id=\"block-3Z1pcJrfCI\"><div class=\"nectar-blocks-accordion__inner parent-block-3Z1pcJrfCI\">\n<div class=\"wp-block-nectar-blocks-accordion-section nectar-block nectar-blocks-accordion-section\" id=\"block-tSNnASMg88\"><button type=\"button\" class=\"nectar-blocks-accordion-section__title nectar-font-h4\"><span class=\"nectar-blocks-accordion-section__title__text\">Wie gebe ich eine Bestellung auf?<\/span><span class=\"nectar-blocks-accordion-section__title__indicator\"><svg xmlns=\"http:\/\/www.w3.org\/2000\/svg\" class=\"default\" viewBox=\"0 0 14 14\"><line x1=\"7\" x2=\"7\" y2=\"14\" fill=\"none\" stroke=\"currentColor\" stroke-miterlimit=\"1\"><\/line><line y1=\"7\" x2=\"14\" y2=\"7\" fill=\"none\" stroke=\"currentColor\" stroke-miterlimit=\"1\"><\/line><\/svg><\/span><\/button><div class=\"nectar-blocks-accordion-section__content parent-block-block-tSNnASMg88\">\n<p id=\"block-sZ5IHCLsCR\" class=\"wp-block-nectar-blocks-text nectar-blocks-text\">Ganz einfach! St\u00f6bern Sie in unserem Shop, legen Sie Ihre Lieblingsartikel in den Warenkorb und folgen Sie den Schritten zur Bezahlung. Falls etwas nicht klappt, hilft Ihnen unser Team gerne weiter.<\/p>\n<\/div><\/div>\n\n\n<div class=\"wp-block-nectar-blocks-accordion-section nectar-block nectar-blocks-accordion-section\" id=\"block-Jt2tXl2UVI\"><button type=\"button\" class=\"nectar-blocks-accordion-section__title nectar-font-h4\"><span class=\"nectar-blocks-accordion-section__title__text\">Erhalte ich eine Bestellbest\u00e4tigung?<\/span><span class=\"nectar-blocks-accordion-section__title__indicator\"><svg xmlns=\"http:\/\/www.w3.org\/2000\/svg\" class=\"default\" viewBox=\"0 0 14 14\"><line x1=\"7\" x2=\"7\" y2=\"14\" fill=\"none\" stroke=\"currentColor\" stroke-miterlimit=\"1\"><\/line><line y1=\"7\" x2=\"14\" y2=\"7\" fill=\"none\" stroke=\"currentColor\" stroke-miterlimit=\"1\"><\/line><\/svg><\/span><\/button><div class=\"nectar-blocks-accordion-section__content parent-block-block-Jt2tXl2UVI\">\n<p id=\"block-cvUiERElz5\" class=\"wp-block-nectar-blocks-text nectar-blocks-text\">Nat\u00fcrlich! Sobald Ihre Bestellung best\u00e4tigt ist, erhalten Sie eine Best\u00e4tigungs-E-Mail mit einer vollst\u00e4ndigen \u00dcbersicht Ihres Kaufs. Bitte pr\u00fcfen Sie auch Ihren Spam-Ordner, falls Sie diese nicht finden.<\/p>\n<\/div><\/div>\n\n\n<div class=\"wp-block-nectar-blocks-accordion-section nectar-block nectar-blocks-accordion-section\" id=\"block-4rCFSBKxK9\"><button type=\"button\" class=\"nectar-blocks-accordion-section__title nectar-font-h4\"><span class=\"nectar-blocks-accordion-section__title__text\">Wie kann ich meine Bestellung verfolgen?<\/span><span class=\"nectar-blocks-accordion-section__title__indicator\"><svg xmlns=\"http:\/\/www.w3.org\/2000\/svg\" class=\"default\" viewBox=\"0 0 14 14\"><line x1=\"7\" x2=\"7\" y2=\"14\" fill=\"none\" stroke=\"currentColor\" stroke-miterlimit=\"1\"><\/line><line y1=\"7\" x2=\"14\" y2=\"7\" fill=\"none\" stroke=\"currentColor\" stroke-miterlimit=\"1\"><\/line><\/svg><\/span><\/button><div class=\"nectar-blocks-accordion-section__content parent-block-block-4rCFSBKxK9\">\n<p id=\"block-yGTG7wiZv7\" class=\"wp-block-nectar-blocks-text nectar-blocks-text\">Sobald Ihr Paket versandt wurde, erhalten Sie per E-Mail einen Tracking-Link. Damit k\u00f6nnen Sie Ihre Lieferung in Echtzeit verfolgen.<\/p>\n<\/div><\/div>\n\n\n<div class=\"wp-block-nectar-blocks-accordion-section nectar-block nectar-blocks-accordion-section\" id=\"block-lrEU6ZW6tm\"><button type=\"button\" class=\"nectar-blocks-accordion-section__title nectar-font-h4\"><span class=\"nectar-blocks-accordion-section__title__text\">Was, wenn die bestellte Gr\u00f6\u00dfe nicht passt?<\/span><span class=\"nectar-blocks-accordion-section__title__indicator\"><svg xmlns=\"http:\/\/www.w3.org\/2000\/svg\" class=\"default\" viewBox=\"0 0 14 14\"><line x1=\"7\" x2=\"7\" y2=\"14\" fill=\"none\" stroke=\"currentColor\" stroke-miterlimit=\"1\"><\/line><line y1=\"7\" x2=\"14\" y2=\"7\" fill=\"none\" stroke=\"currentColor\" stroke-miterlimit=\"1\"><\/line><\/svg><\/span><\/button><div class=\"nectar-blocks-accordion-section__content parent-block-block-lrEU6ZW6tm\">\n<p id=\"block-XGiGlPOCUk\" class=\"wp-block-nectar-blocks-text nectar-blocks-text\">Kein Problem! Sie k\u00f6nnen innerhalb von 14 Tagen einen Umtausch beantragen. Weitere Informationen finden Sie in unserem Bereich \u00abUmtausch &amp; R\u00fccksendungen\u00bb.<\/p>\n<\/div><\/div>\n\n\n<div class=\"wp-block-nectar-blocks-accordion-section nectar-block nectar-blocks-accordion-section\" id=\"block-hSzCUDrMV6\"><button type=\"button\" class=\"nectar-blocks-accordion-section__title nectar-font-h4\"><span class=\"nectar-blocks-accordion-section__title__text\">Wie lange habe ich Zeit, einen Umtausch anzufordern?<\/span><span class=\"nectar-blocks-accordion-section__title__indicator\"><svg xmlns=\"http:\/\/www.w3.org\/2000\/svg\" class=\"default\" viewBox=\"0 0 14 14\"><line x1=\"7\" x2=\"7\" y2=\"14\" fill=\"none\" stroke=\"currentColor\" stroke-miterlimit=\"1\"><\/line><line y1=\"7\" x2=\"14\" y2=\"7\" fill=\"none\" stroke=\"currentColor\" stroke-miterlimit=\"1\"><\/line><\/svg><\/span><\/button><div class=\"nectar-blocks-accordion-section__content parent-block-block-hSzCUDrMV6\">\n<p id=\"block-sozBbMdeLK\" class=\"wp-block-nectar-blocks-text nectar-blocks-text\">Sie haben 14 Tage ab Erhalt Ihrer Bestellung Zeit, einen Umtausch zu beantragen. Der Umtausch ist v\u00f6llig kostenlos.<\/p>\n<\/div><\/div>\n\n\n<div class=\"wp-block-nectar-blocks-accordion-section nectar-block nectar-blocks-accordion-section\" id=\"block-XNcwMRZdld\"><button type=\"button\" class=\"nectar-blocks-accordion-section__title nectar-font-h4\"><span class=\"nectar-blocks-accordion-section__title__text\">Wie lange habe ich Zeit, eine R\u00fcckerstattung zu beantragen?<\/span><span class=\"nectar-blocks-accordion-section__title__indicator\"><svg xmlns=\"http:\/\/www.w3.org\/2000\/svg\" class=\"default\" viewBox=\"0 0 14 14\"><line x1=\"7\" x2=\"7\" y2=\"14\" fill=\"none\" stroke=\"currentColor\" stroke-miterlimit=\"1\"><\/line><line y1=\"7\" x2=\"14\" y2=\"7\" fill=\"none\" stroke=\"currentColor\" stroke-miterlimit=\"1\"><\/line><\/svg><\/span><\/button><div class=\"nectar-blocks-accordion-section__content parent-block-block-XNcwMRZdld\">\n<p id=\"block-ZMWxzZ8cAf\" class=\"wp-block-nectar-blocks-text nectar-blocks-text\">Sie haben 14 Tage ab Erhalt Ihrer Bestellung Zeit, eine R\u00fcckerstattung zu beantragen. Der Vorgang ist v\u00f6llig kostenlos.<\/p>\n<\/div><\/div>\n<\/div><\/div>\n<\/div><\/div>\n<\/div><\/div>\n","protected":false},"excerpt":{"rendered":"","protected":false},"author":4,"featured_media":0,"parent":0,"menu_order":0,"comment_status":"closed","ping_status":"closed","template":"","meta":{"footnotes":""},"class_list":["post-3382","page","type-page","status-publish","hentry"],"_links":{"self":[{"href":"https:\/\/dev8.screenup.com\/de\/wp-json\/wp\/v2\/pages\/3382","targetHints":{"allow":["GET"]}}],"collection":[{"href":"https:\/\/dev8.screenup.com\/de\/wp-json\/wp\/v2\/pages"}],"about":[{"href":"https:\/\/dev8.screenup.com\/de\/wp-json\/wp\/v2\/types\/page"}],"author":[{"embeddable":true,"href":"https:\/\/dev8.screenup.com\/de\/wp-json\/wp\/v2\/users\/4"}],"replies":[{"embeddable":true,"href":"https:\/\/dev8.screenup.com\/de\/wp-json\/wp\/v2\/comments?post=3382"}],"version-history":[{"count":0,"href":"https:\/\/dev8.screenup.com\/de\/wp-json\/wp\/v2\/pages\/3382\/revisions"}],"wp:attachment":[{"href":"https:\/\/dev8.screenup.com\/de\/wp-json\/wp\/v2\/media?parent=3382"}],"curies":[{"name":"wp","href":"https:\/\/api.w.org\/{rel}","templated":true}]}}