{"id":3405,"date":"2025-12-16T15:10:28","date_gmt":"2025-12-16T14:10:28","guid":{"rendered":"https:\/\/dev8.screenup.com\/marques\/"},"modified":"2026-02-19T16:18:53","modified_gmt":"2026-02-19T15:18:53","slug":"marques","status":"publish","type":"page","link":"https:\/\/dev8.screenup.com\/de\/marques","title":{"rendered":"Marken"},"content":{"rendered":"\n<div class=\"wp-block-nectar-blocks-row alignfull nectar-block nectar-blocks-row nectar-blocks-row__wrapper parent-block-block-J94TD9yRfM\" id=\"block-J94TD9yRfM\"><div class=\"nectar-blocks-row__inner is-contained-content parent-block-block-J94TD9yRfM\">\n<div class=\"wp-block-nectar-blocks-column nectar-blocks-column nectar-block\" id=\"block-oFhk0SQl57\"><div class=\"nectar-blocks-column__inner nectar-blocks-column__content-wrap parent-block-block-oFhk0SQl57 nectar-blocks-column__wrapper\">\n<div class=\"wp-block-nectar-blocks-flex-box nectar-block nectar-blocks-flex-box nectar-blocks-flex-box__inner nectar-blocks-flex-box__wrapper parent-block-block-YBxz4NyQE8\" id=\"block-YBxz4NyQE8\">\n<p id=\"block-g1s8anrTwd\" class=\"wp-block-nectar-blocks-text nectar-blocks-text nectar-font-h2\">Unsere Marken<\/p>\n\n\n\n<p id=\"block-zczv6yALlU\" class=\"wp-block-nectar-blocks-text nectar-blocks-text nectar-font-body\">Alle unsere Marken wurden sorgf\u00e4ltig ausgew\u00e4hlt, um Ihnen Authentizit\u00e4t und Aloha-Spirit in jedem Hemd zu bieten.<\/p>\n<\/div>\n<\/div><\/div>\n<\/div><\/div>\n\n\n\n<div class=\"wp-block-nectar-blocks-row alignfull nectar-block nectar-blocks-row nectar-blocks-row__inner nectar-blocks-row__wrapper parent-block-block-y3eK6FPMV4\" id=\"block-y3eK6FPMV4\">\n<div class=\"wp-block-nectar-blocks-column nectar-blocks-column nectar-block\" id=\"block-qTmQZbDZhn\"><div class=\"nectar-blocks-column__inner nectar-blocks-column__content-wrap parent-block-block-qTmQZbDZhn nectar-blocks-column__wrapper\">\n[yith_wcbr_brand_thumbnail title=&#8220;&#8220; pagination=&#8220;no&#8220; per_page=&#8220;100&#8243; autosense_category=&#8220;false&#8220; category=&#8220;&#8220; brand=&#8220;&#8220; exclude=&#8220;&#8220; parent=&#8220;&#8220; orderby=&#8220;name&#8220; order=&#8220;ASC&#8220; hide_empty=&#8220;no&#8220; hide_no_image=&#8220;no&#8220; show_name=&#8220;no&#8220; show_rating=&#8220;no&#8220; cols=&#8220;6&#8243; style=&#8220;default&#8220;]\n<\/div><\/div>\n<\/div>\n","protected":false},"excerpt":{"rendered":"","protected":false},"author":4,"featured_media":0,"parent":0,"menu_order":0,"comment_status":"closed","ping_status":"closed","template":"","meta":{"footnotes":""},"class_list":["post-3405","page","type-page","status-publish","hentry"],"_links":{"self":[{"href":"https:\/\/dev8.screenup.com\/de\/wp-json\/wp\/v2\/pages\/3405","targetHints":{"allow":["GET"]}}],"collection":[{"href":"https:\/\/dev8.screenup.com\/de\/wp-json\/wp\/v2\/pages"}],"about":[{"href":"https:\/\/dev8.screenup.com\/de\/wp-json\/wp\/v2\/types\/page"}],"author":[{"embeddable":true,"href":"https:\/\/dev8.screenup.com\/de\/wp-json\/wp\/v2\/users\/4"}],"replies":[{"embeddable":true,"href":"https:\/\/dev8.screenup.com\/de\/wp-json\/wp\/v2\/comments?post=3405"}],"version-history":[{"count":0,"href":"https:\/\/dev8.screenup.com\/de\/wp-json\/wp\/v2\/pages\/3405\/revisions"}],"wp:attachment":[{"href":"https:\/\/dev8.screenup.com\/de\/wp-json\/wp\/v2\/media?parent=3405"}],"curies":[{"name":"wp","href":"https:\/\/api.w.org\/{rel}","templated":true}]}}