{"id":4305,"date":"2026-02-21T18:28:12","date_gmt":"2026-02-21T17:28:12","guid":{"rendered":"https:\/\/dev8.screenup.com\/produit\/bougie-surf-s-up-candle-jar-ocean-breeze-225-gr\/"},"modified":"2026-04-09T02:05:40","modified_gmt":"2026-04-09T00:05:40","slug":"surf-s-up-kerzenglas-ocean-breeze-kerze-225-gr","status":"publish","type":"product","link":"https:\/\/dev8.screenup.com\/de\/produkt\/surf-s-up-kerzenglas-ocean-breeze-kerze-225-gr","title":{"rendered":"SURF S UP KERZENGLAS OCEAN BREEZE KERZE 225 gr"},"content":{"rendered":"\n<p id=\"block-CdJUHZ5BPZ\" class=\"wp-block-nectar-blocks-text nectar-blocks-text\">Laissez cette bougie vous prendre tout droit vers la plage avec des parfums consistant d\u2019huiles essentielles d\u2019orange, d\u2019agrumes, le bord de mer et de violette. Un best seller!<\/p>\n\n<p id=\"block-MiLCi3qXtS\" class=\"wp-block-nectar-blocks-text nectar-blocks-text\">Les bougies SURF S UP CANDLE nous viennent du New Jersey, USA.<\/p>\n\n<p id=\"block-dbp8wCTwBN\" class=\"wp-block-nectar-blocks-text nectar-blocks-text\">Les Surfs Up Candle sont toutes des cires de soja naturelles, sans colorants, paraffines, plomb ou p\u00e9trole.<\/p>\n\n<p id=\"block-zk2h0J1p1W\" class=\"wp-block-nectar-blocks-text nectar-blocks-text\">Les parfums sont des huiles essentielles, aucun parfum synth\u00e9tiques.<\/p>\n\n<p id=\"block-6p28DcSMdt\" class=\"wp-block-nectar-blocks-text nectar-blocks-text\">Les m\u00e8ches sont en coton organique.<\/p>\n","protected":false},"excerpt":{"rendered":"<p>Diese Bio-Kerze entf\u00fchrt Sie mit ihrem Duft aus \u00e4therischen \u00d6len aus Orange, Zitrusfr\u00fcchten, Meer und Veilchen direkt an den Strand. Ein Bestseller!<\/p>\n","protected":false},"featured_media":4306,"template":"","meta":[],"product_brand":[],"product_cat":[125,94],"product_tag":[],"class_list":{"0":"post-4305","1":"product","2":"type-product","3":"status-publish","4":"has-post-thumbnail","6":"product_cat-bio-surfkerzen","7":"product_cat-leckereien","9":"first","10":"instock","11":"sale","12":"taxable","13":"shipping-taxable","14":"purchasable","15":"product-type-simple"},"_links":{"self":[{"href":"https:\/\/dev8.screenup.com\/de\/wp-json\/wp\/v2\/product\/4305","targetHints":{"allow":["GET"]}}],"collection":[{"href":"https:\/\/dev8.screenup.com\/de\/wp-json\/wp\/v2\/product"}],"about":[{"href":"https:\/\/dev8.screenup.com\/de\/wp-json\/wp\/v2\/types\/product"}],"wp:featuredmedia":[{"embeddable":true,"href":"https:\/\/dev8.screenup.com\/de\/wp-json\/wp\/v2\/media\/4306"}],"wp:attachment":[{"href":"https:\/\/dev8.screenup.com\/de\/wp-json\/wp\/v2\/media?parent=4305"}],"wp:term":[{"taxonomy":"product_brand","embeddable":true,"href":"https:\/\/dev8.screenup.com\/de\/wp-json\/wp\/v2\/product_brand?post=4305"},{"taxonomy":"product_cat","embeddable":true,"href":"https:\/\/dev8.screenup.com\/de\/wp-json\/wp\/v2\/product_cat?post=4305"},{"taxonomy":"product_tag","embeddable":true,"href":"https:\/\/dev8.screenup.com\/de\/wp-json\/wp\/v2\/product_tag?post=4305"}],"curies":[{"name":"wp","href":"https:\/\/api.w.org\/{rel}","templated":true}]}}