{"id":5321,"date":"2025-12-24T16:10:58","date_gmt":"2025-12-24T15:10:58","guid":{"rendered":"https:\/\/dev8.screenup.com\/produit\/chemise-hawaienne-pacific-legend-haka\/"},"modified":"2026-04-08T18:59:56","modified_gmt":"2026-04-08T16:59:56","slug":"pacific-legend-haka-hawaii-hemd","status":"publish","type":"product","link":"https:\/\/dev8.screenup.com\/de\/produkt\/pacific-legend-haka-hawaii-hemd","title":{"rendered":"PACIFIC LEGEND HAKA HAWAII-HEMD"},"content":{"rendered":"<p>Cette chemise Hawaiienne PACIFIC HAKA nous vient des ateliers PACIFIC LEGEND \u00e0 Honolulu, \u00e0 quelques m\u00e8tres de la plage de Waikiki.\u00a0 Construite en coton, elle est solide, durable et n&#8217;a pas besoin d&#8217;\u00eatre repass\u00e9e.<\/p>\n<p>Cette chemise avec son motif de fleurs tropicales dor\u00e9es, sur un autre imprim\u00e9 de fleurs ton sur ton est une pi\u00e8ce originale. C&#8217;est une de nos plus belles pi\u00e8ces. Son imprim\u00e9 floral d\u00e9licat cr\u00e9e un contraste harmonieux, id\u00e9al pour ceux qui souhaitent afficher un look sophistiqu\u00e9 sans renoncer \u00e0 l\u2019esprit des \u00eeles.<\/p>\n<p>Elle est id\u00e9ale, pour une soir\u00e9e sur la plage, un cocktail, un mariage cool, pour conduire un Roadster, une voiture Am\u00e9ricaine des fifties. Elle l&#8217;est aussi tout simplement pour afficher un style certain vintage, d\u00e9contract\u00e9 et classe.\u00a0<\/p>\n<p>Cette chemise 100% coton est durable, solide, les couleurs tiennent, surtout vous pouvez \u00e9viter le repassage \ud83d\ude09<\/p>\n<p>Nous distribuons cette marque depuis des ann\u00e9es et nous pouvons vous garantir une qualit\u00e9 haut de gamme.<\/p>\n<p>Vous noterez les boutons en v\u00e9ritable cocotier. Egalement et cela est une caract\u00e9ristique des v\u00e9ritables chemises Hawaiienne, le motif de la pochette respecte le design original, il n&#8217;y pas de rupture, elles sont cousues bord \u00e0 bord jusqu&#8217;\u00e0 disparaitre dans le design.<\/p>\n<p>Bien sur l&#8217;\u00e9tiquette au col certifie son origine.<\/p>\n<p>Chez nous, vous ne trouverez aucune chemise produite en Asie. Nous restons logique \u00e0 notre cahier des charges, \u00e0 notre identit\u00e9 et \u00e0 notre mission. Nous sommes fier de travailler avec ces iles et avec des entreprises respectant les ouvriers ainsi que les conditions de travail<\/p>\n<h4><strong>PACIFIC LEGEND APPAREL<\/strong>\u00a0<\/h4>\n<p>Pacific Legend a commenc\u00e9 ses activit\u00e9s en 1999 et s&#8217;est impos\u00e9 comme l&#8217;un des principaux exportateurs Am\u00e9ricains de v\u00eatements Hawa\u00efens. Chemises 100% Coton, boutons en cocotier.<\/p>\n\n\n<p id=\"block-4uv61qJKgg\" class=\"wp-block-nectar-blocks-text nectar-blocks-text\"><\/p>\n\n\n\n<p id=\"block-kGZNNJ80tw\" class=\"wp-block-nectar-blocks-text nectar-blocks-text\">GR\u00d6SSEN<\/p>\n\n\n\n<p id=\"block-eBWZV0f9gL\" class=\"wp-block-nectar-blocks-text nectar-blocks-text\">Bitte beachten Sie, dass es sich hierbei um US-Produkte handelt, generell fallen die Shirts gr\u00f6\u00dfer aus als europ\u00e4ische Produkte.<\/p>\n\n\n\n<p id=\"block-0h3ZjdMg5n\" class=\"wp-block-nectar-blocks-text nectar-blocks-text\">Auf dieser Seite finden Sie die Gr\u00f6\u00dfentabelle und alle notwendigen Erkl\u00e4rungen, um Fehler bei Ihrer Bestellung zu vermeiden.<\/p>\n","protected":false},"excerpt":{"rendered":"<p>Kombinieren Sie tropischen Stil und Raffinesse mit diesem einzigartig gestalteten Hawaiihemd. Es ist in tiefdunklen T\u00f6nen gehalten und zeichnet sich durch ein vertikales Band aus, das mit Blumen und tropischen Mustern verziert ist und einen Hauch subtiler und moderner Exotik verleiht.<\/p>\n","protected":false},"featured_media":5322,"template":"","meta":[],"product_brand":[],"product_cat":[95,97],"product_tag":[],"class_list":{"0":"post-5321","1":"product","2":"type-product","3":"status-publish","4":"has-post-thumbnail","6":"product_cat-hawaiihemden","7":"product_cat-hawaiihemden-fuer-herren","8":"pa_genre-mann","9":"pa_taille-l","10":"pa_taille-m","11":"pa_taille-s","12":"pa_taille-xl","13":"pa_taille-xxl","14":"pa_taille-xxxl","16":"first","17":"instock","18":"sale","19":"taxable","20":"shipping-taxable","21":"purchasable","22":"product-type-variable"},"_links":{"self":[{"href":"https:\/\/dev8.screenup.com\/de\/wp-json\/wp\/v2\/product\/5321","targetHints":{"allow":["GET"]}}],"collection":[{"href":"https:\/\/dev8.screenup.com\/de\/wp-json\/wp\/v2\/product"}],"about":[{"href":"https:\/\/dev8.screenup.com\/de\/wp-json\/wp\/v2\/types\/product"}],"wp:featuredmedia":[{"embeddable":true,"href":"https:\/\/dev8.screenup.com\/de\/wp-json\/wp\/v2\/media\/5322"}],"wp:attachment":[{"href":"https:\/\/dev8.screenup.com\/de\/wp-json\/wp\/v2\/media?parent=5321"}],"wp:term":[{"taxonomy":"product_brand","embeddable":true,"href":"https:\/\/dev8.screenup.com\/de\/wp-json\/wp\/v2\/product_brand?post=5321"},{"taxonomy":"product_cat","embeddable":true,"href":"https:\/\/dev8.screenup.com\/de\/wp-json\/wp\/v2\/product_cat?post=5321"},{"taxonomy":"product_tag","embeddable":true,"href":"https:\/\/dev8.screenup.com\/de\/wp-json\/wp\/v2\/product_tag?post=5321"}],"curies":[{"name":"wp","href":"https:\/\/api.w.org\/{rel}","templated":true}]}}