{"id":5354,"date":"2025-12-24T16:10:58","date_gmt":"2025-12-24T15:10:58","guid":{"rendered":"https:\/\/dev8.screenup.com\/produit\/chemise-hawaienne-pacific-legend-monoii\/"},"modified":"2026-04-09T02:13:45","modified_gmt":"2026-04-09T00:13:45","slug":"pacific-legend-monoii-hawaii-hemd","status":"publish","type":"product","link":"https:\/\/dev8.screenup.com\/de\/produkt\/pacific-legend-monoii-hawaii-hemd","title":{"rendered":"PACIFIC LEGEND MONOII HAWAII-HEMD"},"content":{"rendered":"<p>Cette chemise Hawaiienne PACIFIC MONOII nous vient des ateliers PACIFIC LEGEND \u00e0 Honolulu, \u00e0 quelques m\u00e8tres de la plage de Waikiki.\u00a0 Construite en coton, elle est solide, durable et n&#8217;a pas besoin d&#8217;\u00eatre repass\u00e9e, avec son bleu marine profond, qui tranche avec ces motifs \u00e0 base de fleurs tropicales, elle est incontestablement une r\u00e9ussite.<\/p>\n<p>Elle est id\u00e9ale, pour une soir\u00e9e sur la plage, un cocktail, un mariage cool, pour conduire un Roadster, une voiture Am\u00e9ricaine des fifties. Elle l&#8217;est aussi tout simplement pour afficher un style certain vintage, d\u00e9contract\u00e9 et classe.\u00a0<\/p>\n<p>Cette chemise 100% coton est durable, solide, les couleurs tiennent, surtout vous pouvez \u00e9viter le repassage \ud83d\ude09<\/p>\n<p>Nous distribuons cette marque depuis des ann\u00e9es et nous vous garantissons une qualit\u00e9 haut de gamme.<\/p>\n<p>Vous noterez les boutons en v\u00e9ritable cocotier. Egalement et cela est une caract\u00e9ristique des v\u00e9ritables chemises Hawaiienne, le motif de la pochette respecte le design original, il n&#8217;y pas de rupture, elles sont cousues bord \u00e0 bord jusqu&#8217;\u00e0 disparaitre dans le design.<\/p>\n<p>Bien sur l&#8217;\u00e9tiquette au col certifie son origine.<\/p>\n<p>Chez nous, vous ne trouverez aucune chemise produite en Asie. Nous restons logique \u00e0 notre cahier des charges, \u00e0 notre identit\u00e9 et \u00e0 notre mission. Nous sommes fier de travailler avec ces iles et avec des entreprises respectant les ouvriers ainsi que les conditions de travail<\/p>\n<h4><strong>PACIFIC LEGEND APPAREL<\/strong>\u00a0<\/h4>\n<p>Pacific Legend a commenc\u00e9 ses activit\u00e9s en 1999 et s&#8217;est impos\u00e9 comme l&#8217;un des principaux exportateurs Am\u00e9ricains de v\u00eatements Hawa\u00efens. Chemises 100% Coton, boutons en cocotier.<\/p>\n\n<p id=\"block-vFe9faFGBZ\" class=\"wp-block-nectar-blocks-text nectar-blocks-text\"><\/p>\n\n<p id=\"block-gWT89UBbJT\" class=\"wp-block-nectar-blocks-text nectar-blocks-text\">TAILLES<\/p>\n\n<p id=\"block-luzh0IlfEl\" class=\"wp-block-nectar-blocks-text nectar-blocks-text\">Attention ce sont des produits US, en g\u00e9n\u00e9ral les chemises taillent plus grand que les produits Europ\u00e9ens<\/p>\n\n<p id=\"block-TQB6WKvtny\" class=\"wp-block-nectar-blocks-text nectar-blocks-text\">Vous trouverez sur ce site la grille des tailles et toutes les explications n\u00e9cessaires pour \u00e9viter de vous tromper dans votre commande.<\/p>\n","protected":false},"excerpt":{"rendered":"<p><em>Dieses Shirt ist bis 4XL erh\u00e4ltlich. <\/em>Lassen Sie sich mit diesem tollen, direkt aus Hawaii importierten Hemd an die sonnigen Str\u00e4nde des Pazifiks entf\u00fchren. Vor einem tief marineblauen Hintergrund, der an das Meer in der Abendd\u00e4mmerung erinnert, erbl\u00fchen pr\u00e4chtige Tiar\u00e9-Blumen und \u00fcppige tropische Flora in leuchtenden Farben. Dieser Bestseller ist auch in XXXXL erh\u00e4ltlich<\/p>\n","protected":false},"featured_media":5355,"template":"","meta":[],"product_brand":[],"product_cat":[95,97],"product_tag":[],"class_list":{"0":"post-5354","1":"product","2":"type-product","3":"status-publish","4":"has-post-thumbnail","6":"product_cat-hawaiihemden","7":"product_cat-hawaiihemden-fuer-herren","8":"pa_genre-mann","9":"pa_taille-l","10":"pa_taille-m","11":"pa_taille-s","12":"pa_taille-xl","13":"pa_taille-xxl","14":"pa_taille-xxxl","15":"pa_taille-xxxxl","17":"first","18":"instock","19":"taxable","20":"shipping-taxable","21":"purchasable","22":"product-type-variable"},"_links":{"self":[{"href":"https:\/\/dev8.screenup.com\/de\/wp-json\/wp\/v2\/product\/5354","targetHints":{"allow":["GET"]}}],"collection":[{"href":"https:\/\/dev8.screenup.com\/de\/wp-json\/wp\/v2\/product"}],"about":[{"href":"https:\/\/dev8.screenup.com\/de\/wp-json\/wp\/v2\/types\/product"}],"wp:featuredmedia":[{"embeddable":true,"href":"https:\/\/dev8.screenup.com\/de\/wp-json\/wp\/v2\/media\/5355"}],"wp:attachment":[{"href":"https:\/\/dev8.screenup.com\/de\/wp-json\/wp\/v2\/media?parent=5354"}],"wp:term":[{"taxonomy":"product_brand","embeddable":true,"href":"https:\/\/dev8.screenup.com\/de\/wp-json\/wp\/v2\/product_brand?post=5354"},{"taxonomy":"product_cat","embeddable":true,"href":"https:\/\/dev8.screenup.com\/de\/wp-json\/wp\/v2\/product_cat?post=5354"},{"taxonomy":"product_tag","embeddable":true,"href":"https:\/\/dev8.screenup.com\/de\/wp-json\/wp\/v2\/product_tag?post=5354"}],"curies":[{"name":"wp","href":"https:\/\/api.w.org\/{rel}","templated":true}]}}