{"id":5643,"date":"2025-12-24T16:10:54","date_gmt":"2025-12-24T15:10:54","guid":{"rendered":"https:\/\/dev8.screenup.com\/produit\/chemise-hawaienne-two-palms-love-shack-red\/"},"modified":"2026-04-09T02:13:07","modified_gmt":"2026-04-09T00:13:07","slug":"two-palms-love-shack-rotes-hawaii-hemd","status":"publish","type":"product","link":"https:\/\/dev8.screenup.com\/de\/produkt\/two-palms-love-shack-rotes-hawaii-hemd","title":{"rendered":"TWO PALMS LOVE SHACK ROTES HAWAII-HEMD"},"content":{"rendered":"<p>Chemise Hawaii Red , nous vient des ateliers Two palms \u00e0 Honolulu.<\/p>\n<p>Son design\u00a0 constitu\u00e9 de fleurs tropicales, sur fond rouge rappelle la s\u00e9rie Magnum.<\/p>\n<p>Elle est id\u00e9ale, pour une soir\u00e9e sur la plage, un cocktail, un mariage cool, pour conduire un Roadster, une voiture Am\u00e9ricaine des fifties. Elle l&#8217;est aussi tout simplement pour afficher un style certain vintage, d\u00e9contract\u00e9 et classe.<\/p>\n<p>Acheter une chemise made in Honolulu, c&#8217;est aussi acheter une part de la l\u00e9gende de ces iles et quelques grains de sable de la plage de Waikiki.<\/p>\n<p>Cette chemise 100% coton est durable. Nous distribuons cette marque depuis des ann\u00e9es et nous pouvons vous garantir une qualit\u00e9 haut de gamme.<\/p>\n<p>Vous noterez les boutons en v\u00e9ritable cocotier. C&#8217;est une caract\u00e9ristique des v\u00e9ritables chemises Hawaiienne, le motif de la pochette respecte le design original. Il n&#8217;y pas de rupture, elles sont cousues bord \u00e0 bord jusqu&#8217;\u00e0 disparaitre dans le design.<\/p>\n<p>Bien sur l&#8217;\u00e9tiquette au col certifie son origine, made in Honolulu, Oahu, Hawaii, USA.<\/p>\n<p>Chez nous, vous ne trouverez aucune chemise produite en Asie. Nous restons logique \u00e0 notre cahier des charges, \u00e0 notre identit\u00e9 et \u00e0 notre mission. Nous sommes fier de travailler avec ces iles et avec des entreprises respectant les ouvriers ainsi que les conditions de travail<\/p>\n<h4>TWO PALMS<\/h4>\n<p>Cette chemise de l&#8217;entreprise familiale TWO PALMS, nous vient d&#8217;Honolulu \u00e0 deux pas de la c\u00e9l\u00e8bre plage de Waikiki. Elle conviendra aux amateurs de chemises color\u00e9es et originales. il s&#8217;agit d&#8217;un tissus 100% coton solide et durable. Bien s\u00fbr les boutons sont comme il se doit en cocotier et la pochette cousue sur la chemise respecte le design de cette derni\u00e8re.<\/p>\n\n<p id=\"block-mMXAkelo5n\" class=\"wp-block-nectar-blocks-text nectar-blocks-text\"><\/p>\n\n<p id=\"block-euo2m00ESq\" class=\"wp-block-nectar-blocks-text nectar-blocks-text\"><strong>TAILLES<\/strong><\/p>\n\n<p id=\"block-FVXEG1uP3v\" class=\"wp-block-nectar-blocks-text nectar-blocks-text\">Attention ce sont des produits US, en g\u00e9n\u00e9ral les chemises taillent plus grand que les produits Europ\u00e9ens<\/p>\n\n<p id=\"block-E51fSAh8Nj\" class=\"wp-block-nectar-blocks-text nectar-blocks-text\">Vous trouverez sur ce site la grille des tailles et toutes les explications n\u00e9cessaires pour \u00e9viter de vous tromper dans votre commande.<\/p>\n\n<p id=\"block-owli6cDPFu\" class=\"wp-block-nectar-blocks-text nectar-blocks-text\"><\/p>\n","protected":false},"excerpt":{"rendered":"<p>Bringen Sie einen Hauch von Flucht in Ihre Garderobe mit diesem direkt aus Hawaii importierten Hemd. Der leuchtend rote Hintergrund wird durch hellwei\u00dfe hawaiianische Muster dezent aufgewertet. Dieses St\u00fcck ist im Angebot und Teil unserer neuesten Serie, was es zu einer einmaligen Gelegenheit f\u00fcr diejenigen macht, die exklusive und authentische Artikel lieben.<\/p>\n","protected":false},"featured_media":5644,"template":"","meta":[],"product_brand":[],"product_cat":[95,97],"product_tag":[],"class_list":{"0":"post-5643","1":"product","2":"type-product","3":"status-publish","4":"has-post-thumbnail","6":"product_cat-hawaiihemden","7":"product_cat-hawaiihemden-fuer-herren","8":"pa_genre-mann","9":"pa_taille-l","10":"pa_taille-m","11":"pa_taille-s","12":"pa_taille-xl","13":"pa_taille-xxl","14":"pa_taille-xxxl","16":"first","17":"outofstock","18":"sale","19":"taxable","20":"shipping-taxable","21":"purchasable","22":"product-type-variable"},"_links":{"self":[{"href":"https:\/\/dev8.screenup.com\/de\/wp-json\/wp\/v2\/product\/5643","targetHints":{"allow":["GET"]}}],"collection":[{"href":"https:\/\/dev8.screenup.com\/de\/wp-json\/wp\/v2\/product"}],"about":[{"href":"https:\/\/dev8.screenup.com\/de\/wp-json\/wp\/v2\/types\/product"}],"wp:featuredmedia":[{"embeddable":true,"href":"https:\/\/dev8.screenup.com\/de\/wp-json\/wp\/v2\/media\/5644"}],"wp:attachment":[{"href":"https:\/\/dev8.screenup.com\/de\/wp-json\/wp\/v2\/media?parent=5643"}],"wp:term":[{"taxonomy":"product_brand","embeddable":true,"href":"https:\/\/dev8.screenup.com\/de\/wp-json\/wp\/v2\/product_brand?post=5643"},{"taxonomy":"product_cat","embeddable":true,"href":"https:\/\/dev8.screenup.com\/de\/wp-json\/wp\/v2\/product_cat?post=5643"},{"taxonomy":"product_tag","embeddable":true,"href":"https:\/\/dev8.screenup.com\/de\/wp-json\/wp\/v2\/product_tag?post=5643"}],"curies":[{"name":"wp","href":"https:\/\/api.w.org\/{rel}","templated":true}]}}