{"id":5739,"date":"2025-12-24T16:10:54","date_gmt":"2025-12-24T15:10:54","guid":{"rendered":"https:\/\/dev8.screenup.com\/produit\/chemise-hawaiienne-winnie-fashion-hibiscus-burg\/"},"modified":"2026-04-09T02:13:22","modified_gmt":"2026-04-09T00:13:22","slug":"winnie-fashion-hibiscus-burg-hawaii-hemd","status":"publish","type":"product","link":"https:\/\/dev8.screenup.com\/de\/produkt\/winnie-fashion-hibiscus-burg-hawaii-hemd","title":{"rendered":"WINNIE FASHION HIBISCUS BURG HAWAII-HEMD"},"content":{"rendered":"\nCette Chemise Hawaiienne <strong>Hibiscus Burg<\/strong> nous vient des ateliers Winnie Fashion \u00e0 Honolulu. Avec son bandeau de fleurs tropicales sur fond Rouge Burg, elle est particuli\u00e8rement r\u00e9ussie et classe. Il s&#8217;agit du v\u00eatement id\u00e9al pour un \u00e9t\u00e9 tropical au soleil,\u00a0 une soir\u00e9e sur la plage, un cocktail, un mariage cool, pour conduire un Roadster ou une voiture Am\u00e9ricaine des fifties. Elle l&#8217;est aussi tout simplement pour afficher un style certain vintage, d\u00e9contract\u00e9 et classe.\u00a0\n\nCette chemise 100% coton est durable. Nous distribuons cette marque depuis des ann\u00e9es et nous pouvons vous garantir une qualit\u00e9 haut de gamme.\n\nVous noterez les boutons en v\u00e9ritable cocotier. Egalement et cela est une caract\u00e9ristique des v\u00e9ritables chemises Hawaiienne, le motif de la pochette respecte le design original, il n&#8217;y pas de rupture, elles sont cousues bord \u00e0 bord jusqu&#8217;\u00e0 disparaitre dans le design.\n\nBien sur l&#8217;\u00e9tiquette au col certifie son origine.\n\nChez nous, vous ne trouverez aucune chemise produite en Asie. Nous restons logique avec notre identit\u00e9 et notre mission. Nous sommes fier de travailler avec ces iles et avec des entreprises respectant les ouvriers ainsi que les conditions de travail\n<h4>\u00a0<strong>WINNIE FASHION INC<\/strong>\u00a0<\/h4>\nEst une entreprise bas\u00e9e sur l&#8217;\u00efle d&#8217;Oahu depuis 1993. Leur objectif est de maintenir une production locale mais \u00e9galement les traditions, le style Kama&#8217;A\u00efna et les modes de l&#8217;\u00eele vivantes. Ces chemises sont 100% coton, bouton cocotier.\n","protected":false},"excerpt":{"rendered":"<p>Dieses hawaiianische Hibiskus-Burg-Hemd der Marke Winnie, hergestellt in Honolulu, auf einem bordeauxroten Hintergrund (eine ziemlich seltene Farbe in unserer Kollektion) mit seiner wei\u00dfen Halskette aus tropischen Blumen ist eines der sch\u00f6nsten Hemden dieser Marke. Wir laden Sie ein, den Rabatt auf dieses Ende der Serie zu nutzen.<\/p>\n","protected":false},"featured_media":5740,"template":"","meta":[],"product_brand":[],"product_cat":[95,97],"product_tag":[],"class_list":{"0":"post-5739","1":"product","2":"type-product","3":"status-publish","4":"has-post-thumbnail","6":"product_cat-hawaiihemden","7":"product_cat-hawaiihemden-fuer-herren","8":"pa_genre-mann","9":"pa_taille-l","10":"pa_taille-m","11":"pa_taille-s","12":"pa_taille-xl","13":"pa_taille-xxl","14":"pa_taille-xxxl","16":"first","17":"instock","18":"sale","19":"taxable","20":"shipping-taxable","21":"purchasable","22":"product-type-variable"},"_links":{"self":[{"href":"https:\/\/dev8.screenup.com\/de\/wp-json\/wp\/v2\/product\/5739","targetHints":{"allow":["GET"]}}],"collection":[{"href":"https:\/\/dev8.screenup.com\/de\/wp-json\/wp\/v2\/product"}],"about":[{"href":"https:\/\/dev8.screenup.com\/de\/wp-json\/wp\/v2\/types\/product"}],"wp:featuredmedia":[{"embeddable":true,"href":"https:\/\/dev8.screenup.com\/de\/wp-json\/wp\/v2\/media\/5740"}],"wp:attachment":[{"href":"https:\/\/dev8.screenup.com\/de\/wp-json\/wp\/v2\/media?parent=5739"}],"wp:term":[{"taxonomy":"product_brand","embeddable":true,"href":"https:\/\/dev8.screenup.com\/de\/wp-json\/wp\/v2\/product_brand?post=5739"},{"taxonomy":"product_cat","embeddable":true,"href":"https:\/\/dev8.screenup.com\/de\/wp-json\/wp\/v2\/product_cat?post=5739"},{"taxonomy":"product_tag","embeddable":true,"href":"https:\/\/dev8.screenup.com\/de\/wp-json\/wp\/v2\/product_tag?post=5739"}],"curies":[{"name":"wp","href":"https:\/\/api.w.org\/{rel}","templated":true}]}}