{"id":5787,"date":"2025-12-24T16:10:54","date_gmt":"2025-12-24T15:10:54","guid":{"rendered":"https:\/\/dev8.screenup.com\/produit\/chemise-hawaienne-rjc-kalaheo-pearl-harbor-rayonne\/"},"modified":"2026-04-09T02:13:30","modified_gmt":"2026-04-09T00:13:30","slug":"rjc-kalaheo-pearl-harbor-hawaiianisches-hemd-viskose","status":"publish","type":"product","link":"https:\/\/dev8.screenup.com\/de\/produkt\/rjc-kalaheo-pearl-harbor-hawaiianisches-hemd-viskose","title":{"rendered":"RJC KALAHEO PEARL HARBOR HAWAIIANISCHES HEMD (Viskose)"},"content":{"rendered":"<p>Les Chemises Hawaii ont \u00e9t\u00e9 popularis\u00e9es \u00e0 la fin de la guerre du pacifique lorsque les militaires sont rentr\u00e9s chez eux, important avec eux une partie de la culture des iles. Les Aloha shirts de type militaire sont un classique depuis toujours. Ce mod\u00e8le &#8222;Pearl harbor&#8220; est une r\u00e9ussite dans ce style.<\/p>\n<p>cette chemise repr\u00e9sente les bateaux de l&#8217;US MARINE, le croiseur California, les cuirass\u00e9s Missouri, New Jersey, Arizona, Nevada<\/p>\n<p>Cette chemise Hawa\u00efenne Kalaheo nous vient des ateliers RJC \u00e0 Honolulu (notre plus ancien fournisseur, marque fond\u00e9e en 1953). Elle est construite \u00e0 base de tissus rayonne, plus l\u00e9ger et fluide, plus adapt\u00e9e \u00e9galement aux canicules.<\/p>\n<p>Cette chemise\u00a0 est donc construite en rayonne, il s&#8217;agit d&#8217;un textile doux, l\u00e9ger, respirant, moins chaud avec un tomb\u00e9 de r\u00eave. Le rayonne ressemble \u00e0 la soie, mais il est bien plus abordable. Il est fabriqu\u00e9 avec de la pulpe de bois. C\u2019est un mat\u00e9riaux synth\u00e9tique mais \u00e0 base de fibres naturelles. Par contre le rayonne n\u00e9cessite un repassage contrairement au coton qui lui peut s\u2019en passer.\u00a0<\/p>\n<p>Les chemises Hawa\u00efenne dites (Aloha Shirt) sont n\u00e9es dans les ann\u00e9es 1930 \u00e0 Hawa\u00ef. Elles m\u00e9langeaient audacieusement les motifs traditionnels japonais, philippins, et hawa\u00efen, tous empreints de fleurs et de nature luxuriante. A cette \u00e9poque, Ces chemises \u00e9taient toutes en soie car construites dans des chutes de Kimono.. Les chemises en rayonne s\u2019inscrivent donc dans cette tradition.<\/p>\n<p>Elle est id\u00e9ale, pour une soir\u00e9e sur la plage, un cocktail, un mariage cool, pour conduire un Roadster, une voiture Am\u00e9ricaine des fifties. Elle l&#8217;est aussi tout simplement pour afficher un style certain vintage, d\u00e9contract\u00e9 et classe.\u00a0<\/p>\n<p>Nous distribuons cette marque depuis des ann\u00e9es et nous pouvons vous garantir une qualit\u00e9 haut de gamme.<\/p>\n<p>Vous noterez les boutons en v\u00e9ritable cocotier. Egalement et cela est une caract\u00e9ristique des v\u00e9ritables chemises Hawaiienne, le motif de la pochette respecte le design original, il n&#8217;y pas de rupture, elles sont cousues bord \u00e0 bord jusqu&#8217;\u00e0 disparaitre dans le design.<\/p>\n<p>Bien sur l&#8217;\u00e9tiquette au col certifie son origine.<\/p>\n<p>Chez nous, vous ne trouverez aucune chemise produite en Asie. Nous restons logique \u00e0 notre cahier des charges, \u00e0 notre identit\u00e9 et \u00e0 notre mission. Nous sommes fier de travailler avec ces iles et avec des entreprises respectant les ouvriers ainsi que les conditions de travail<\/p>\n<h4><strong>RJC HAWAII<\/strong><\/h4>\n<p>Robert J Clancey est\u00a0 un des pionniers dans la conception des chemises Hawaiiennes. Cette compagnie cr\u00e9e en 1953 appartient toujours \u00e0 la famille.<\/p>\n\n<p id=\"block-eZEtF0ZbfO\" class=\"wp-block-nectar-blocks-text nectar-blocks-text\"><\/p>\n\n<p id=\"block-SagzJfGcZZ\" class=\"wp-block-nectar-blocks-text nectar-blocks-text\"><strong>TAILLES<\/strong><\/p>\n\n<p id=\"block-3jd5XJPoze\" class=\"wp-block-nectar-blocks-text nectar-blocks-text\">Attention ce sont des produits US, en g\u00e9n\u00e9ral les chemises taillent plus grand que les produits Europ\u00e9ens<\/p>\n\n<p id=\"block-DvQJpEdQQI\" class=\"wp-block-nectar-blocks-text nectar-blocks-text\">Vous trouverez sur ce site la grille des tailles et toutes les explications n\u00e9cessaires pour \u00e9viter de vous tromper dans votre commande.<\/p>\n\n<p id=\"block-lf3yVVto6m\" class=\"wp-block-nectar-blocks-text nectar-blocks-text\"><\/p>\n","protected":false},"excerpt":{"rendered":"<p>Hawaii-Hemden wurden am Ende des Pazifikkrieges popul\u00e4r, als Soldaten nach Hause zur\u00fcckkehrten und einen Teil der Kultur der Insel mitbrachten. Hemden im Military-Stil sind ein Klassiker unter den Aloha-Hemden. Letzteres ist mit seinem farbenfrohen und lebhaften Hibiskus auf einem eher kriegerischen grauen Grund einfach gro\u00dfartig. Wir laden Sie ein, unsere Preise f\u00fcr dieses Ende der Serie zu nutzen.<\/p>\n","protected":false},"featured_media":5788,"template":"","meta":[],"product_brand":[],"product_cat":[95,97],"product_tag":[],"class_list":{"0":"post-5787","1":"product","2":"type-product","3":"status-publish","4":"has-post-thumbnail","6":"product_cat-hawaiihemden","7":"product_cat-hawaiihemden-fuer-herren","8":"pa_genre-mann","9":"pa_taille-l","10":"pa_taille-m","11":"pa_taille-s","12":"pa_taille-xl","13":"pa_taille-xxl","14":"pa_taille-xxxl","16":"first","17":"instock","18":"sale","19":"taxable","20":"shipping-taxable","21":"purchasable","22":"product-type-variable"},"_links":{"self":[{"href":"https:\/\/dev8.screenup.com\/de\/wp-json\/wp\/v2\/product\/5787","targetHints":{"allow":["GET"]}}],"collection":[{"href":"https:\/\/dev8.screenup.com\/de\/wp-json\/wp\/v2\/product"}],"about":[{"href":"https:\/\/dev8.screenup.com\/de\/wp-json\/wp\/v2\/types\/product"}],"wp:featuredmedia":[{"embeddable":true,"href":"https:\/\/dev8.screenup.com\/de\/wp-json\/wp\/v2\/media\/5788"}],"wp:attachment":[{"href":"https:\/\/dev8.screenup.com\/de\/wp-json\/wp\/v2\/media?parent=5787"}],"wp:term":[{"taxonomy":"product_brand","embeddable":true,"href":"https:\/\/dev8.screenup.com\/de\/wp-json\/wp\/v2\/product_brand?post=5787"},{"taxonomy":"product_cat","embeddable":true,"href":"https:\/\/dev8.screenup.com\/de\/wp-json\/wp\/v2\/product_cat?post=5787"},{"taxonomy":"product_tag","embeddable":true,"href":"https:\/\/dev8.screenup.com\/de\/wp-json\/wp\/v2\/product_tag?post=5787"}],"curies":[{"name":"wp","href":"https:\/\/api.w.org\/{rel}","templated":true}]}}