{"id":5899,"date":"2025-12-24T16:10:50","date_gmt":"2025-12-24T15:10:50","guid":{"rendered":"https:\/\/dev8.screenup.com\/produit\/chemise-hawaiienne-winnie-fashion-sunset-canoe-green\/"},"modified":"2026-04-09T02:05:23","modified_gmt":"2026-04-09T00:05:23","slug":"winnie-fashion-sunset-canoe-gruenes-hawaii-hemd","status":"publish","type":"product","link":"https:\/\/dev8.screenup.com\/de\/produkt\/winnie-fashion-sunset-canoe-gruenes-hawaii-hemd","title":{"rendered":"WINNIE FASHION SUNSET CANOE GR\u00dcNES HAWAII-HEMD"},"content":{"rendered":"<p>Cette chemise Hawaii est import\u00e9e des ateliers Winnie Fashion \u00e0 Honolulu. Avec son bandeau\u00a0 constitu\u00e9 de fleurs tropicales, de cano\u00e9, de pirogue, de palmiers, de ukul\u00e9l\u00e9 elle s&#8217;inscrit v\u00e9ritablement dans l&#8217;esprit des iles.<\/p>\n<p>Elle est id\u00e9ale, pour une soir\u00e9e sur la plage, un cocktail, un mariage cool, pour conduire un Roadster, une voiture Am\u00e9ricaine des fifties. Elle l&#8217;est aussi tout simplement pour afficher un style certain vintage, d\u00e9contract\u00e9 et classe.\u00a0<\/p>\n<p>Cette chemise 100% coton est durable. Nous distribuons cette marque depuis des ann\u00e9es et nous vous garantissons une qualit\u00e9 haut de gamme.<\/p>\n<p>Vous noterez les boutons en v\u00e9ritable cocotier. Egalement et cela est une caract\u00e9ristique des v\u00e9ritables chemises Hawaiienne, le motif de la pochette respecte le design original, il n&#8217;y pas de rupture, elles sont cousues bord \u00e0 bord jusqu&#8217;\u00e0 disparaitre dans le design.<\/p>\n<p>Bien sur l&#8217;\u00e9tiquette au col certifie son origine.<\/p>\n<p>Chez nous, vous ne trouverez aucune chemise produite en Asie. Nous restons logique \u00e0 notre cahier des charges, \u00e0 notre identit\u00e9 et \u00e0 notre mission. Nous sommes fier de travailler avec ces iles et avec des entreprises respectant les ouvriers ainsi que les conditions de travail<\/p>\n<h4>\u00a0<strong>WINNIE FASHION INC<\/strong>\u00a0<\/h4>\n<p>Est une entreprise bas\u00e9e sur l&#8217;\u00efle d&#8217;Oahu depuis 1993. Leur objectif est de maintenir une production locale mais \u00e9galement les traditions, le style Kama&#8217;A\u00efna et les modes de l&#8217;\u00eele vivantes. Ces chemises sont 100% coton, bouton cocotier.<\/p>\n\n<p id=\"block-yYJUq3Nkof\" class=\"wp-block-nectar-blocks-text nectar-blocks-text\"><\/p>\n\n<p id=\"block-e2jOuuGLfb\" class=\"wp-block-nectar-blocks-text nectar-blocks-text\"><strong>TAILLES<\/strong><\/p>\n\n<p id=\"block-jhTFQ6JCwC\" class=\"wp-block-nectar-blocks-text nectar-blocks-text\">Attention ce sont des produits US, en g\u00e9n\u00e9ral les chemises taillent plus grand que les produits Europ\u00e9ens<\/p>\n\n<p id=\"block-6BrsQ8RUq5\" class=\"wp-block-nectar-blocks-text nectar-blocks-text\">Vous trouverez sur ce site la grille des tailles et toutes les explications n\u00e9cessaires pour \u00e9viter de vous tromper dans votre commande.<\/p>\n","protected":false},"excerpt":{"rendered":"<p>Tauchen Sie ein in den tropischen Geist mit unserem direkt aus Hawaii importierten Hemd. Auf einem beruhigenden gr\u00fcnen Hintergrund zeigt dieses einzigartige St\u00fcck Kanus, Surfbretter und Ukulelen, die sanft am Rand des goldenen Sandes an einem idyllischen Strand ruhen. Majest\u00e4tische Palmen s\u00e4umen die B\u00fchne und erinnern an die Sanftheit und W\u00e4rme der Inseln.<\/p>\n","protected":false},"featured_media":5900,"template":"","meta":[],"product_brand":[],"product_cat":[95,97],"product_tag":[],"class_list":{"0":"post-5899","1":"product","2":"type-product","3":"status-publish","4":"has-post-thumbnail","6":"product_cat-hawaiihemden","7":"product_cat-hawaiihemden-fuer-herren","8":"pa_genre-mann","9":"pa_taille-l","10":"pa_taille-m","11":"pa_taille-s","12":"pa_taille-xl","13":"pa_taille-xxl","14":"pa_taille-xxxl","16":"first","17":"instock","18":"taxable","19":"shipping-taxable","20":"purchasable","21":"product-type-variable"},"_links":{"self":[{"href":"https:\/\/dev8.screenup.com\/de\/wp-json\/wp\/v2\/product\/5899","targetHints":{"allow":["GET"]}}],"collection":[{"href":"https:\/\/dev8.screenup.com\/de\/wp-json\/wp\/v2\/product"}],"about":[{"href":"https:\/\/dev8.screenup.com\/de\/wp-json\/wp\/v2\/types\/product"}],"wp:featuredmedia":[{"embeddable":true,"href":"https:\/\/dev8.screenup.com\/de\/wp-json\/wp\/v2\/media\/5900"}],"wp:attachment":[{"href":"https:\/\/dev8.screenup.com\/de\/wp-json\/wp\/v2\/media?parent=5899"}],"wp:term":[{"taxonomy":"product_brand","embeddable":true,"href":"https:\/\/dev8.screenup.com\/de\/wp-json\/wp\/v2\/product_brand?post=5899"},{"taxonomy":"product_cat","embeddable":true,"href":"https:\/\/dev8.screenup.com\/de\/wp-json\/wp\/v2\/product_cat?post=5899"},{"taxonomy":"product_tag","embeddable":true,"href":"https:\/\/dev8.screenup.com\/de\/wp-json\/wp\/v2\/product_tag?post=5899"}],"curies":[{"name":"wp","href":"https:\/\/api.w.org\/{rel}","templated":true}]}}