{"id":5915,"date":"2025-12-24T16:10:50","date_gmt":"2025-12-24T15:10:50","guid":{"rendered":"https:\/\/dev8.screenup.com\/produit\/chemise-hawaiienne-winnie-fashion-surfboard-blue\/"},"modified":"2026-04-09T02:05:24","modified_gmt":"2026-04-09T00:05:24","slug":"winnie-fashion-surfboard-blaues-hawaii-hemd","status":"publish","type":"product","link":"https:\/\/dev8.screenup.com\/de\/produkt\/winnie-fashion-surfboard-blaues-hawaii-hemd","title":{"rendered":"WINNIE FASHION SURFBOARD BLAUES HAWAII-HEMD"},"content":{"rendered":"\nCette chemise Hawaii import\u00e9e des ateliers Winnie Fashion \u00e0 Honolulu. Avec son bandeau constitu\u00e9 de planches de surf, d&#8217;hibiscus et de palmier sur un fond de fleurs tropicales sur bleu, ton sur ton.\n\nElle est id\u00e9ale, pour une soir\u00e9e sur la plage, un cocktail, un mariage cool, pour conduire un Roadster, une voiture Am\u00e9ricaine des fifties. Elle l&#8217;est aussi tout simplement pour afficher un style certain vintage, d\u00e9contract\u00e9 et classe.\u00a0\n\nCette chemise 100% coton est durable. Nous distribuons cette marque depuis des ann\u00e9es et nous vous garantissons une qualit\u00e9 haut de gamme.\n\nVous noterez les boutons en v\u00e9ritable cocotier. Egalement et cela est une caract\u00e9ristique des v\u00e9ritables chemises Hawaiienne, le motif de la pochette respecte le design original, il n&#8217;y pas de rupture, elles sont cousues bord \u00e0 bord jusqu&#8217;\u00e0 disparaitre dans le design.\n\nBien sur l&#8217;\u00e9tiquette au col certifie son origine.\n\nChez nous, vous ne trouverez aucune chemise produite en Asie. Nous restons logique \u00e0 notre cahier des charges, \u00e0 notre identit\u00e9 et \u00e0 notre mission. Nous sommes fier de travailler avec ces iles et avec des entreprises respectant les ouvriers ainsi que les conditions de travail\n<h4>\u00a0<strong>WINNIE FASHION INC<\/strong>\u00a0<\/h4>\nEst une entreprise bas\u00e9e sur l&#8217;\u00efle d&#8217;Oahu depuis 1993. Leur objectif est de maintenir une production locale mais \u00e9galement les traditions, le style Kama&#8217;A\u00efna et les modes de l&#8217;\u00eele vivantes. Ces chemises sont 100% coton, bouton cocotier.\n","protected":false},"excerpt":{"rendered":"<p>Bringen Sie einen Hauch von Flucht in Ihre Garderobe mit diesem Hawaiihemd im einzigartigen Sommerstil. Es zeigt ein Muster aus Ton-in-Ton-Hibiskusbl\u00fcten auf einem beruhigenden blauen Hintergrund und erinnert an die S\u00fc\u00dfe sonniger Tage auf der Insel. Ein zart integriertes horizontales Band kreuzt das Blumenmuster, das Surfbretter und Palmen darstellt, und ist eine subtile Anspielung auf die paradiesischen Str\u00e4nde und den Surfgeist Hawaiis.<\/p>\n","protected":false},"featured_media":5916,"template":"","meta":[],"product_brand":[],"product_cat":[95,97],"product_tag":[],"class_list":{"0":"post-5915","1":"product","2":"type-product","3":"status-publish","4":"has-post-thumbnail","6":"product_cat-hawaiihemden","7":"product_cat-hawaiihemden-fuer-herren","8":"pa_genre-mann","9":"pa_taille-l","10":"pa_taille-m","11":"pa_taille-s","12":"pa_taille-xl","13":"pa_taille-xxl","14":"pa_taille-xxxl","16":"first","17":"outofstock","18":"taxable","19":"shipping-taxable","20":"purchasable","21":"product-type-variable"},"_links":{"self":[{"href":"https:\/\/dev8.screenup.com\/de\/wp-json\/wp\/v2\/product\/5915","targetHints":{"allow":["GET"]}}],"collection":[{"href":"https:\/\/dev8.screenup.com\/de\/wp-json\/wp\/v2\/product"}],"about":[{"href":"https:\/\/dev8.screenup.com\/de\/wp-json\/wp\/v2\/types\/product"}],"wp:featuredmedia":[{"embeddable":true,"href":"https:\/\/dev8.screenup.com\/de\/wp-json\/wp\/v2\/media\/5916"}],"wp:attachment":[{"href":"https:\/\/dev8.screenup.com\/de\/wp-json\/wp\/v2\/media?parent=5915"}],"wp:term":[{"taxonomy":"product_brand","embeddable":true,"href":"https:\/\/dev8.screenup.com\/de\/wp-json\/wp\/v2\/product_brand?post=5915"},{"taxonomy":"product_cat","embeddable":true,"href":"https:\/\/dev8.screenup.com\/de\/wp-json\/wp\/v2\/product_cat?post=5915"},{"taxonomy":"product_tag","embeddable":true,"href":"https:\/\/dev8.screenup.com\/de\/wp-json\/wp\/v2\/product_tag?post=5915"}],"curies":[{"name":"wp","href":"https:\/\/api.w.org\/{rel}","templated":true}]}}