{"id":5929,"date":"2025-12-24T16:10:50","date_gmt":"2025-12-24T15:10:50","guid":{"rendered":"https:\/\/dev8.screenup.com\/produit\/housse-de-siege-double-pour-van-surfpistols-hibiscus\/"},"modified":"2026-04-09T02:06:16","modified_gmt":"2026-04-09T00:06:16","slug":"doppelsitzbezug-fuer-surfpistols-hibiscus-van","status":"publish","type":"product","link":"https:\/\/dev8.screenup.com\/de\/produkt\/doppelsitzbezug-fuer-surfpistols-hibiscus-van","title":{"rendered":"DOPPELSITZBEZUG F\u00dcR SURFPISTOLS HIBISCUS VAN"},"content":{"rendered":"\n<p><strong>Cette housse double est con\u00e7ue pour si\u00e8ge avant avec ceinture ventrale. Elle peut cependant \u00eatre adapt\u00e9e pour une ceinture verticale en ajoutant un passage pour cette derni\u00e8re.<\/strong><\/p>\n\n<p>Nous commercialisons maintenant nos housses de si\u00e8ges auto universelle depuis quelques ann\u00e9es.<\/p>\n\n<p>Depuis elles ont fait la preuve de leur solidit\u00e9.<\/p>\n\n<p>Nous proposons trois mod\u00e8les.<\/p>\n\n<p>Les housses Hibiscus.<\/p>\n\n<p>Construites en Polyester stretch, elles offrent une \u00e9tanch\u00e9it\u00e9 suffisante permettant de s&#8217;asseoir avec une combinaison de surf Humide sur le si\u00e8ge de la voiture<\/p>\n\n<p>La housse double est con\u00e7ue pour les si\u00e8ges avant de votre utilitaire, elle <strong>prot\u00e9gera efficacement vos si\u00e8ges de l&#8217;usure et des taches<\/strong>.<\/p>\n\n<p>La housse prot\u00e9gera \u00e0 la fois le si\u00e8ge mais \u00e9galement l&#8217;appui-t\u00eate.<\/p>\n\n<p>Elle est d&#8217;une <strong>grande simplicit\u00e9 d&#8217;installation<\/strong>.<\/p>\n\n<p><strong>Elles se montent uniquement sur des banquettes avant dont la ceinture centrale est ventrale.\u00a0<\/strong>Si la banquette de votre v\u00e9hicule est verticale, il faudra ajouter \u00e0 cette housse un passage de sangle.<\/p>\n\n<p>Elles sont incompatibles avec un banquette dont la ceinture du si\u00e8ge central d\u00e9marre en hauteur, sur le c\u00f4t\u00e9 de la banquette, \u00e0 moins de cr\u00e9er un point de passage pour la ceinture sur le c\u00f4t\u00e9, ce qui reste possible pour amateur de couture.<\/p>\n","protected":false},"excerpt":{"rendered":"<p>Autositzbezug f\u00fcr die Zweisitzer-Beifahrerbank Hibiscus, erh\u00e4ltlich in drei Farben. Van-Leben<\/p>\n","protected":false},"featured_media":5930,"template":"","meta":[],"product_brand":[],"product_cat":[94,150],"product_tag":[],"class_list":{"0":"post-5929","1":"product","2":"type-product","3":"status-publish","4":"has-post-thumbnail","6":"product_cat-leckereien","7":"product_cat-sitzbezug","8":"pa_couleur-black","9":"pa_couleur-blue","10":"pa_couleur-pink","11":"pa_couleur-red","12":"pa_couleur-rouge","14":"first","15":"instock","16":"taxable","17":"shipping-taxable","18":"purchasable","19":"product-type-variable"},"_links":{"self":[{"href":"https:\/\/dev8.screenup.com\/de\/wp-json\/wp\/v2\/product\/5929","targetHints":{"allow":["GET"]}}],"collection":[{"href":"https:\/\/dev8.screenup.com\/de\/wp-json\/wp\/v2\/product"}],"about":[{"href":"https:\/\/dev8.screenup.com\/de\/wp-json\/wp\/v2\/types\/product"}],"wp:featuredmedia":[{"embeddable":true,"href":"https:\/\/dev8.screenup.com\/de\/wp-json\/wp\/v2\/media\/5930"}],"wp:attachment":[{"href":"https:\/\/dev8.screenup.com\/de\/wp-json\/wp\/v2\/media?parent=5929"}],"wp:term":[{"taxonomy":"product_brand","embeddable":true,"href":"https:\/\/dev8.screenup.com\/de\/wp-json\/wp\/v2\/product_brand?post=5929"},{"taxonomy":"product_cat","embeddable":true,"href":"https:\/\/dev8.screenup.com\/de\/wp-json\/wp\/v2\/product_cat?post=5929"},{"taxonomy":"product_tag","embeddable":true,"href":"https:\/\/dev8.screenup.com\/de\/wp-json\/wp\/v2\/product_tag?post=5929"}],"curies":[{"name":"wp","href":"https:\/\/api.w.org\/{rel}","templated":true}]}}