{"id":5942,"date":"2025-12-24T16:10:50","date_gmt":"2025-12-24T15:10:50","guid":{"rendered":"https:\/\/dev8.screenup.com\/produit\/housse-de-siege-universelle-voiture-surfpistols-hibiscus\/"},"modified":"2026-04-09T02:06:17","modified_gmt":"2026-04-09T00:06:17","slug":"universal-autositzbezug-surfpistols-hibiscus","status":"publish","type":"product","link":"https:\/\/dev8.screenup.com\/de\/produkt\/universal-autositzbezug-surfpistols-hibiscus","title":{"rendered":"UNIVERSAL-AUTOSITZBEZUG SURFPISTOLS HIBISCUS"},"content":{"rendered":"\n<p>Nous commercialisons nos housses de si\u00e8ges auto universelle depuis quelques ann\u00e9es.<\/p>\n\n<p>Depuis elles ont fait la preuve de leur solidit\u00e9.<\/p>\n\n<p>Les housses Hibiscus sont construites en polyester stretch, elles offrent une \u00e9tanch\u00e9it\u00e9 suffisante permettant de s&#8217;asseoir avec une combinaison de surf humide sur le si\u00e8ge de la voiture.<\/p>\n\n<p>Elles prot\u00e8gerons vos housses de si\u00e8ges durant des ann\u00e9es de toutes agressions, tout en donnant \u00e0 votre v\u00e9hicule un look tropical et sympathique.<\/p>\n","protected":false},"excerpt":{"rendered":"<p>Unsere Hibiscus Universal-Autositzbez\u00fcge sind in 4 Farben erh\u00e4ltlich.<\/p>\n","protected":false},"featured_media":5944,"template":"","meta":[],"product_brand":[],"product_cat":[94,150],"product_tag":[],"class_list":{"0":"post-5942","1":"product","2":"type-product","3":"status-publish","4":"has-post-thumbnail","6":"product_cat-leckereien","7":"product_cat-sitzbezug","8":"pa_couleur-black","9":"pa_couleur-blue","10":"pa_couleur-pink","11":"pa_couleur-red","12":"pa_couleur-rouge","14":"first","15":"instock","16":"taxable","17":"shipping-taxable","18":"purchasable","19":"product-type-variable"},"_links":{"self":[{"href":"https:\/\/dev8.screenup.com\/de\/wp-json\/wp\/v2\/product\/5942","targetHints":{"allow":["GET"]}}],"collection":[{"href":"https:\/\/dev8.screenup.com\/de\/wp-json\/wp\/v2\/product"}],"about":[{"href":"https:\/\/dev8.screenup.com\/de\/wp-json\/wp\/v2\/types\/product"}],"wp:featuredmedia":[{"embeddable":true,"href":"https:\/\/dev8.screenup.com\/de\/wp-json\/wp\/v2\/media\/5944"}],"wp:attachment":[{"href":"https:\/\/dev8.screenup.com\/de\/wp-json\/wp\/v2\/media?parent=5942"}],"wp:term":[{"taxonomy":"product_brand","embeddable":true,"href":"https:\/\/dev8.screenup.com\/de\/wp-json\/wp\/v2\/product_brand?post=5942"},{"taxonomy":"product_cat","embeddable":true,"href":"https:\/\/dev8.screenup.com\/de\/wp-json\/wp\/v2\/product_cat?post=5942"},{"taxonomy":"product_tag","embeddable":true,"href":"https:\/\/dev8.screenup.com\/de\/wp-json\/wp\/v2\/product_tag?post=5942"}],"curies":[{"name":"wp","href":"https:\/\/api.w.org\/{rel}","templated":true}]}}