{"id":6069,"date":"2025-12-24T16:10:46","date_gmt":"2025-12-24T15:10:46","guid":{"rendered":"https:\/\/dev8.screenup.com\/produit\/chemise-hawaienne-pacific-legend-roadster\/"},"modified":"2026-04-09T02:04:21","modified_gmt":"2026-04-09T00:04:21","slug":"pacific-legend-roadster-hawaii-hemd","status":"publish","type":"product","link":"https:\/\/dev8.screenup.com\/de\/produkt\/pacific-legend-roadster-hawaii-hemd","title":{"rendered":"PACIFIC LEGEND ROADSTER HAWAII-HEMD"},"content":{"rendered":"<p>Cette Chemise hawaiienne roadster us nous vient des ateliers PACIFIC LEGEND \u00e0 Honolulu. Il s&#8217;agit d&#8217;un v\u00e9ritable hommage au surf des fifties et sixties, les fans adoreront les surfs longboard, les palmiers et les woodies.<\/p>\n<p>Elle est id\u00e9ale, pour une soir\u00e9e sur la plage, un cocktail, un mariage cool, pour conduire un Roadster, une voiture Am\u00e9ricaine des fifties. Elle l&#8217;est aussi tout simplement pour afficher un style certain vintage, d\u00e9contract\u00e9 et classe.\u00a0<\/p>\n<p>Cette chemise 100% coton est durable. Nous distribuons cette marque depuis des ann\u00e9es et nous vous garantissons une qualit\u00e9 haut de gamme.<\/p>\n<p>Vous noterez les boutons en v\u00e9ritable cocotier. Egalement et cela est une caract\u00e9ristique des v\u00e9ritables chemises Hawaiienne, le motif de la pochette respecte le design original, il n&#8217;y pas de rupture, elles sont cousues bord \u00e0 bord jusqu&#8217;\u00e0 disparaitre dans le design.<\/p>\n<p>Bien sur l&#8217;\u00e9tiquette au col certifie son origine.<\/p>\n<p>Chez nous, vous ne trouverez aucune chemise produite en Asie. Nous restons logique \u00e0 notre cahier des charges, \u00e0 notre identit\u00e9 et \u00e0 notre mission. Nous sommes fier de travailler avec ces iles et avec des entreprises respectant les ouvriers ainsi que les conditions de travail<\/p>\n<h4><strong>PACIFIC LEGEND APPAREL<\/strong>\u00a0<\/h4>\n<p>a commenc\u00e9 ses activit\u00e9s en 1999 et s&#8217;est impos\u00e9 comme l&#8217;un des principaux exportateurs Am\u00e9ricains de v\u00eatements Hawa\u00efens. Chemises 100% Coton, boutons en cocotier.<\/p>\n\n<p id=\"block-e0vUmY9tD1\" class=\"wp-block-nectar-blocks-text nectar-blocks-text\"><\/p>\n\n<p id=\"block-s5CfetpPGd\" class=\"wp-block-nectar-blocks-text nectar-blocks-text\"><strong>TAILLES<\/strong><\/p>\n\n<p id=\"block-L3NGvdKwAS\" class=\"wp-block-nectar-blocks-text nectar-blocks-text\">Attention ce sont des produits US, en g\u00e9n\u00e9ral les chemises taillent plus grand que les produits Europ\u00e9ens<\/p>\n\n<p id=\"block-PCnrQ3twoZ\" class=\"wp-block-nectar-blocks-text nectar-blocks-text\">Vous trouverez sur ce site la grille des tailles et toutes les explications n\u00e9cessaires pour \u00e9viter de vous tromper dans votre commande.<\/p>\n","protected":false},"excerpt":{"rendered":"<p>\u00dcbernehmen Sie dieses Hawaii-Hemd mit Retro-Charme. Sein tief marineblauer Hintergrund mit seinem Ton-in-Ton-Palmenmuster ist dezent und elegant und sorgt f\u00fcr eine tropische Atmosph\u00e4re, ohne zu auff\u00e4llig zu wirken. Ein \u00fcber das Shirt verlaufendes Zierband symbolisiert das Longboard-Surfen und die legend\u00e4ren Woodies. Erm\u00e4\u00dfigter Preis f\u00fcr dieses Ende der Serie.<\/p>\n","protected":false},"featured_media":6070,"template":"","meta":[],"product_brand":[],"product_cat":[95,97],"product_tag":[],"class_list":{"0":"post-6069","1":"product","2":"type-product","3":"status-publish","4":"has-post-thumbnail","6":"product_cat-hawaiihemden","7":"product_cat-hawaiihemden-fuer-herren","8":"pa_genre-mann","9":"pa_taille-l","10":"pa_taille-m","11":"pa_taille-s","12":"pa_taille-xl","13":"pa_taille-xxl","14":"pa_taille-xxxl","16":"first","17":"instock","18":"sale","19":"taxable","20":"shipping-taxable","21":"purchasable","22":"product-type-variable"},"_links":{"self":[{"href":"https:\/\/dev8.screenup.com\/de\/wp-json\/wp\/v2\/product\/6069","targetHints":{"allow":["GET"]}}],"collection":[{"href":"https:\/\/dev8.screenup.com\/de\/wp-json\/wp\/v2\/product"}],"about":[{"href":"https:\/\/dev8.screenup.com\/de\/wp-json\/wp\/v2\/types\/product"}],"wp:featuredmedia":[{"embeddable":true,"href":"https:\/\/dev8.screenup.com\/de\/wp-json\/wp\/v2\/media\/6070"}],"wp:attachment":[{"href":"https:\/\/dev8.screenup.com\/de\/wp-json\/wp\/v2\/media?parent=6069"}],"wp:term":[{"taxonomy":"product_brand","embeddable":true,"href":"https:\/\/dev8.screenup.com\/de\/wp-json\/wp\/v2\/product_brand?post=6069"},{"taxonomy":"product_cat","embeddable":true,"href":"https:\/\/dev8.screenup.com\/de\/wp-json\/wp\/v2\/product_cat?post=6069"},{"taxonomy":"product_tag","embeddable":true,"href":"https:\/\/dev8.screenup.com\/de\/wp-json\/wp\/v2\/product_tag?post=6069"}],"curies":[{"name":"wp","href":"https:\/\/api.w.org\/{rel}","templated":true}]}}