{"id":6183,"date":"2025-12-24T16:10:46","date_gmt":"2025-12-24T15:10:46","guid":{"rendered":"https:\/\/dev8.screenup.com\/produit\/chemise-hawaienne-rjc-kalaheo-paradise-rayonne\/"},"modified":"2026-04-09T02:04:33","modified_gmt":"2026-04-09T00:04:33","slug":"rjc-kalaheo-paradise-hawaiianisches-hemd-viskose","status":"publish","type":"product","link":"https:\/\/dev8.screenup.com\/de\/produkt\/rjc-kalaheo-paradise-hawaiianisches-hemd-viskose","title":{"rendered":"RJC KALAHEO PARADISE HAWAIIANISCHES HEMD (Viskose)"},"content":{"rendered":"\n<p>Cette Chemise Hawaii\u00a0 nous vient des ateliers\u00a0 RJC \u00e0 Honolulu, \u00e0 quelques m\u00e8tres de la plage de Waikiki.<\/p>\n\n<p>Construite en\u00a0 rayonne elle est plus l\u00e9g\u00e8re et fluide qu&#8217;une chemise en coton, plus agr\u00e9able aussi \u00e0 porter par temps chaud ou canicule. Il s&#8217;agit d&#8217;une chemise haut de gamme, facile \u00e0 distinguer des copies Asiatiques.<\/p>\n\n<p>Elle est id\u00e9ale, pour une soir\u00e9e sur la plage, un cocktail, un mariage cool, pour conduire un Roadster, une voiture Am\u00e9ricaine des fifties. Elle l&#8217;est aussi tout simplement pour afficher un style certain vintage, d\u00e9contract\u00e9 et classe.\u00a0<\/p>\n\n<p>Ce tissus en rayonne est un textile doux, l\u00e9ger, respirant, moins chaud avec un tomb\u00e9 de r\u00eave. Il ressemble \u00e0 la soie, mais il est bien plus abordable. Le rayonne est fabriqu\u00e9 avec de la pulpe de bois. C\u2019est un mat\u00e9riaux synth\u00e9tique mais \u00e0 base de fibres naturelles. Par contre le rayonne n\u00e9cessite un repassage contrairement au coton qui lui peut s\u2019en passer.\u00a0<\/p>\n\n<p>Les chemises Hawa\u00efenne dites (Aloha Shirt) sont n\u00e9es dans les ann\u00e9es 1930 \u00e0 Hawa\u00ef. Elles m\u00e9langeaient audacieusement les motifs traditionnels japonais, philippins, et hawa\u00efen, tous empreints de fleurs et de nature luxuriante. A cette \u00e9poque, Ces chemises \u00e9taient toutes en soie car construites dans des chutes de Kimono.. Les chemises en rayonne s\u2019inscrivent donc dans cette tradition.<\/p>\n\n<p>Nous distribuons cette marque depuis des ann\u00e9es et nous vous garantissons une qualit\u00e9 haut de gamme.<\/p>\n\n<p>Vous noterez les boutons en v\u00e9ritable cocotier. Egalement et cela est une caract\u00e9ristique des v\u00e9ritables chemises Hawaiienne, le motif de la pochette respecte le design original, il n&#8217;y pas de rupture, elles sont cousues bord \u00e0 bord jusqu&#8217;\u00e0 disparaitre dans le design.<\/p>\n\n<p>Bien sur l&#8217;\u00e9tiquette au col certifie son origine.<\/p>\n\n<p>Chez nous, vous ne trouverez aucune chemise produite en Asie. Nous restons logique \u00e0 notre cahier des charges, \u00e0 notre identit\u00e9 et \u00e0 notre mission. Nous sommes fier de travailler\u00a0 avec des entreprises respectant les ouvriers ainsi que les conditions de travail<\/p>\n\n<p><strong>JC HAWAII Robert J Clancey<\/strong>\u00a0est un des pionniers dans la conception des\u00a0 chemises Hawaiiennes. Cette compagnie cr\u00e9e en 1953 appartient toujours \u00e0 la famille. Dans cette collection vous trouverez quelques pi\u00e8ces en rayonne, un mat\u00e9riau \u00e0 base naturelle con\u00e7u \u00e0 partir de cellulose obtenue avec de la p\u00e2te de bois ou de coton dans la pure tradition des premi\u00e8res Aloha Shirts qui \u00e9taient coup\u00e9es dans des chutes de Kimono. Ce sont des chemises en Coton ou en Rayonne (suivant les mod\u00e8les), les boutons sont toujours en cocotier.<\/p>\n\n<p id=\"block-0N7BHbcJ00\" class=\"wp-block-nectar-blocks-text nectar-blocks-text\"><strong>TAILLES<\/strong><\/p>\n\n<p id=\"block-n6qJFP6csP\" class=\"wp-block-nectar-blocks-text nectar-blocks-text\">Attention ce sont des produits US, en g\u00e9n\u00e9ral les chemises taillent plus grand que les produits Europ\u00e9ens<\/p>\n\n<p id=\"block-sW078GYC5T\" class=\"wp-block-nectar-blocks-text nectar-blocks-text\">Vous trouverez sur ce site la grille des tailles et toutes les explications n\u00e9cessaires pour \u00e9viter de vous tromper dans votre commande.<\/p>\n","protected":false},"excerpt":{"rendered":"<p>Tauchen Sie ein in den Geist des Eskapismus mit diesem leichten, seidigen Rayon-Hawaiihemd, ideal f\u00fcr den Sommer oder um Ihrem Stil eine exotische Note zu verleihen. Sein tiefschwarzer Hintergrund hebt ein \u00fcppiges Muster aus Tiar\u00e9-Blumen, Paradiesblumen und lebendiger tropischer Flora wundersch\u00f6n hervor und schafft so einen raffinierten und lebendigen Kontrast.<\/p>\n","protected":false},"featured_media":6184,"template":"","meta":[],"product_brand":[],"product_cat":[95,97],"product_tag":[],"class_list":{"0":"post-6183","1":"product","2":"type-product","3":"status-publish","4":"has-post-thumbnail","6":"product_cat-hawaiihemden","7":"product_cat-hawaiihemden-fuer-herren","8":"pa_genre-mann","9":"pa_taille-l","10":"pa_taille-m","11":"pa_taille-s","12":"pa_taille-xl","13":"pa_taille-xxl","14":"pa_taille-xxxl","16":"first","17":"instock","18":"taxable","19":"shipping-taxable","20":"purchasable","21":"product-type-variable"},"_links":{"self":[{"href":"https:\/\/dev8.screenup.com\/de\/wp-json\/wp\/v2\/product\/6183","targetHints":{"allow":["GET"]}}],"collection":[{"href":"https:\/\/dev8.screenup.com\/de\/wp-json\/wp\/v2\/product"}],"about":[{"href":"https:\/\/dev8.screenup.com\/de\/wp-json\/wp\/v2\/types\/product"}],"wp:featuredmedia":[{"embeddable":true,"href":"https:\/\/dev8.screenup.com\/de\/wp-json\/wp\/v2\/media\/6184"}],"wp:attachment":[{"href":"https:\/\/dev8.screenup.com\/de\/wp-json\/wp\/v2\/media?parent=6183"}],"wp:term":[{"taxonomy":"product_brand","embeddable":true,"href":"https:\/\/dev8.screenup.com\/de\/wp-json\/wp\/v2\/product_brand?post=6183"},{"taxonomy":"product_cat","embeddable":true,"href":"https:\/\/dev8.screenup.com\/de\/wp-json\/wp\/v2\/product_cat?post=6183"},{"taxonomy":"product_tag","embeddable":true,"href":"https:\/\/dev8.screenup.com\/de\/wp-json\/wp\/v2\/product_tag?post=6183"}],"curies":[{"name":"wp","href":"https:\/\/api.w.org\/{rel}","templated":true}]}}