{"id":6201,"date":"2025-12-24T16:10:46","date_gmt":"2025-12-24T15:10:46","guid":{"rendered":"https:\/\/dev8.screenup.com\/produit\/chemise-hawaiienne-rjc-kalaheo-tiky-party-rayonne\/"},"modified":"2026-04-09T02:04:34","modified_gmt":"2026-04-09T00:04:34","slug":"rjc-kalaheo-tiky-party-hawaii-hemd-viskose","status":"publish","type":"product","link":"https:\/\/dev8.screenup.com\/de\/produkt\/rjc-kalaheo-tiky-party-hawaii-hemd-viskose","title":{"rendered":"RJC KALAHEO TIKY PARTY HAWAII-HEMD (Viskose)"},"content":{"rendered":"\nCette chemise hawaiienne rjc Hawaii\u00a0 nous vient des ateliers\u00a0 RJC \u00e0 Honolulu, \u00e0 quelques m\u00e8tres de la plage de Waikiki.\n\nConstruite en\u00a0 rayonne elle est plus l\u00e9g\u00e8re et fluide qu&#8217;une chemise en coton, plus agr\u00e9able aussi \u00e0 porter par temps chaud ou canicule.\n\nElle est id\u00e9ale, pour une soir\u00e9e sur la plage, un cocktail, un mariage cool, pour conduire un Roadster, une voiture Am\u00e9ricaine des fifties. Elle l&#8217;est aussi tout simplement pour afficher un style certain vintage, d\u00e9contract\u00e9 et classe.\u00a0\n\nLe rayonne est un textile doux, l\u00e9ger, respirant, moins chaud avec un tomb\u00e9 de r\u00eave. Il ressemble \u00e0 la soie, mais il est bien plus abordable, fabriqu\u00e9 avec de la pulpe de bois, c\u2019est un mat\u00e9riaux synth\u00e9tique mais \u00e0 base de fibres naturelles. Par contre le rayonne n\u00e9cessite un repassage contrairement au coton qui lui peut s\u2019en passer.\u00a0\n\nLes chemises Hawa\u00efenne dites (Aloha Shirt) sont n\u00e9es dans les ann\u00e9es 1930 \u00e0 Hawa\u00ef. Elles m\u00e9langeaient audacieusement les motifs traditionnels japonais, philippins, et hawa\u00efen, tous empreints de fleurs et de nature luxuriante. A cette \u00e9poque, Ces chemises \u00e9taient toutes en soie car construites dans des chutes de Kimono.. Les chemises en rayonne s\u2019inscrivent donc dans cette tradition.\n\nNous distribuons cette marque depuis des ann\u00e9es et nous vous garantissons une qualit\u00e9 haut de gamme.\n\nVous noterez les boutons en v\u00e9ritable cocotier. Egalement et cela est une caract\u00e9ristique des v\u00e9ritables chemises Hawaiienne, le motif de la pochette respecte le design original, il n&#8217;y pas de rupture, elles sont cousues bord \u00e0 bord jusqu&#8217;\u00e0 disparaitre dans le design.\n\nBien sur l&#8217;\u00e9tiquette au col certifie son origine.\n\nChez nous, vous ne trouverez aucune chemise produite en Asie. Nous restons logique \u00e0 notre cahier des charges, \u00e0 notre identit\u00e9 et \u00e0 notre mission. Nous sommes fier de travailler avec ces iles et avec des entreprises respectant les ouvriers ainsi que les conditions de travail\n<h4><strong>RJC HAWAII<\/strong><\/h4>\nRobert J Clancey est un des pionniers dans la conception des chemises Hawaiiennes. Cette compagnie cr\u00e9e en 1953 appartient toujours \u00e0 la famille. Dans cette collection vous trouverez quelques pi\u00e8ces en rayonne (ou viscose), un mat\u00e9riau \u00e0 base naturelle con\u00e7u \u00e0 partir de cellulose obtenue avec de la p\u00e2te de bois ou dans coton, pour se rapprocher au mieux de la pure tradition des premi\u00e8res Aloha shirts qui \u00e9taient coup\u00e9es dans des chutes de Kimono.\n","protected":false},"excerpt":{"rendered":"<p>G\u00f6nnen Sie sich einen Hauch von Entspannung mit diesem leichten und flie\u00dfenden Hawaii-Hemd aus Viskose, perfekt f\u00fcr sonnige Tage und entspannte Abende gleicherma\u00dfen. Sein strahlend wei\u00dfer Hintergrund hebt ein zartes und harmonisches Muster aus himmelblauer tropischer Flora hervor, das einen Hauch von Exotik verleiht, ohne zu \u00fcberladen zu wirken.<\/p>\n","protected":false},"featured_media":6203,"template":"","meta":[],"product_brand":[],"product_cat":[95,97],"product_tag":[],"class_list":{"0":"post-6201","1":"product","2":"type-product","3":"status-publish","4":"has-post-thumbnail","6":"product_cat-hawaiihemden","7":"product_cat-hawaiihemden-fuer-herren","8":"pa_genre-mann","9":"pa_taille-l","10":"pa_taille-m","11":"pa_taille-s","12":"pa_taille-xl","13":"pa_taille-xs","14":"pa_taille-xxl","15":"pa_taille-xxxl","17":"first","18":"instock","19":"taxable","20":"shipping-taxable","21":"purchasable","22":"product-type-variable"},"_links":{"self":[{"href":"https:\/\/dev8.screenup.com\/de\/wp-json\/wp\/v2\/product\/6201","targetHints":{"allow":["GET"]}}],"collection":[{"href":"https:\/\/dev8.screenup.com\/de\/wp-json\/wp\/v2\/product"}],"about":[{"href":"https:\/\/dev8.screenup.com\/de\/wp-json\/wp\/v2\/types\/product"}],"wp:featuredmedia":[{"embeddable":true,"href":"https:\/\/dev8.screenup.com\/de\/wp-json\/wp\/v2\/media\/6203"}],"wp:attachment":[{"href":"https:\/\/dev8.screenup.com\/de\/wp-json\/wp\/v2\/media?parent=6201"}],"wp:term":[{"taxonomy":"product_brand","embeddable":true,"href":"https:\/\/dev8.screenup.com\/de\/wp-json\/wp\/v2\/product_brand?post=6201"},{"taxonomy":"product_cat","embeddable":true,"href":"https:\/\/dev8.screenup.com\/de\/wp-json\/wp\/v2\/product_cat?post=6201"},{"taxonomy":"product_tag","embeddable":true,"href":"https:\/\/dev8.screenup.com\/de\/wp-json\/wp\/v2\/product_tag?post=6201"}],"curies":[{"name":"wp","href":"https:\/\/api.w.org\/{rel}","templated":true}]}}