{"id":6389,"date":"2025-12-24T16:10:42","date_gmt":"2025-12-24T15:10:42","guid":{"rendered":"https:\/\/dev8.screenup.com\/produit\/chemise-hawaienne-vahine-hibiscus-aloha-republic\/"},"modified":"2026-04-08T19:00:47","modified_gmt":"2026-04-08T17:00:47","slug":"hawaiianisches-hemd-vahine-hibiscus-rosa-aloha-republik","status":"publish","type":"product","link":"https:\/\/dev8.screenup.com\/de\/produkt\/hawaiianisches-hemd-vahine-hibiscus-rosa-aloha-republik","title":{"rendered":"HAWAIIANISCHES HEMD VAHINE HIBISCUS rosa ALOHA REPUBLIK"},"content":{"rendered":"<p>Cette chemise hawaiienne vahine hibiscus Femme, nous vient des ateliers ALOHA REPUBLIC \u00e0 Honolulu, \u00e0 quelques m\u00e8tres de la plage de Waikiki seulement. Cette tr\u00e8s belle chemise Hawaiienne, 100% Coton avec sa coupe cintr\u00e9e s&#8217;adresse aux femmes. Elle peut se porter droite ou bien nou\u00e9e dans un style pin up vintage et tropical.\u00a0 Ce mod\u00e8le f\u00e9minin rose \u00e0 base de fleurs hibiscus peut \u00eatre port\u00e9 en toutes occasions.<\/p>\n<p>Elle est id\u00e9ale, pour une soir\u00e9e sur la plage, un cocktail, un mariage cool, pour conduire un Roadster, une voiture Am\u00e9ricaine des fifties. Elle l&#8217;est aussi tout simplement pour afficher un style certain vintage, d\u00e9contract\u00e9 et classe.<\/p>\n<p>Cette chemise\u00a0 est durable, elle tient tr\u00e8s bien aux lavage et dans le temps.<\/p>\n<p>Nous distribuons cette marque depuis des ann\u00e9es et nous vous garantissons une qualit\u00e9 irr\u00e9prochable.<\/p>\n<p>Vous noterez les boutons en v\u00e9ritable cocotier. Egalement et cela est une caract\u00e9ristique des v\u00e9ritables chemises Hawaiienne, le motif de la pochette respecte le design original, il n&#8217;y pas de rupture, elles sont cousues bord \u00e0 bord jusqu&#8217;\u00e0 disparaitre dans le design.<\/p>\n<p>Bien sur l&#8217;\u00e9tiquette au col certifie son origine, Honolulu, Oahu, Hawaii, USA<\/p>\n<p>Chez nous, vous ne trouverez aucune chemise produite en Asie. Nous restons logique \u00e0 notre cahier des charges, \u00e0 notre identit\u00e9 et \u00e0 notre mission. Nous sommes fier de travailler avec ces iles et avec des entreprises respectant les ouvriers ainsi que les conditions de travail<\/p>\n<p><strong>TAILLES<\/strong><\/p>\n<p><strong>Attention ce sont des produits US, en g\u00e9n\u00e9ral les chemises taillent plus grand que les produits Europ\u00e9en<\/strong><strong>s<\/strong><\/p>\n<p>Vous trouverez sur ce site la grille des tailles et toutes les explications n\u00e9cessaires pour \u00e9viter de vous tromper dans votre commande.<\/p>\n","protected":false},"excerpt":{"rendered":"<p>Tauchen Sie ein in die sonnige Atmosph\u00e4re der Tropen mit diesem Hawaii-Shirt f\u00fcr Damen, das durch ein Muster aus leuchtenden Hibiskusbl\u00fcten auf rosa Hintergrund hervorgehoben wird. Inspiriert von der Vintage-Pin-up-\u00c4sthetik, vereint es Retro-Eleganz und Sommerfrische f\u00fcr einen mutigen und femininen Look.<\/p>\n","protected":false},"featured_media":6390,"template":"","meta":[],"product_brand":[],"product_cat":[95,98],"product_tag":[],"class_list":{"0":"post-6389","1":"product","2":"type-product","3":"status-publish","4":"has-post-thumbnail","6":"product_cat-hawaiihemden","7":"product_cat-hawaiihemden-fuer-damen","8":"pa_genre-frauen","9":"pa_taille-l","10":"pa_taille-m","11":"pa_taille-s","12":"pa_taille-xl","13":"pa_taille-xxl","14":"pa_taille-xxxl","16":"first","17":"instock","18":"taxable","19":"shipping-taxable","20":"purchasable","21":"product-type-variable"},"_links":{"self":[{"href":"https:\/\/dev8.screenup.com\/de\/wp-json\/wp\/v2\/product\/6389","targetHints":{"allow":["GET"]}}],"collection":[{"href":"https:\/\/dev8.screenup.com\/de\/wp-json\/wp\/v2\/product"}],"about":[{"href":"https:\/\/dev8.screenup.com\/de\/wp-json\/wp\/v2\/types\/product"}],"wp:featuredmedia":[{"embeddable":true,"href":"https:\/\/dev8.screenup.com\/de\/wp-json\/wp\/v2\/media\/6390"}],"wp:attachment":[{"href":"https:\/\/dev8.screenup.com\/de\/wp-json\/wp\/v2\/media?parent=6389"}],"wp:term":[{"taxonomy":"product_brand","embeddable":true,"href":"https:\/\/dev8.screenup.com\/de\/wp-json\/wp\/v2\/product_brand?post=6389"},{"taxonomy":"product_cat","embeddable":true,"href":"https:\/\/dev8.screenup.com\/de\/wp-json\/wp\/v2\/product_cat?post=6389"},{"taxonomy":"product_tag","embeddable":true,"href":"https:\/\/dev8.screenup.com\/de\/wp-json\/wp\/v2\/product_tag?post=6389"}],"curies":[{"name":"wp","href":"https:\/\/api.w.org\/{rel}","templated":true}]}}