{"id":6619,"date":"2025-12-24T16:10:24","date_gmt":"2025-12-24T15:10:24","guid":{"rendered":"https:\/\/dev8.screenup.com\/produit\/chemise-hawaiienne-aloha-republic-flower-black\/"},"modified":"2026-04-09T02:03:21","modified_gmt":"2026-04-09T00:03:21","slug":"hawaiianisches-aloha-republik-blumen-schwarzes-hemd","status":"publish","type":"product","link":"https:\/\/dev8.screenup.com\/de\/produkt\/hawaiianisches-aloha-republik-blumen-schwarzes-hemd","title":{"rendered":"HAWAIIANISCHES ALOHA-REPUBLIK-BLUMEN-SCHWARZES HEMD"},"content":{"rendered":"<p>Cette Chemise hawa\u00efenne Flower black nous vient des ateliers ALOHA REPUBIC \u00e0 Honolulu. Avec son motif \u00e0 base de fleurs tropicales sur fond noir, elle est particuli\u00e8rement r\u00e9ussie et classe. C&#8217;est une de nos meilleures ventes<\/p>\n<p>Elle est id\u00e9ale, pour une soir\u00e9e sur la plage, un cocktail, un mariage cool, pour conduire un Roadster, une voiture Am\u00e9ricaine des fifties, ou tout simplement pour afficher un style certain vintage, d\u00e9contract\u00e9 et classe.\u00a0<\/p>\n<p>Cette chemise 100% coton est durable. Nous distribuons cette marque depuis des ann\u00e9es et nous pouvons vous garantir une top qualit\u00e9 US.<\/p>\n<p>Vous noterez les boutons en v\u00e9ritable cocotier. Egalement et cela est une caract\u00e9ristique des v\u00e9ritables chemises Hawaiienne, le motif de la pochette respecte le design original, il n&#8217;y pas de rupture, elles sont cousues bord \u00e0 bord jusqu&#8217;\u00e0 disparaitre dans le design.<\/p>\n<p>Bien sur l&#8217;\u00e9tiquette au col certifie son origine.<\/p>\n<p>Chez nous, vous ne trouverez aucune chemise produite en Asie, nous restons logique \u00e0 notre cahier des charges, \u00e0 notre identit\u00e9 et \u00e0 notre mission. Nous sommes fier de travailler avec ces iles et avec des entreprises respectant les ouvriers ainsi que les conditions de travail<\/p>\n<h4><strong>ALOHA REPUBLIC<\/strong>\u00a0<\/h4>\n<p>Produit des v\u00eatements de qualit\u00e9 depuis 1983 et compte aujourd&#8217;hui parmi les leader des Aloha shirt sur ces iles. Cette collection incarne le mode des vie des \u00eeles hawaiiennes.<\/p>\n\n<p id=\"block-xo7eThk4Ph\" class=\"wp-block-nectar-blocks-text nectar-blocks-text\"><\/p>\n\n<p id=\"block-uOk45vId0l\" class=\"wp-block-nectar-blocks-text nectar-blocks-text\"><strong>TAILLES<\/strong><\/p>\n\n<p id=\"block-OhL7bTI5ua\" class=\"wp-block-nectar-blocks-text nectar-blocks-text\">Attention ce sont des produits US, en g\u00e9n\u00e9ral les chemises taillent plus grand que les produits Europ\u00e9ens<\/p>\n\n<p id=\"block-LDI945as7h\" class=\"wp-block-nectar-blocks-text nectar-blocks-text\">Vous trouverez sur ce site la grille des tailles et toutes les explications n\u00e9cessaires pour \u00e9viter de vous tromper dans votre commande.<\/p>\n","protected":false},"excerpt":{"rendered":"<p>Entdecken Sie unser schwarzes Hawaiihemd mit lebendigem Blumenmuster. Dieses schwarze Hawaiihemd verleiht Ihrem Stil tropisches Flair und Eleganz<\/p>\n","protected":false},"featured_media":6620,"template":"","meta":[],"product_brand":[],"product_cat":[95,97],"product_tag":[],"class_list":{"0":"post-6619","1":"product","2":"type-product","3":"status-publish","4":"has-post-thumbnail","6":"product_cat-hawaiihemden","7":"product_cat-hawaiihemden-fuer-herren","8":"pa_genre-mann","9":"pa_taille-l","10":"pa_taille-m","11":"pa_taille-s","12":"pa_taille-xl","13":"pa_taille-xxl","14":"pa_taille-xxxl","16":"first","17":"instock","18":"sale","19":"taxable","20":"shipping-taxable","21":"purchasable","22":"product-type-variable"},"_links":{"self":[{"href":"https:\/\/dev8.screenup.com\/de\/wp-json\/wp\/v2\/product\/6619","targetHints":{"allow":["GET"]}}],"collection":[{"href":"https:\/\/dev8.screenup.com\/de\/wp-json\/wp\/v2\/product"}],"about":[{"href":"https:\/\/dev8.screenup.com\/de\/wp-json\/wp\/v2\/types\/product"}],"wp:featuredmedia":[{"embeddable":true,"href":"https:\/\/dev8.screenup.com\/de\/wp-json\/wp\/v2\/media\/6620"}],"wp:attachment":[{"href":"https:\/\/dev8.screenup.com\/de\/wp-json\/wp\/v2\/media?parent=6619"}],"wp:term":[{"taxonomy":"product_brand","embeddable":true,"href":"https:\/\/dev8.screenup.com\/de\/wp-json\/wp\/v2\/product_brand?post=6619"},{"taxonomy":"product_cat","embeddable":true,"href":"https:\/\/dev8.screenup.com\/de\/wp-json\/wp\/v2\/product_cat?post=6619"},{"taxonomy":"product_tag","embeddable":true,"href":"https:\/\/dev8.screenup.com\/de\/wp-json\/wp\/v2\/product_tag?post=6619"}],"curies":[{"name":"wp","href":"https:\/\/api.w.org\/{rel}","templated":true}]}}