{"id":6813,"date":"2025-12-24T15:19:58","date_gmt":"2025-12-24T14:19:58","guid":{"rendered":"https:\/\/dev8.screenup.com\/produit\/porte-cles-surfpistols-gone-surfing\/"},"modified":"2026-04-09T02:15:41","modified_gmt":"2026-04-09T00:15:41","slug":"surfpistolen-gegangen-surfen-schluesselanhaenger","status":"publish","type":"product","link":"https:\/\/dev8.screenup.com\/de\/produkt\/surfpistolen-gegangen-surfen-schluesselanhaenger","title":{"rendered":"SURFPISTOLEN GEGANGEN SURFEN SCHL\u00dcSSELANH\u00c4NGER"},"content":{"rendered":"\nLe porte-cl\u00e9 Gone Surfing, un objet original et pratique pour accrocher les cl\u00e9s de votre v\u00e9hicule ou de votre logement!\nCe\u00a0<strong>porte-cl\u00e9 Gone Surfing<\/strong> est un accessoire sympathique pour les surfeurs.\n\nIl est fabriqu\u00e9 \u00e0 partir de mat\u00e9riaux de haute qualit\u00e9 pour garantir une longue dur\u00e9e de vie.\n\nCe porte-cl\u00e9 est dot\u00e9 d&#8217;un anneau\u00a0\u00e0 spires en m\u00e9tal pour accrocher facilement vos cl\u00e9s.\n\nCe porte-cl\u00e9 est aussi symbolique.\u00a0Il repr\u00e9sente la passion pour la mer, les vagues et l&#8217;aventure. C&#8217;est un rappel quotidien des moments de plaisir pass\u00e9s sur la plage, des sessions de surf r\u00e9ussies et des d\u00e9fis relev\u00e9s au creux des rouleaux.\n\nCe porte clef avec son woodie charg\u00e9 de planches de surf, est un hommage aux pionniers Californiens. Il plaira \u00e9galement aux fans de l\u2019Am\u00e9rican way of life, des fifties et des voitures Am\u00e9ricaines.\n\nCe porte-cl\u00e9 est \u00e9galement un cadeau abordable pour partager votre amour pour le surf avec vos amis ou votre famille.\n\n<h4>Caract\u00e9ristiques :<\/h4>\n<ul>\n         <li>Alliage m\u00e9tallique solide, l\u00e9ger, anti-rouille et anti-corrosion.<\/li>\n<\/ul>\n<ul>\n         <li>Anneau bris\u00e9 universel de 30mm de diam\u00e8tre: vos cl\u00e9s sont faciles \u00e0 ins\u00e9rer, et sont en s\u00e9curit\u00e9. Compatibilit\u00e9 totale avec n\u2019importe quel type de cl\u00e9.<\/li>\n<\/ul>\n<ul>\n         <li>Gr\u00e2ce \u00e0 ses dimensions (5,5 x 3,5cm) et \u00e0 son poids plume (33gr), ce porte cl\u00e9 surf est agr\u00e9able \u00e0 prendre en main. Il se glisse dans votre poche ou dans votre sac sans cr\u00e9er de volume suppl\u00e9mentaire inutile. Parfait pour organiser vos nombreuses cl\u00e9s, et les retrouver rapidement.\u00a0 Son poids l\u00e9ger n\u2019endommagera votre Neiman.<\/li>\n<\/ul>\n","protected":false},"excerpt":{"rendered":"<p>Schl\u00fcsselanh\u00e4nger aus Metall. Dieser Schl\u00fcsselanh\u00e4nger mit seinem mit Surfbrettern beladenen Woodie ist eine Hommage an die kalifornischen Pioniere.<\/p>\n","protected":false},"featured_media":6814,"template":"","meta":[],"product_brand":[],"product_cat":[94,156],"product_tag":[],"class_list":{"0":"post-6813","1":"product","2":"type-product","3":"status-publish","4":"has-post-thumbnail","6":"product_cat-leckereien","7":"product_cat-schluesselanhaenger","9":"first","10":"instock","11":"taxable","12":"shipping-taxable","13":"purchasable","14":"product-type-simple"},"_links":{"self":[{"href":"https:\/\/dev8.screenup.com\/de\/wp-json\/wp\/v2\/product\/6813","targetHints":{"allow":["GET"]}}],"collection":[{"href":"https:\/\/dev8.screenup.com\/de\/wp-json\/wp\/v2\/product"}],"about":[{"href":"https:\/\/dev8.screenup.com\/de\/wp-json\/wp\/v2\/types\/product"}],"wp:featuredmedia":[{"embeddable":true,"href":"https:\/\/dev8.screenup.com\/de\/wp-json\/wp\/v2\/media\/6814"}],"wp:attachment":[{"href":"https:\/\/dev8.screenup.com\/de\/wp-json\/wp\/v2\/media?parent=6813"}],"wp:term":[{"taxonomy":"product_brand","embeddable":true,"href":"https:\/\/dev8.screenup.com\/de\/wp-json\/wp\/v2\/product_brand?post=6813"},{"taxonomy":"product_cat","embeddable":true,"href":"https:\/\/dev8.screenup.com\/de\/wp-json\/wp\/v2\/product_cat?post=6813"},{"taxonomy":"product_tag","embeddable":true,"href":"https:\/\/dev8.screenup.com\/de\/wp-json\/wp\/v2\/product_tag?post=6813"}],"curies":[{"name":"wp","href":"https:\/\/api.w.org\/{rel}","templated":true}]}}