{"id":6893,"date":"2025-12-24T15:19:55","date_gmt":"2025-12-24T14:19:55","guid":{"rendered":"https:\/\/dev8.screenup.com\/produit\/figurine-hawaienne-erina-pour-tableau-de-bord-voiture-10-cm\/"},"modified":"2026-04-09T02:11:16","modified_gmt":"2026-04-09T00:11:16","slug":"hawaiianische-hula-puppe-erina-10-cm","status":"publish","type":"product","link":"https:\/\/dev8.screenup.com\/de\/produkt\/hawaiianische-hula-puppe-erina-10-cm","title":{"rendered":"Hawaiianische HULA-PUPPE ERINA (10 cm)"},"content":{"rendered":"<p>Figurine poup\u00e9e Hawa\u00efenne danseuse<\/p>\n<p>Plongez dans le charme m\u00e9lodique des \u00eeles hawa\u00efennes avec notre poup\u00e9e Erina et son Ukul\u00e9l\u00e9.<\/p>\n<p>Chef-d\u2019\u0153uvre de l\u2019artisanat et de l\u2019art, cette jolie poup\u00e9e miniature n\u2019est pas seulement une d\u00e9coration. C\u2019est aussi un symbole de la musique insulaire et de l\u2019esprit Aloha qui impr\u00e8gne la vie hawa\u00efenne.<\/p>\n<p>Sculpt\u00e9es par un artiste et peintes \u00e0 la main, chaque poup\u00e9e capture l\u2019essence de la culture hawa\u00efenne. Cette figurine offre des d\u00e9tails \u00e9poustouflants. Mesurant 10 cms de hauteur, elle est le compagnon id\u00e9al pour votre tableau de bord ou de votre bureau. Erina est pr\u00eate \u00e0 apporter une touche d\u2019esprit paisible et joyeux hawa\u00efen \u00e0 votre environnement quotidien.<\/p>\n<p>Fabriqu\u00e9 en polyr\u00e9sine durable, ce mod\u00e8le de tableau de bord est dot\u00e9 d\u2019une base adh\u00e9sive pour un montage facile. Il garantie une bonne fixation.<\/p>\n<p>Au fur et \u00e0 mesure que votre v\u00e9hicule se d\u00e9place, regardez-la danser un hula dance doux, une vue captivante qui apporte l\u2019ambiance d\u00e9contract\u00e9e des \u00eeles dans votre voiture.<\/p>\n<p>La poup\u00e9e Erina et son Ukul\u00e9l\u00e9 est orn\u00e9e d\u2019une tenue traditionnelle hawa\u00efenne, elle tient un minuscule ukul\u00e9l\u00e9, clin d\u2019\u0153il au riche patrimoine musical des \u00eeles.<\/p>\n<p>Que vous soyez un amateur de musique, un collectionneur d\u2019objets uniques ou simplement quelqu\u2019un qui appr\u00e9cie la beaut\u00e9 de la culture hawa\u00efenne, cette poup\u00e9e de tableau de bord est un ajout significatif et d\u00e9licieux \u00e0 votre quotidien.<\/p>\n<p>Offrez-la \u00e0 un ami qui partage votre amour pour Hawaii, ou gardez-la pour vous comme un rappel quotidien des m\u00e9lodies enchanteresses des \u00eeles et de l\u2019esprit chaleureux et accueillant d\u2019Aloha. Cette poup\u00e9e de tableau de bord Erina est plus qu\u2019un accessoire; c\u2019est un morceau d\u2019Hawa\u00ef qui vous fait la s\u00e9r\u00e9nade \u00e0 chaque voyage.<\/p>\n<h4><strong>Id\u00e9e-cadeau<\/strong><\/h4>\n<p>Parfait comme cadeau pour les amis et la famille. Cette figurine apporte une touche d&#8217;exotisme \u00e0 n&#8217;importe quel v\u00e9hicule. Offrez un petit morceau d&#8217;Hawa\u00ef et laissez cette figurine hula vous accompagner dans toutes vos aventures sur la route.<\/p>\n<h4>Caract\u00e9ristiques<\/h4>\n<p>Hauteur : 10 cm &#8211; Fixation : adh\u00e9sif Import Hawaii mais made in China<\/p>\n\n<p id=\"block-V9qXLRYTze\" class=\"wp-block-nectar-blocks-text nectar-blocks-text\"><\/p>\n\n<p id=\"block-W74qo9n4gq\" class=\"wp-block-nectar-blocks-text nectar-blocks-text\">Cette poup\u00e9e danseuse Hawaiienne, peinte \u00e0 la main est made in China mais import\u00e9e d&#8217;Hawaii<\/p>\n","protected":false},"excerpt":{"rendered":"<p>Erina hawaiianische T\u00e4nzerin-Puppenfigur. Diese kleine hawaiianische Tanzpuppe ist handbemalt! Es ist so konzipiert, dass es sanft mit den Bewegungen Ihres Fahrzeugs mitschwingt<\/p>\n","protected":false},"featured_media":6894,"template":"","meta":[],"product_brand":[],"product_cat":[107,94],"product_tag":[],"class_list":{"0":"post-6893","1":"product","2":"type-product","3":"status-publish","4":"has-post-thumbnail","6":"product_cat-hawaiianische-puppen","7":"product_cat-leckereien","9":"first","10":"instock","11":"taxable","12":"shipping-taxable","13":"purchasable","14":"product-type-simple"},"_links":{"self":[{"href":"https:\/\/dev8.screenup.com\/de\/wp-json\/wp\/v2\/product\/6893","targetHints":{"allow":["GET"]}}],"collection":[{"href":"https:\/\/dev8.screenup.com\/de\/wp-json\/wp\/v2\/product"}],"about":[{"href":"https:\/\/dev8.screenup.com\/de\/wp-json\/wp\/v2\/types\/product"}],"wp:featuredmedia":[{"embeddable":true,"href":"https:\/\/dev8.screenup.com\/de\/wp-json\/wp\/v2\/media\/6894"}],"wp:attachment":[{"href":"https:\/\/dev8.screenup.com\/de\/wp-json\/wp\/v2\/media?parent=6893"}],"wp:term":[{"taxonomy":"product_brand","embeddable":true,"href":"https:\/\/dev8.screenup.com\/de\/wp-json\/wp\/v2\/product_brand?post=6893"},{"taxonomy":"product_cat","embeddable":true,"href":"https:\/\/dev8.screenup.com\/de\/wp-json\/wp\/v2\/product_cat?post=6893"},{"taxonomy":"product_tag","embeddable":true,"href":"https:\/\/dev8.screenup.com\/de\/wp-json\/wp\/v2\/product_tag?post=6893"}],"curies":[{"name":"wp","href":"https:\/\/api.w.org\/{rel}","templated":true}]}}