{"id":6901,"date":"2025-12-24T15:19:55","date_gmt":"2025-12-24T14:19:55","guid":{"rendered":"https:\/\/dev8.screenup.com\/produit\/figurine-hawaienne-moana-pour-tableau-de-bord-voiture-10-cm\/"},"modified":"2026-04-09T02:11:21","modified_gmt":"2026-04-09T00:11:21","slug":"hawaiianische-hula-puppe-moana-10-cm","status":"publish","type":"product","link":"https:\/\/dev8.screenup.com\/de\/produkt\/hawaiianische-hula-puppe-moana-10-cm","title":{"rendered":"Hawaiianische HULA-PUPPE MOANA (10 cm)"},"content":{"rendered":"\n<p>Poup\u00e9e danseuse Hawaii<\/p>\n\n<p>Bienvenue dans votre collection : la poup\u00e9e Moana est un ajout \u00e9blouissant qui capture l\u2019essence de la beaut\u00e9 hawa\u00efenne ainsi que l\u2019esprit de la danse hula.<\/p>\n\n<p>Cette miniature de 10 cm est le dernier joyau de notre collection de poup\u00e9es miniatures, sculpt\u00e9e par un artiste talentueux et peinte \u00e0 la main avec soin pour mettre en valeur ses traits complexes et sa tenue vibrante.<\/p>\n\n<p>Fabriqu\u00e9e \u00e0 partir de r\u00e9sine poly de haute qualit\u00e9, la poup\u00e9e Moana est non seulement charmante mais aussi durable. Sa base adh\u00e9sive permet un montage facile et s\u00fbr, sur n\u2019importe quel tableau de bord ou bureau, en veillant \u00e0 ce qu\u2019elle reste stable et pr\u00eate \u00e0 balancer doucement, apportant une influence apaisante \u00e0 vos promenades en voiture ou votre journ\u00e9e de travail.<\/p>\n\n<p>Parfaitement adapt\u00e9e \u00e0 la d\u00e9coration de petits espaces, cette poup\u00e9e de tableau de bord est un excellent compagnon dans les environnements domestiques et de bureau. Sa pose gracieuse et ses accessoires de fleurs en tiare d\u00e9taill\u00e9s incarnent le th\u00e8me tropical des \u00eeles hawa\u00efennes, ce qui fait d\u2019elle une repr\u00e9sentation d\u00e9licieuse de la c\u00e9l\u00e8bre culture hula de l\u2019\u00eele.<\/p>\n\n<p>Que vous soyez collectionneur d\u2019artefacts hawa\u00efens ou que vous cherchiez un cadeau unique qui transmet l\u2019ambiance Aloha, la poup\u00e9e Napua Tiare Dashboard est le choix id\u00e9al. Elle n\u2019est pas seulement une figurine mais un morceau de paradis qui ajoute une touche de mode de vie insulaire \u00e0 votre environnement quotidien, inspirant la d\u00e9tente et la joie o\u00f9 qu\u2019elle soit plac\u00e9e.<\/p>\n\n<p>Import hawaii mais made in China<\/p>\n\n<p>&#8211; Hauteur : 10,24 cm<br \/>&#8211; Fixation : adh\u00e9sif<\/p>\n\n<p id=\"block-CHggjNYfww\" class=\"wp-block-nectar-blocks-text nectar-blocks-text\">Cette poup\u00e9e danseuse Hawaiienne, peinte \u00e0 la main est made in China mais import\u00e9e d&#8217;Hawaii<\/p>\n","protected":false},"excerpt":{"rendered":"<p>Diese HULA DOLL Hawaiian Moana Doll ist eine Autofigur; Diese kleine polynesische T\u00e4nzerin bringt jeden Tag den sonnigen Geist Hawaiis auf Ihr Armaturenbrett.<\/p>\n","protected":false},"featured_media":6902,"template":"","meta":[],"product_brand":[],"product_cat":[107,94],"product_tag":[],"class_list":{"0":"post-6901","1":"product","2":"type-product","3":"status-publish","4":"has-post-thumbnail","6":"product_cat-hawaiianische-puppen","7":"product_cat-leckereien","9":"first","10":"instock","11":"taxable","12":"shipping-taxable","13":"purchasable","14":"product-type-simple"},"_links":{"self":[{"href":"https:\/\/dev8.screenup.com\/de\/wp-json\/wp\/v2\/product\/6901","targetHints":{"allow":["GET"]}}],"collection":[{"href":"https:\/\/dev8.screenup.com\/de\/wp-json\/wp\/v2\/product"}],"about":[{"href":"https:\/\/dev8.screenup.com\/de\/wp-json\/wp\/v2\/types\/product"}],"wp:featuredmedia":[{"embeddable":true,"href":"https:\/\/dev8.screenup.com\/de\/wp-json\/wp\/v2\/media\/6902"}],"wp:attachment":[{"href":"https:\/\/dev8.screenup.com\/de\/wp-json\/wp\/v2\/media?parent=6901"}],"wp:term":[{"taxonomy":"product_brand","embeddable":true,"href":"https:\/\/dev8.screenup.com\/de\/wp-json\/wp\/v2\/product_brand?post=6901"},{"taxonomy":"product_cat","embeddable":true,"href":"https:\/\/dev8.screenup.com\/de\/wp-json\/wp\/v2\/product_cat?post=6901"},{"taxonomy":"product_tag","embeddable":true,"href":"https:\/\/dev8.screenup.com\/de\/wp-json\/wp\/v2\/product_tag?post=6901"}],"curies":[{"name":"wp","href":"https:\/\/api.w.org\/{rel}","templated":true}]}}