{"id":6965,"date":"2025-12-24T15:19:52","date_gmt":"2025-12-24T14:19:52","guid":{"rendered":"https:\/\/dev8.screenup.com\/produit\/porte-cles-surfpistols-life-is-only-skate\/"},"modified":"2026-04-09T02:08:35","modified_gmt":"2026-04-09T00:08:35","slug":"surfpistols-life-is-nur-skate-schluesselanhaenger","status":"publish","type":"product","link":"https:\/\/dev8.screenup.com\/de\/produkt\/surfpistols-life-is-nur-skate-schluesselanhaenger","title":{"rendered":"SURFPISTOLS LIFE IS NUR SKATE-SCHL\u00dcSSELANH\u00c4NGER"},"content":{"rendered":"\nLe porte-cl\u00e9 LIFE IS ONLY SKATE, un objet original et pratique pour accrocher les cl\u00e9s de votre v\u00e9hicule ou de votre logement!\nCe\u00a0<strong>porte-cl\u00e9 Skateboard <\/strong>est un accessoire sympathique pour les skaters.\n\nIl est fabriqu\u00e9 \u00e0 partir de mat\u00e9riaux de haute qualit\u00e9 pour garantir une longue dur\u00e9e de vie.\n\nCe porte-cl\u00e9 est dot\u00e9 d&#8217;un anneau\u00a0\u00e0 spires en m\u00e9tal pour accrocher facilement vos cl\u00e9s.\n\nCe porte-cl\u00e9 est aussi symbolique, il repr\u00e9sente la passion pour ce sport. C&#8217;est un rappel quotidien des moments de plaisir pass\u00e9s sur les spots, les rampes, les skate-park, des sessions de skate r\u00e9ussies et des d\u00e9fis relev\u00e9s.\n\nCe porte-cl\u00e9 est \u00e9galement un cadeau abordable pour partager votre amour pour le skate avec vos amis ou votre famille.\n\nUne chose est certaine\u00a0: LIFE IS ONLY SKATE\n\n<h4>Caract\u00e9ristiques :<\/h4>\n<ul>\n         <li>Alliage m\u00e9tallique solide, l\u00e9ger, anti-rouille et anti-corrosion.<\/li>\n<\/ul>\n<ul>\n         <li>Anneau bris\u00e9 universel de 30mm de diam\u00e8tre: vos cl\u00e9s sont faciles \u00e0 ins\u00e9rer, et sont en s\u00e9curit\u00e9. Compatibilit\u00e9 totale avec n\u2019importe quel type de cl\u00e9.<\/li>\n<\/ul>\n<ul>\n         <li>Gr\u00e2ce \u00e0 ses dimensions (5,5 x 3,5cm) et \u00e0 son poids plume (35g), ce\u00a0porte cl\u00e9 surf\u00a0est agr\u00e9able \u00e0 prendre en main. Il se glisse dans votre poche ou dans votre sac sans cr\u00e9er de volume suppl\u00e9mentaire inutile. Parfait pour organiser vos nombreuses cl\u00e9s, et les retrouver rapidement.\u00a0 Son poids l\u00e9ger n\u2019endommagera votre Neiman.<\/li>\n<\/ul>\n","protected":false},"excerpt":{"rendered":"<p>LIFE IS ONLY SKATE Schl\u00fcsselanh\u00e4nger aus Metall. Dieser Schl\u00fcsselanh\u00e4nger ist auch symbolisch, er repr\u00e4sentiert die Leidenschaft f\u00fcr das Skateboarden<\/p>\n","protected":false},"featured_media":6966,"template":"","meta":[],"product_brand":[],"product_cat":[94,156],"product_tag":[],"class_list":{"0":"post-6965","1":"product","2":"type-product","3":"status-publish","4":"has-post-thumbnail","6":"product_cat-leckereien","7":"product_cat-schluesselanhaenger","9":"first","10":"instock","11":"taxable","12":"shipping-taxable","13":"purchasable","14":"product-type-simple"},"_links":{"self":[{"href":"https:\/\/dev8.screenup.com\/de\/wp-json\/wp\/v2\/product\/6965","targetHints":{"allow":["GET"]}}],"collection":[{"href":"https:\/\/dev8.screenup.com\/de\/wp-json\/wp\/v2\/product"}],"about":[{"href":"https:\/\/dev8.screenup.com\/de\/wp-json\/wp\/v2\/types\/product"}],"wp:featuredmedia":[{"embeddable":true,"href":"https:\/\/dev8.screenup.com\/de\/wp-json\/wp\/v2\/media\/6966"}],"wp:attachment":[{"href":"https:\/\/dev8.screenup.com\/de\/wp-json\/wp\/v2\/media?parent=6965"}],"wp:term":[{"taxonomy":"product_brand","embeddable":true,"href":"https:\/\/dev8.screenup.com\/de\/wp-json\/wp\/v2\/product_brand?post=6965"},{"taxonomy":"product_cat","embeddable":true,"href":"https:\/\/dev8.screenup.com\/de\/wp-json\/wp\/v2\/product_cat?post=6965"},{"taxonomy":"product_tag","embeddable":true,"href":"https:\/\/dev8.screenup.com\/de\/wp-json\/wp\/v2\/product_tag?post=6965"}],"curies":[{"name":"wp","href":"https:\/\/api.w.org\/{rel}","templated":true}]}}