{"id":7339,"date":"2025-12-24T15:19:34","date_gmt":"2025-12-24T14:19:34","guid":{"rendered":"https:\/\/dev8.screenup.com\/produit\/housse-de-siege-voiture-universelle-surfpistols-tete-de-mort\/"},"modified":"2026-04-09T02:06:14","modified_gmt":"2026-04-09T00:06:14","slug":"universal-autositzbezug-surfpistols-skull","status":"publish","type":"product","link":"https:\/\/dev8.screenup.com\/de\/produkt\/universal-autositzbezug-surfpistols-skull","title":{"rendered":"UNIVERSAL-AUTOSITZBEZUG SURFPISTOLS SKULL"},"content":{"rendered":"\n<p>Nous commercialisons maintenant nos housses de si\u00e8ges auto universelle depuis quelques ann\u00e9es.<\/p>\n\n<p>Depuis elles ont fait la preuve de leur solidit\u00e9.<\/p>\n\n<p>Le mod\u00e8le &#8222;t\u00eate de mort&#8220; est construit avec un compos\u00e9 de n\u00e9opr\u00e8ne et de polyester stretch, il apportera plus d&#8217;\u00e9tanch\u00e9it\u00e9 encore que le mod\u00e8le Hibiscus<\/p>\n","protected":false},"excerpt":{"rendered":"<p>SURFPISTOLS-Bezug f\u00fcr Universal-Autositz<\/p>\n","protected":false},"featured_media":7340,"template":"","meta":[],"product_brand":[],"product_cat":[94,150],"product_tag":[],"class_list":{"0":"post-7339","1":"product","2":"type-product","3":"status-publish","4":"has-post-thumbnail","6":"product_cat-leckereien","7":"product_cat-sitzbezug","9":"first","10":"instock","11":"taxable","12":"shipping-taxable","13":"purchasable","14":"product-type-simple"},"_links":{"self":[{"href":"https:\/\/dev8.screenup.com\/de\/wp-json\/wp\/v2\/product\/7339","targetHints":{"allow":["GET"]}}],"collection":[{"href":"https:\/\/dev8.screenup.com\/de\/wp-json\/wp\/v2\/product"}],"about":[{"href":"https:\/\/dev8.screenup.com\/de\/wp-json\/wp\/v2\/types\/product"}],"wp:featuredmedia":[{"embeddable":true,"href":"https:\/\/dev8.screenup.com\/de\/wp-json\/wp\/v2\/media\/7340"}],"wp:attachment":[{"href":"https:\/\/dev8.screenup.com\/de\/wp-json\/wp\/v2\/media?parent=7339"}],"wp:term":[{"taxonomy":"product_brand","embeddable":true,"href":"https:\/\/dev8.screenup.com\/de\/wp-json\/wp\/v2\/product_brand?post=7339"},{"taxonomy":"product_cat","embeddable":true,"href":"https:\/\/dev8.screenup.com\/de\/wp-json\/wp\/v2\/product_cat?post=7339"},{"taxonomy":"product_tag","embeddable":true,"href":"https:\/\/dev8.screenup.com\/de\/wp-json\/wp\/v2\/product_tag?post=7339"}],"curies":[{"name":"wp","href":"https:\/\/api.w.org\/{rel}","templated":true}]}}