{"id":7379,"date":"2025-12-24T15:19:34","date_gmt":"2025-12-24T14:19:34","guid":{"rendered":"https:\/\/dev8.screenup.com\/produit\/pack-6-tasses-tiki-kahoalii\/"},"modified":"2026-04-09T02:06:29","modified_gmt":"2026-04-09T00:06:29","slug":"tiki-kahoalii-becher","status":"publish","type":"product","link":"https:\/\/dev8.screenup.com\/de\/produkt\/tiki-kahoalii-becher","title":{"rendered":"TIKI KAHOALII BECHER"},"content":{"rendered":"\n<p>Notre passion pour le surf et les \u00eeles tropicales, nous a conduit \u00e0 extrapoler notre offre avec une s\u00e9lection de produits correspondant au file style Polyn\u00e9sien.<\/p>\n\n<p>Notre boutique offre une s\u00e9lection exceptionnelle d\u2019articles et d\u2019accessoires de haute qualit\u00e9, en \u00e9cho \u00e0 notre passion.<\/p>\n\n<p>Sur cette page vous trouverez des mugs en c\u00e9ramique inspir\u00e9s des divinit\u00e9s maories. Ils sont con\u00e7ue pour servir des cocktails exotiques au go\u00fbt tropical. Avec ces mugs uniques, vous pourrez impressionner vos clients ou invit\u00e9s et les emmener dans un voyage au-del\u00e0 de l&#8217;oc\u00e9an.<br \/>Les Tiki Mug trouvent leurs origines avec la cr\u00e9ation des bar tiki en Californie au milieu des ann\u00e9es trente. Il s\u2019agissait d\u2019 un bar-restaurant sur le th\u00e8me de l\u2019\u00eele sp\u00e9cialis\u00e9 dans les cocktails de fruits compliqu\u00e9s. Ils sont g\u00e9n\u00e9ralement d\u00e9cor\u00e9s de mani\u00e8re extravagante avec un d\u00e9cor tropical, y compris des fleurs et des plantes des \u00eeles, des planches de surf et des sculptures tiki. Il y r\u00e9gnait une atmosph\u00e8re Sulfureuse.<br \/>Les bars tiki modernes essaient souvent non seulement de cr\u00e9er un look insulaire, mais aussi de le faire para\u00eetre vintage au milieu du 20e si\u00e8cle, lorsque le style est devenu populaire pour la premi\u00e8re fois.<br \/>Les tiki mugs sont indispensables pour toute soir\u00e9e sur le th\u00e8me Hawaii, Tiki<br \/>La mythologie et les l\u00e9gendes des \u00eeles d\u2019Hawa\u00ef pr\u00e9sente un univers complet o\u00f9 tout \u00e9tait ordonn\u00e9 et fixe dans lequel toutes les parties faisaient partie int\u00e9grante du tout, y compris l&#8217;homme lui-m\u00eame. L&#8217;homme descendait des dieux, mais les rochers, les animaux, les plantes aussi. Ainsi l&#8217;homme devait les consid\u00e9rer comme des parents. <br \/>Dans cette mythologie KAHOALII est le Dieu des enfers.<\/p>\n","protected":false},"excerpt":{"rendered":"<p>Tiki Pop Art Keramiktasse KAHOALII 16cm (Gott der Unterwelt)\u00a0<\/p>\n<p>in China hergestellt<\/p>\n","protected":false},"featured_media":7380,"template":"","meta":[],"product_brand":[],"product_cat":[94,127],"product_tag":[],"class_list":{"0":"post-7379","1":"product","2":"type-product","3":"status-publish","4":"has-post-thumbnail","6":"product_cat-leckereien","7":"product_cat-tiki-mug","9":"first","10":"instock","11":"sale","12":"taxable","13":"shipping-taxable","14":"purchasable","15":"product-type-simple"},"_links":{"self":[{"href":"https:\/\/dev8.screenup.com\/de\/wp-json\/wp\/v2\/product\/7379","targetHints":{"allow":["GET"]}}],"collection":[{"href":"https:\/\/dev8.screenup.com\/de\/wp-json\/wp\/v2\/product"}],"about":[{"href":"https:\/\/dev8.screenup.com\/de\/wp-json\/wp\/v2\/types\/product"}],"wp:featuredmedia":[{"embeddable":true,"href":"https:\/\/dev8.screenup.com\/de\/wp-json\/wp\/v2\/media\/7380"}],"wp:attachment":[{"href":"https:\/\/dev8.screenup.com\/de\/wp-json\/wp\/v2\/media?parent=7379"}],"wp:term":[{"taxonomy":"product_brand","embeddable":true,"href":"https:\/\/dev8.screenup.com\/de\/wp-json\/wp\/v2\/product_brand?post=7379"},{"taxonomy":"product_cat","embeddable":true,"href":"https:\/\/dev8.screenup.com\/de\/wp-json\/wp\/v2\/product_cat?post=7379"},{"taxonomy":"product_tag","embeddable":true,"href":"https:\/\/dev8.screenup.com\/de\/wp-json\/wp\/v2\/product_tag?post=7379"}],"curies":[{"name":"wp","href":"https:\/\/api.w.org\/{rel}","templated":true}]}}