{"id":7403,"date":"2025-12-24T15:19:17","date_gmt":"2025-12-24T14:19:17","guid":{"rendered":"https:\/\/dev8.screenup.com\/produit\/plaque-metal-decorative-vent-fort-chnord\/"},"modified":"2026-04-09T02:05:27","modified_gmt":"2026-04-09T00:05:27","slug":"dekoratives-metallschild-starker-wind-chnord","status":"publish","type":"product","link":"https:\/\/dev8.screenup.com\/de\/produkt\/dekoratives-metallschild-starker-wind-chnord","title":{"rendered":"DEKORATIVES METALLSCHILD STARKER WIND CH\u2019NORD"},"content":{"rendered":"\n<p>Cette plaque sera parfaite pour tous les amoureux\u00a0 des spots vent\u00e9s du Nord,\u00a0 les Windsurfers, kiters, foilers ,et plus particuli\u00e8rement ceux du d\u00e9fit Wing pour d\u00e9corer votre maison ou pour rendre plus sympathique votre lieu de travail.<\/p>\n\n<p>En alu, made in USA, recouvert d&#8217;un d&#8217;un rev\u00eatement PVC, cette plaque se fixe ou se pose aussi bien \u00e0 l\u2019int\u00e9rieur qu\u2019\u00e0 l\u2019ext\u00e9rieur, elle r\u00e9siste aux UV, \u00e0 la pluie, \u00e0 la neige \u00e9galement.<\/p>\n\n<p>L\u2019entreprise Am\u00e9ricaine qui nous fournissais ces plaques \u00e0 cess\u00e9 son activit\u00e9, l\u2019aluminium ayant trop augment\u00e9. Ces plaques de d\u00e9co sont donc maintenant collecteur.<\/p>\n\n<p>Ce panneau de signalisation Ch Nord\u00a0 vous permettra de vous \u00e9vader en vous rappelant sans cesse vos meilleurs sessions sur ces fabuleux spots.<\/p>\n\n<p>C\u2019est \u00e9galement une une id\u00e9e cadeau qui ne d\u00e9\u00e7oit jamais.<\/p>\n","protected":false},"excerpt":{"rendered":"<p>Dekorative Metallplatte als Hommage an Windsurfer, Kitesurfer und Wingsurfer des Nordens 20 x 30 cm<\/p>\n","protected":false},"featured_media":7404,"template":"","meta":[],"product_brand":[],"product_cat":[123,94],"product_tag":[],"class_list":{"0":"post-7403","1":"product","2":"type-product","3":"status-publish","4":"has-post-thumbnail","6":"product_cat-dekorative-metallschilder","7":"product_cat-leckereien","9":"first","10":"instock","11":"sale","12":"taxable","13":"shipping-taxable","14":"purchasable","15":"product-type-simple"},"_links":{"self":[{"href":"https:\/\/dev8.screenup.com\/de\/wp-json\/wp\/v2\/product\/7403","targetHints":{"allow":["GET"]}}],"collection":[{"href":"https:\/\/dev8.screenup.com\/de\/wp-json\/wp\/v2\/product"}],"about":[{"href":"https:\/\/dev8.screenup.com\/de\/wp-json\/wp\/v2\/types\/product"}],"wp:featuredmedia":[{"embeddable":true,"href":"https:\/\/dev8.screenup.com\/de\/wp-json\/wp\/v2\/media\/7404"}],"wp:attachment":[{"href":"https:\/\/dev8.screenup.com\/de\/wp-json\/wp\/v2\/media?parent=7403"}],"wp:term":[{"taxonomy":"product_brand","embeddable":true,"href":"https:\/\/dev8.screenup.com\/de\/wp-json\/wp\/v2\/product_brand?post=7403"},{"taxonomy":"product_cat","embeddable":true,"href":"https:\/\/dev8.screenup.com\/de\/wp-json\/wp\/v2\/product_cat?post=7403"},{"taxonomy":"product_tag","embeddable":true,"href":"https:\/\/dev8.screenup.com\/de\/wp-json\/wp\/v2\/product_tag?post=7403"}],"curies":[{"name":"wp","href":"https:\/\/api.w.org\/{rel}","templated":true}]}}