{"id":7445,"date":"2025-12-24T15:19:17","date_gmt":"2025-12-24T14:19:17","guid":{"rendered":"https:\/\/dev8.screenup.com\/produit\/plaque-metal-decorative-welcome-to-our-beach\/"},"modified":"2026-04-09T02:05:37","modified_gmt":"2026-04-09T00:05:37","slug":"willkommen-in-unserem-strand-dekoratives-metallschild","status":"publish","type":"product","link":"https:\/\/dev8.screenup.com\/de\/produkt\/willkommen-in-unserem-strand-dekoratives-metallschild","title":{"rendered":"WILLKOMMEN IN UNSEREM STRAND DEKORATIVES METALLSCHILD"},"content":{"rendered":"\n<p>Plaque d\u00e9co maison plage<\/p>\n\n<p>Si vous \u00eates un amateur de grosses vagues, un collectionneur de d\u00e9co vintage, un surfer ou simplement un amoureux des bords de mer, des ambiances tropicales, alors cette d\u00e9coration murale sera parfaite.<\/p>\n\n<p>En m\u00e9tal recouvert d&#8217;une s\u00e9rigraphie vernie, cette plaque se fixe ou se pose \u00e0 l\u2019int\u00e9rieur.<\/p>\n\n<p>Elle sera id\u00e9ale pour d\u00e9corer les murs de votre habitation, votre lieu de travail ou votre bar.<\/p>\n\n<p>Vous allez appr\u00e9cier son style vintage, mais \u00e9galement l\u2019invitation au voyage qu\u2019elle distille<\/p>\n\n<p>Cette plaque de bienvenue sera parfaite \u00e0 l\u2019entr\u00e9 de votre maison de bord de mer.<\/p>\n\n<p>C\u2019est toujours une id\u00e9e cadeau qui ne d\u00e9\u00e7oit pas.<\/p>\n","protected":false},"excerpt":{"rendered":"<p>Dekorative Metallplakette Brandung, Strand, Stahl WILLKOMMEN AN UNSEREM STRAND Hergestellt in China, ausschlie\u00dflich f\u00fcr den Innenbereich, 30 x 16 cm<\/p>\n","protected":false},"featured_media":7446,"template":"","meta":[],"product_brand":[],"product_cat":[123,94],"product_tag":[],"class_list":{"0":"post-7445","1":"product","2":"type-product","3":"status-publish","4":"has-post-thumbnail","6":"product_cat-dekorative-metallschilder","7":"product_cat-leckereien","9":"first","10":"instock","11":"sale","12":"taxable","13":"shipping-taxable","14":"purchasable","15":"product-type-simple"},"_links":{"self":[{"href":"https:\/\/dev8.screenup.com\/de\/wp-json\/wp\/v2\/product\/7445","targetHints":{"allow":["GET"]}}],"collection":[{"href":"https:\/\/dev8.screenup.com\/de\/wp-json\/wp\/v2\/product"}],"about":[{"href":"https:\/\/dev8.screenup.com\/de\/wp-json\/wp\/v2\/types\/product"}],"wp:featuredmedia":[{"embeddable":true,"href":"https:\/\/dev8.screenup.com\/de\/wp-json\/wp\/v2\/media\/7446"}],"wp:attachment":[{"href":"https:\/\/dev8.screenup.com\/de\/wp-json\/wp\/v2\/media?parent=7445"}],"wp:term":[{"taxonomy":"product_brand","embeddable":true,"href":"https:\/\/dev8.screenup.com\/de\/wp-json\/wp\/v2\/product_brand?post=7445"},{"taxonomy":"product_cat","embeddable":true,"href":"https:\/\/dev8.screenup.com\/de\/wp-json\/wp\/v2\/product_cat?post=7445"},{"taxonomy":"product_tag","embeddable":true,"href":"https:\/\/dev8.screenup.com\/de\/wp-json\/wp\/v2\/product_tag?post=7445"}],"curies":[{"name":"wp","href":"https:\/\/api.w.org\/{rel}","templated":true}]}}