{"id":4243,"date":"2026-03-11T17:34:46","date_gmt":"2026-03-11T16:34:46","guid":{"rendered":"https:\/\/dev8.screenup.com\/produit\/poupee-hawaiienne-hula-doll-surfer-shark\/"},"modified":"2026-04-09T02:21:18","modified_gmt":"2026-04-09T00:21:18","slug":"hawaiian-hula-doll-surfer-shark-doll","status":"publish","type":"product","link":"https:\/\/dev8.screenup.com\/en\/product\/hawaiian-hula-doll-surfer-shark-doll","title":{"rendered":"Hawaiian hula doll surfer shark doll"},"content":{"rendered":"\n<p id=\"block-Bga5FJIZW3\" class=\"wp-block-nectar-blocks-text nectar-blocks-text\">Parfaite pour personnaliser votre tableau de bord, elle se balance l\u00e9g\u00e8rement au rythme des mouvements de la voiture, cr\u00e9ant une ambiance fun et estivale \u00e0 chaque trajet.<\/p>\n\n<p id=\"block-AQLi08f7qX\" class=\"wp-block-nectar-blocks-text nectar-blocks-text\">Caract\u00e9ristiques :<\/p>\n\n<ul class=\"wp-block-list\">\n<li><strong>Design original<\/strong> : requin surfeur au style hawa\u00efen<\/li>\n\n\n\n<li><strong>Accessoire voiture d\u00e9coratif<\/strong> : apporte une touche tropicale et d\u00e9cal\u00e9e<\/li>\n\n\n\n<li> <strong>Effet hula<\/strong> : la figurine bouge l\u00e9g\u00e8rement pour un effet amusant<strong>Taille compacte<\/strong> : environ <strong>10 cm<\/strong>, id\u00e9ale pour un tableau de bord<\/li>\n\n\n\n<li> <strong>Accessoire voiture d\u00e9coratif<\/strong> : apporte une touche tropicale et d\u00e9cal\u00e9e<\/li>\n\n\n\n<li> <strong>Id\u00e9e cadeau originale<\/strong> pour les amateurs de surf, d\u2019oc\u00e9an et de d\u00e9coration automobile<\/li>\n<\/ul>\n\n<p id=\"block-t3Uzl3zFCu\" class=\"wp-block-nectar-blocks-text nectar-blocks-text\">Avec son style d\u00e9contract\u00e9 et son esprit surf, cette poup\u00e9e hawa\u00efenne requin transforme votre voiture en v\u00e9ritable invitation au voyage. Installez-la sur votre tableau de bord et laissez-la danser au rythme de vos aventures !<\/p>\n\n<p id=\"block-TLByKKtWgo\" class=\"wp-block-nectar-blocks-text nectar-blocks-text\">Cette poup\u00e9e danseuse Hawaiienne, peinte \u00e0 la main est made in China mais import\u00e9e d&#8217;Hawaii<\/p>\n","protected":false},"excerpt":{"rendered":"<p>Bring a touch of exoticism and good humor to your car with this adorable <strong data-start=\"240\" data-end=\"268\">hula doll surfer shark<\/strong> ! Inspired by the Hawaiian universe, this little decorative doll <strong data-start=\"336\" data-end=\"345\">10cm<\/strong> represents a <strong data-start=\"360\" data-end=\"407\">smiling shark carrying a surfboard<\/strong>, ready to accompany you on all roads.<\/p>\n","protected":false},"featured_media":4244,"template":"","meta":[],"product_brand":[],"product_cat":[76,105],"product_tag":[],"class_list":{"0":"post-4243","1":"product","2":"type-product","3":"status-publish","4":"has-post-thumbnail","6":"product_cat-goodies","7":"product_cat-hawaiian-dolls","9":"first","10":"instock","11":"taxable","12":"shipping-taxable","13":"purchasable","14":"product-type-simple"},"_links":{"self":[{"href":"https:\/\/dev8.screenup.com\/en\/wp-json\/wp\/v2\/product\/4243","targetHints":{"allow":["GET"]}}],"collection":[{"href":"https:\/\/dev8.screenup.com\/en\/wp-json\/wp\/v2\/product"}],"about":[{"href":"https:\/\/dev8.screenup.com\/en\/wp-json\/wp\/v2\/types\/product"}],"wp:featuredmedia":[{"embeddable":true,"href":"https:\/\/dev8.screenup.com\/en\/wp-json\/wp\/v2\/media\/4244"}],"wp:attachment":[{"href":"https:\/\/dev8.screenup.com\/en\/wp-json\/wp\/v2\/media?parent=4243"}],"wp:term":[{"taxonomy":"product_brand","embeddable":true,"href":"https:\/\/dev8.screenup.com\/en\/wp-json\/wp\/v2\/product_brand?post=4243"},{"taxonomy":"product_cat","embeddable":true,"href":"https:\/\/dev8.screenup.com\/en\/wp-json\/wp\/v2\/product_cat?post=4243"},{"taxonomy":"product_tag","embeddable":true,"href":"https:\/\/dev8.screenup.com\/en\/wp-json\/wp\/v2\/product_tag?post=4243"}],"curies":[{"name":"wp","href":"https:\/\/api.w.org\/{rel}","templated":true}]}}