{"id":4247,"date":"2026-02-26T10:34:15","date_gmt":"2026-02-26T09:34:15","guid":{"rendered":"https:\/\/dev8.screenup.com\/produit\/chemise-hawaienne-paradise-found-painted-hibiscus-perry-rayonne\/"},"modified":"2026-04-09T02:21:53","modified_gmt":"2026-04-09T00:21:53","slug":"paradise-found-painted-hibiscus-perry-hawaiian-shirt-rayon","status":"publish","type":"product","link":"https:\/\/dev8.screenup.com\/en\/product\/paradise-found-painted-hibiscus-perry-hawaiian-shirt-rayon","title":{"rendered":"PARADISE FOUND PAINTED HIBISCUS PERRY HAWAIIAN SHIRT (Rayon)"},"content":{"rendered":"\n<p id=\"block-5AcfFirNn2\" class=\"wp-block-nectar-blocks-text nectar-blocks-text\">Ajoutez une touche de tropicale \u00e0 votre garde-robe avec notre chemise hawa\u00efenne Painted Hibiscus en jade. Cet imprim\u00e9 audacieux et color\u00e9 pr\u00e9sente l\u2019embl\u00e9matique fleur d\u2019hibiscus dans un style peint \u00e0 la main qui offre une explosion de couleur, ce qui en fait un choix parfait pour toute occasion festive. Adoptez l\u2019ambiance vibrante et tropicale avec cette chemise Aloha accrocheuse.<\/p>\n\n<p id=\"block-OQbh30YXUM\" class=\"wp-block-nectar-blocks-text nectar-blocks-text\">PARADISE FOUND<\/p>\n\n<p id=\"block-mbLEg6SqQM\" class=\"wp-block-nectar-blocks-text nectar-blocks-text\">La soci\u00e9t\u00e9 originale qui a cr\u00e9\u00e9 le label Paradise Found a \u00e9t\u00e9 fond\u00e9e en 1976 et s\u2019appelait Kirha Corp. \u00c0 cette \u00e9poque, elle fabriquait des chemises sous le label Made in Paradise. En 1980, Tom Selleck a commenc\u00e9 \u00e0 porter certains des imprim\u00e9s sur Magnum PI tels que la chemise embl\u00e9matique Jungle Bird ainsi que la chemise originale Star Orchid. Et en 1983, le label Paradise Found a \u00e9t\u00e9 cr\u00e9\u00e9 et toutes les chemises sous le pr\u00e9c\u00e9dent label ont \u00e9t\u00e9 ramen\u00e9es sous la marque Paradise Found.<\/p>\n\n<h4 id=\"block-whr6jVyDMi\" class=\"wp-block-nectar-blocks-text nectar-blocks-text\">Attention ce sont des produits US, en g\u00e9n\u00e9ral les chemises taillent plus grand que les produits Europ\u00e9ens<\/h4>\n\n<h4 id=\"block-dxEWUigzGY\" class=\"wp-block-nectar-blocks-text nectar-blocks-text\">Vous trouverez sur ce site la grille des tailles et toutes les explications n\u00e9cessaires pour \u00e9viter de vous tromper.<\/h4>\n\n<p id=\"block-vdBs7qHvcS\" class=\"wp-block-nectar-blocks-text nectar-blocks-text\"><\/p>\n\n<p id=\"block-eerRGJgBPR\" class=\"wp-block-nectar-blocks-text nectar-blocks-text\"><\/p>\n\n<p id=\"block-Z8M8JUB0VJ\" class=\"wp-block-nectar-blocks-text nectar-blocks-text\"><\/p>\n","protected":false},"excerpt":{"rendered":"<p>Add a touch of tropical to your wardrobe with our Painted Hibiscus Hawaiian Shirt in Jade.<\/p>\n","protected":false},"featured_media":4248,"template":"","meta":[],"product_brand":[],"product_cat":[78,77],"product_tag":[],"class_list":{"0":"post-4247","1":"product","2":"type-product","3":"status-publish","4":"has-post-thumbnail","6":"product_cat-hawaiian-shirts","7":"product_cat-mens-hawaiian-shirts","8":"pa_genre-men","9":"pa_taille-l","10":"pa_taille-m","11":"pa_taille-s","12":"pa_taille-xl","13":"pa_taille-xxl","14":"pa_taille-xxxl","16":"first","17":"instock","18":"taxable","19":"shipping-taxable","20":"purchasable","21":"product-type-variable"},"_links":{"self":[{"href":"https:\/\/dev8.screenup.com\/en\/wp-json\/wp\/v2\/product\/4247","targetHints":{"allow":["GET"]}}],"collection":[{"href":"https:\/\/dev8.screenup.com\/en\/wp-json\/wp\/v2\/product"}],"about":[{"href":"https:\/\/dev8.screenup.com\/en\/wp-json\/wp\/v2\/types\/product"}],"wp:featuredmedia":[{"embeddable":true,"href":"https:\/\/dev8.screenup.com\/en\/wp-json\/wp\/v2\/media\/4248"}],"wp:attachment":[{"href":"https:\/\/dev8.screenup.com\/en\/wp-json\/wp\/v2\/media?parent=4247"}],"wp:term":[{"taxonomy":"product_brand","embeddable":true,"href":"https:\/\/dev8.screenup.com\/en\/wp-json\/wp\/v2\/product_brand?post=4247"},{"taxonomy":"product_cat","embeddable":true,"href":"https:\/\/dev8.screenup.com\/en\/wp-json\/wp\/v2\/product_cat?post=4247"},{"taxonomy":"product_tag","embeddable":true,"href":"https:\/\/dev8.screenup.com\/en\/wp-json\/wp\/v2\/product_tag?post=4247"}],"curies":[{"name":"wp","href":"https:\/\/api.w.org\/{rel}","templated":true}]}}