{"id":4465,"date":"2026-02-17T11:59:32","date_gmt":"2026-02-17T10:59:32","guid":{"rendered":"https:\/\/dev8.screenup.com\/produit\/chemise-hawaienne-paradise-found-jungle-bird-magnum-originale\/"},"modified":"2026-04-09T02:21:41","modified_gmt":"2026-04-09T00:21:41","slug":"paradise-found-jungle-bird-hawaiian-shirt-magnum-series","status":"publish","type":"product","link":"https:\/\/dev8.screenup.com\/en\/product\/paradise-found-jungle-bird-hawaiian-shirt-magnum-series","title":{"rendered":"PARADISE FOUND JUNGLE BIRD HAWAIIAN SHIRT (magnum series)"},"content":{"rendered":"\n<p id=\"block-dOfgxjvQWp\" class=\"wp-block-nectar-blocks-text nectar-blocks-text\">En 1980 Tom Selleck est venu visiter PARADISE FOUND pour choisir quelques chemises pour la s\u00e9rie Magnum. Et malgr\u00e9 \u00eatre une c\u00e9l\u00e9brit\u00e9, les employ\u00e9s se souviennent tous de lui comme \u00e9tant assez humble et poli. Cela a eu un impact important pour ceux qui \u00e9taient au bureau \u00e0 ce moment-l\u00e0.<\/p>\n\n<p id=\"block-W2Bf3M8aws\" class=\"wp-block-nectar-blocks-text nectar-blocks-text\">Cette chemise l\u00e9gendaire est tellement iconique, qu\u2019il est possible de trouver des copies asiatiques de mauvaises qualit\u00e9. Ici nous vous proposons l\u2019exacte petite soeur, m\u00eame imprim\u00e9, m\u00eame ateliers, m\u00eame qualit\u00e9, m\u00eame label. L\u2019authentique \u00ab\u00a0Jungle Bird\u00a0\u00bb port\u00e9 par Tom Selleck dans la s\u00e9rie magnum, made par Paradise Found \u00e0 honolulu.<\/p>\n\n<p id=\"block-FZZK9LKlhn\" class=\"wp-block-nectar-blocks-text nectar-blocks-text\">100% coton, elle est durable, solide, les couleurs tiennent, surtout vous pouvez \u00e9viter le repassage \ud83d\ude09<\/p>\n\n<p id=\"block-fIWh1SvhKr\" class=\"wp-block-nectar-blocks-text nectar-blocks-text\">Nous distribuons cette marque depuis des ann\u00e9es et nous\u00a0 vous garantir une top qualit\u00e9 dans les standards US.<\/p>\n\n<p id=\"block-MBo3WBHqWw\" class=\"wp-block-nectar-blocks-text nectar-blocks-text\">Vous noterez les boutons en v\u00e9ritable cocotier. Egalement et cela est une caract\u00e9ristique des v\u00e9ritables chemises Hawaiienne, le motif de la pochette respecte le design original, il n\u2019y pas de rupture, elles sont cousues bord \u00e0 bord jusqu\u2019\u00e0 disparaitre dans le design.<\/p>\n\n<p id=\"block-AC3wFrgrEK\" class=\"wp-block-nectar-blocks-text nectar-blocks-text\">Bien sur l\u2019\u00e9tiquette au col certifie son origine.<\/p>\n\n<p id=\"block-7AK1QmSGdT\" class=\"wp-block-nectar-blocks-text nectar-blocks-text\">Chez nous, vous ne trouverez aucune chemise produite en Asie. Nous restons logique \u00e0 notre cahier des charges, \u00e0 notre identit\u00e9 et \u00e0 notre mission. Nous sommes fier de travailler avec ces iles et avec des entreprises respectant les ouvriers ainsi que les conditions de travail<\/p>\n\n<p id=\"block-6I1p5UxuP5\" class=\"wp-block-nectar-blocks-text nectar-blocks-text\">PARADISE FOUND<\/p>\n\n<p id=\"block-SLMXdoO9C8\" class=\"wp-block-nectar-blocks-text nectar-blocks-text\">La soci\u00e9t\u00e9 originale qui a cr\u00e9\u00e9 le label Paradise Found a \u00e9t\u00e9 fond\u00e9e en 1976 et s\u2019appelait Kirha Corp. \u00c0 cette \u00e9poque, elle fabriquait des chemises sous le label Made in Paradise. En 1980, Tom Selleck a commenc\u00e9 \u00e0 porter certains des imprim\u00e9s sur Magnum PI tels que la chemise embl\u00e9matique Jungle Bird ainsi que la chemise originale Star Orchid. Et en 1983, le label Paradise Found a \u00e9t\u00e9 cr\u00e9\u00e9 et toutes les chemises sous le pr\u00e9c\u00e9dent label ont \u00e9t\u00e9 ramen\u00e9es sous la marque Paradise Found.<\/p>\n\n<p id=\"block-Qsxv7naRxt\" class=\"wp-block-nectar-blocks-text nectar-blocks-text\">Attention ce sont des produits US, en g\u00e9n\u00e9ral les chemises taillent plus grand que les produits Europ\u00e9ens<\/p>\n\n<p id=\"block-G0v2ZIXS4e\" class=\"wp-block-nectar-blocks-text nectar-blocks-text\">Vous trouverez sur ce site la grille des tailles et toutes les explications n\u00e9cessaires pour \u00e9viter de vous tromper.<\/p>\n","protected":false},"excerpt":{"rendered":"<p>Our Hawaiian shirt known as the Original Magnum Jungle Bird is worn by Tom Selleck in the Magnum series, this bold combination playing palm fronds and purple parrots on a bright red background is now on display at the Smithsonian Museum of American History. This is the most iconic Hawaiian shirt<\/p>\n","protected":false},"featured_media":4467,"template":"","meta":[],"product_brand":[],"product_cat":[78,77],"product_tag":[],"class_list":{"0":"post-4465","1":"product","2":"type-product","3":"status-publish","4":"has-post-thumbnail","6":"product_cat-hawaiian-shirts","7":"product_cat-mens-hawaiian-shirts","8":"pa_genre-men","9":"pa_taille-l","10":"pa_taille-m","11":"pa_taille-s","12":"pa_taille-xl","13":"pa_taille-xxl","14":"pa_taille-xxxl","16":"first","17":"instock","18":"taxable","19":"shipping-taxable","20":"purchasable","21":"product-type-variable"},"_links":{"self":[{"href":"https:\/\/dev8.screenup.com\/en\/wp-json\/wp\/v2\/product\/4465","targetHints":{"allow":["GET"]}}],"collection":[{"href":"https:\/\/dev8.screenup.com\/en\/wp-json\/wp\/v2\/product"}],"about":[{"href":"https:\/\/dev8.screenup.com\/en\/wp-json\/wp\/v2\/types\/product"}],"wp:featuredmedia":[{"embeddable":true,"href":"https:\/\/dev8.screenup.com\/en\/wp-json\/wp\/v2\/media\/4467"}],"wp:attachment":[{"href":"https:\/\/dev8.screenup.com\/en\/wp-json\/wp\/v2\/media?parent=4465"}],"wp:term":[{"taxonomy":"product_brand","embeddable":true,"href":"https:\/\/dev8.screenup.com\/en\/wp-json\/wp\/v2\/product_brand?post=4465"},{"taxonomy":"product_cat","embeddable":true,"href":"https:\/\/dev8.screenup.com\/en\/wp-json\/wp\/v2\/product_cat?post=4465"},{"taxonomy":"product_tag","embeddable":true,"href":"https:\/\/dev8.screenup.com\/en\/wp-json\/wp\/v2\/product_tag?post=4465"}],"curies":[{"name":"wp","href":"https:\/\/api.w.org\/{rel}","templated":true}]}}