{"id":4885,"date":"2025-12-24T16:11:06","date_gmt":"2025-12-24T15:11:06","guid":{"rendered":"https:\/\/dev8.screenup.com\/produit\/chemise-hawaienne-kys-hibiscus-jaune\/"},"modified":"2026-04-09T02:19:21","modified_gmt":"2026-04-09T00:19:21","slug":"kys-hibiscus-yellow-hawaiian-shirt","status":"publish","type":"product","link":"https:\/\/dev8.screenup.com\/en\/product\/kys-hibiscus-yellow-hawaiian-shirt","title":{"rendered":"KYS HIBISCUS YELLOW HAWAIIAN SHIRT"},"content":{"rendered":"\n<p>Cette Chemise Hawaii KYS Paradise import\u00e9e d\u2019Hawaii nous vient des ateliers\u00a0 KY\u2019S \u00e0 Honolulu, \u00e0 quelques m\u00e8tres de la plage de Waikiki.<\/p>\n\n<p>Elle est id\u00e9ale, pour une soir\u00e9e sur la plage, un cocktail, un mariage cool, pour conduire un Roadster, une voiture Am\u00e9ricaine des fifties. Elle l\u2019est aussi tout simplement pour afficher un style certain vintage, d\u00e9contract\u00e9 et classe.<\/p>\n\n<p>Vous noterez les boutons en v\u00e9ritable cocotier. Egalement et cela est une caract\u00e9ristique des v\u00e9ritables chemises Hawaiienne, le motif de la pochette respecte le design original, il n\u2019y pas de rupture, elles sont cousues bord \u00e0 bord jusqu\u2019\u00e0 disparaitre dans le design.<\/p>\n\n<p>Bien sur l\u2019\u00e9tiquette au col certifie son origine.<\/p>\n\n<p>Chez nous, vous ne trouverez aucune chemise produite en Asie. Nous restons logique \u00e0 notre cahier des charges, \u00e0 notre identit\u00e9 et \u00e0 notre mission. Nous sommes fier de travailler\u00a0 avec des entreprises respectant les ouvriers ainsi que les conditions de travail<\/p>\n\n<p><strong>KY\u2019S<\/strong> Made in Hawaii est une marque fond\u00e9e en 1992, elle propose une collection de chemises en coton Aloha color\u00e9es et uniques. Chaque chemise pr\u00e9sente un imprim\u00e9 inspir\u00e9 par la flore et la faune magnifiques et exotiques des \u00eeles hawa\u00efennes. Les couleurs vives et vibrantes des imprim\u00e9s font ressortir ces chemises et offrent un look audacieux et accrocheur. La collection comprend une large gamme d\u2019imprim\u00e9s, des motifs floraux hawa\u00efens classiques aux motifs plus modernes et abstraits. Ces chemises sont fabriqu\u00e9es dans des tissus l\u00e9gers de haute qualit\u00e9, parfait pour rester au frais et \u00e0 l\u2019aise par temps chaud.<\/p>\n\n<p id=\"block-U3robuJkJy\" class=\"wp-block-nectar-blocks-text nectar-blocks-text\">TAILLES<\/p>\n\n<p id=\"block-kgrI75DoCL\" class=\"wp-block-nectar-blocks-text nectar-blocks-text\">Attention ce sont des produits US, en g\u00e9n\u00e9ral les chemises taillent plus grand que les produits Europ\u00e9ens<\/p>\n\n<p id=\"block-wcbAZL0NTn\" class=\"wp-block-nectar-blocks-text nectar-blocks-text\">Vous trouverez sur ce site la grille des tailles et toutes les explications n\u00e9cessaires pour \u00e9viter de vous tromper dans votre commande.<\/p>\n","protected":false},"excerpt":{"rendered":"<p>This KYS Hawaiian cotton shirt comes to us from Honolulu. Shirts with a yellow background are rare and very complicated to find. You will be unlikely to come across another person with an authentic Aloha Shirt in this color. It is therefore a rare piece.<\/p>\n","protected":false},"featured_media":4886,"template":"","meta":[],"product_brand":[],"product_cat":[78,77],"product_tag":[],"class_list":{"0":"post-4885","1":"product","2":"type-product","3":"status-publish","4":"has-post-thumbnail","6":"product_cat-hawaiian-shirts","7":"product_cat-mens-hawaiian-shirts","8":"pa_genre-men","9":"pa_taille-l","10":"pa_taille-m","11":"pa_taille-s","12":"pa_taille-xl","13":"pa_taille-xxl","14":"pa_taille-xxxl","16":"first","17":"instock","18":"taxable","19":"shipping-taxable","20":"purchasable","21":"product-type-variable"},"_links":{"self":[{"href":"https:\/\/dev8.screenup.com\/en\/wp-json\/wp\/v2\/product\/4885","targetHints":{"allow":["GET"]}}],"collection":[{"href":"https:\/\/dev8.screenup.com\/en\/wp-json\/wp\/v2\/product"}],"about":[{"href":"https:\/\/dev8.screenup.com\/en\/wp-json\/wp\/v2\/types\/product"}],"wp:featuredmedia":[{"embeddable":true,"href":"https:\/\/dev8.screenup.com\/en\/wp-json\/wp\/v2\/media\/4886"}],"wp:attachment":[{"href":"https:\/\/dev8.screenup.com\/en\/wp-json\/wp\/v2\/media?parent=4885"}],"wp:term":[{"taxonomy":"product_brand","embeddable":true,"href":"https:\/\/dev8.screenup.com\/en\/wp-json\/wp\/v2\/product_brand?post=4885"},{"taxonomy":"product_cat","embeddable":true,"href":"https:\/\/dev8.screenup.com\/en\/wp-json\/wp\/v2\/product_cat?post=4885"},{"taxonomy":"product_tag","embeddable":true,"href":"https:\/\/dev8.screenup.com\/en\/wp-json\/wp\/v2\/product_tag?post=4885"}],"curies":[{"name":"wp","href":"https:\/\/api.w.org\/{rel}","templated":true}]}}