{"id":5077,"date":"2025-12-24T16:11:02","date_gmt":"2025-12-24T15:11:02","guid":{"rendered":"https:\/\/dev8.screenup.com\/produit\/chemise-hawaiienne-rjc-kalaheo-cool-shirt-rayonne\/"},"modified":"2026-04-09T02:15:21","modified_gmt":"2026-04-09T00:15:21","slug":"rjc-kalaheo-cool-shirt-hawaiian-shirt-rayon","status":"publish","type":"product","link":"https:\/\/dev8.screenup.com\/en\/product\/rjc-kalaheo-cool-shirt-hawaiian-shirt-rayon","title":{"rendered":"RJC KALAHEO COOL SHIRT HAWAIIAN SHIRT (Rayon)"},"content":{"rendered":"<p>Cette chemise hawa\u00efenne Kalaheo Cool import\u00e9e d&#8217;Hawaii,\u00a0 nous vient des ateliers\u00a0 RJC \u00e0 Honolulu.<\/p>\n<p>L&#8217;atelier est bas\u00e9 \u00e0 quelques m\u00e8tres de la plage de Waikiki.\u00a0 Construite en viscose ou rayonne elle est plus l\u00e9g\u00e8re et fluide qu&#8217;une chemise en coton, plus agr\u00e9able aussi \u00e0 porter par temps chaud ou canicule.<\/p>\n<p>Cette Cool shirt aux tons pastels est originale et rare, autant dans sa conception que dans son design ravira les amateurs d&#8217;authentiques chemise Hawaii<\/p>\n<p>Elle est id\u00e9ale, pour une soir\u00e9e sur la plage, un cocktail, un mariage cool, pour conduire un Roadster, une voiture Am\u00e9ricaine des fifties. Elle l&#8217;est aussi tout simplement pour afficher un style certain vintage, d\u00e9contract\u00e9 et classe.\u00a0<\/p>\n<p>Cette chemise\u00a0 est en rayonne il s&#8217;agit d&#8217;un textile doux, l\u00e9gers, respirant, moins chaud avec un tomb\u00e9 de r\u00eave. Le rayonne ressemble \u00e0 la soie, mais il est bien plus abordable. Il est fabriqu\u00e9 avec de la pulpe de bois. C\u2019est un mat\u00e9riaux synth\u00e9tique mais \u00e0 base de fibres naturelles. Par contre le rayonne n\u00e9cessite un repassage contrairement au coton qui lui peut s\u2019en passer.\u00a0<\/p>\n<p>Les chemises Hawa\u00efenne dites (Aloha Shirt) sont n\u00e9es dans les ann\u00e9es 1930 \u00e0 Hawa\u00ef. Elles m\u00e9langeaient audacieusement les motifs traditionnels japonais, philippins, et hawa\u00efen, tous empreints de fleurs et de nature luxuriante. A cette \u00e9poque, Ces chemises \u00e9taient toutes en soie car construites dans des chutes de Kimono.. Les chemises en rayonne s\u2019inscrivent donc dans cette tradition.<\/p>\n<p>Nous distribuons cette marque depuis des ann\u00e9es et nous vous garantissons une qualit\u00e9 haut de gamme.<\/p>\n<p>Vous noterez les boutons en v\u00e9ritable cocotier. Egalement et cela est une caract\u00e9ristique des v\u00e9ritables chemises Hawaiienne, le motif de la pochette cousues bord \u00e0 bord respecte le design original, il n&#8217;y pas de rupture jusqu&#8217;\u00e0 disparaitre dans le design.<\/p>\n<p>Bien sur l&#8217;\u00e9tiquette au col certifie son origine.<\/p>\n<p>Chez nous, vous ne trouverez aucune chemise produite en Asie. Nous restons logique \u00e0 notre cahier des charges, \u00e0 notre identit\u00e9 et \u00e0 notre mission. Nous sommes fier de travailler avec ces iles et avec des entreprises respectant les ouvriers ainsi que les conditions de travail<\/p>\n<h4><strong>RJC HAWAII<\/strong><\/h4>\n<p>Robert J Clancey est\u00a0 un des pionniers dans la conception des chemises Hawaiiennes. Cette compagnie cr\u00e9e en 1953 appartient toujours \u00e0 la famille.<\/p>\n\n<p id=\"block-Ul5seY2IdQ\" class=\"wp-block-nectar-blocks-text nectar-blocks-text\"><\/p>\n\n<p id=\"block-rWTz8yWF8r\" class=\"wp-block-nectar-blocks-text nectar-blocks-text\">TAILLES<\/p>\n\n<p id=\"block-hUAin1KmWC\" class=\"wp-block-nectar-blocks-text nectar-blocks-text\">Attention ce sont des produits US, en g\u00e9n\u00e9ral les chemises taillent plus grand que les produits Europ\u00e9ens<\/p>\n\n<p id=\"block-t2OVvh1B3w\" class=\"wp-block-nectar-blocks-text nectar-blocks-text\">Vous trouverez sur ce site la grille des tailles et toutes les explications n\u00e9cessaires pour \u00e9viter de vous tromper dans votre commande.<\/p>\n","protected":false},"excerpt":{"rendered":"<p>This high-end shirt comes to us from the RJC workshops in Honolulu, this company dates from 1953. It is made of rayon, a textile that is softer, lighter, more breathable, and less warm than cotton. Who says Hawaiian shirt says floral patterns and a characteristic exotic look. Although it is synonymous with sandy beaches, palm trees and crystal clear waters, there is nothing stopping you from wearing it to the office.<\/p>\n","protected":false},"featured_media":5078,"template":"","meta":[],"product_brand":[],"product_cat":[78,77],"product_tag":[],"class_list":{"0":"post-5077","1":"product","2":"type-product","3":"status-publish","4":"has-post-thumbnail","6":"product_cat-hawaiian-shirts","7":"product_cat-mens-hawaiian-shirts","8":"pa_genre-men","9":"pa_taille-l","10":"pa_taille-m","11":"pa_taille-s","12":"pa_taille-xl","13":"pa_taille-xxl","14":"pa_taille-xxxl","16":"first","17":"instock","18":"sale","19":"taxable","20":"shipping-taxable","21":"purchasable","22":"product-type-variable"},"_links":{"self":[{"href":"https:\/\/dev8.screenup.com\/en\/wp-json\/wp\/v2\/product\/5077","targetHints":{"allow":["GET"]}}],"collection":[{"href":"https:\/\/dev8.screenup.com\/en\/wp-json\/wp\/v2\/product"}],"about":[{"href":"https:\/\/dev8.screenup.com\/en\/wp-json\/wp\/v2\/types\/product"}],"wp:featuredmedia":[{"embeddable":true,"href":"https:\/\/dev8.screenup.com\/en\/wp-json\/wp\/v2\/media\/5078"}],"wp:attachment":[{"href":"https:\/\/dev8.screenup.com\/en\/wp-json\/wp\/v2\/media?parent=5077"}],"wp:term":[{"taxonomy":"product_brand","embeddable":true,"href":"https:\/\/dev8.screenup.com\/en\/wp-json\/wp\/v2\/product_brand?post=5077"},{"taxonomy":"product_cat","embeddable":true,"href":"https:\/\/dev8.screenup.com\/en\/wp-json\/wp\/v2\/product_cat?post=5077"},{"taxonomy":"product_tag","embeddable":true,"href":"https:\/\/dev8.screenup.com\/en\/wp-json\/wp\/v2\/product_tag?post=5077"}],"curies":[{"name":"wp","href":"https:\/\/api.w.org\/{rel}","templated":true}]}}