{"id":6109,"date":"2025-12-24T16:10:46","date_gmt":"2025-12-24T15:10:46","guid":{"rendered":"https:\/\/dev8.screenup.com\/produit\/chemise-hawaienne-pacific-legend-wild\/"},"modified":"2026-04-09T02:04:29","modified_gmt":"2026-04-09T00:04:29","slug":"pacific-legend-wild-hawaiian-shirt","status":"publish","type":"product","link":"https:\/\/dev8.screenup.com\/en\/product\/pacific-legend-wild-hawaiian-shirt","title":{"rendered":"PACIFIC LEGEND WILD HAWAIIAN SHIRT"},"content":{"rendered":"<p>Cette chemise Hawaii biker style import\u00e9e d&#8217;Hawaii nous vient des ateliers PACIFIC LEGEND d&#8217;Honolulu, \u00e0 quelques centaines minutes de la c\u00e9l\u00e8bre plage de waikiki \u00e0 Oahu Hawaii s\u2019adresse au bikers d\u00e9sireux de longer la cote des \u00eeles polyn\u00e9siennes<\/p>\n<p>Elle est id\u00e9ale, pour une soir\u00e9e sur la plage, un cocktail, un mariage cool, pour conduire un Roadster, une voiture Am\u00e9ricaine des fifties. Elle l&#8217;est aussi tout simplement pour afficher un style certain vintage, d\u00e9contract\u00e9 et classe.\u00a0<\/p>\n<p>Cette chemise 100% coton est durable. Nous distribuons cette marque depuis des ann\u00e9es et nous vous garantissons une qualit\u00e9 haut de gamme.<\/p>\n<p>Vous noterez les boutons en v\u00e9ritable cocotier. Egalement et cela est une caract\u00e9ristique des v\u00e9ritables chemises Hawaiienne, le motif de la pochette respecte le design original, il n&#8217;y pas de rupture, elles sont cousues bord \u00e0 bord jusqu&#8217;\u00e0 disparaitre dans le design.<\/p>\n<p>Bien sur l&#8217;\u00e9tiquette au col certifie son origine.<\/p>\n<p>Chez nous, vous ne trouverez aucune chemise produite en Asie. Nous restons logique \u00e0 notre cahier des charges, \u00e0 notre identit\u00e9 et \u00e0 notre mission. Nous sommes fier de travailler avec ces iles et avec des entreprises respectant les ouvriers ainsi que les conditions de travail<\/p>\n<h4><strong>PACIFIC LEGEND APPAREL<\/strong>\u00a0<\/h4>\n<p>a commenc\u00e9 ses activit\u00e9s en 1999 et s&#8217;est impos\u00e9 comme l&#8217;un des principaux exportateurs Am\u00e9ricains de v\u00eatements Hawa\u00efens. Chemises 100% Coton, boutons en cocotier.<\/p>\n\n<p id=\"block-os6QPkGzOw\" class=\"wp-block-nectar-blocks-text nectar-blocks-text\"><\/p>\n\n<p id=\"block-fWHzmbJkqC\" class=\"wp-block-nectar-blocks-text nectar-blocks-text\"><strong>TAILLES<\/strong><\/p>\n\n<p id=\"block-dV1tZfv56G\" class=\"wp-block-nectar-blocks-text nectar-blocks-text\">Attention ce sont des produits US, en g\u00e9n\u00e9ral les chemises taillent plus grand que les produits Europ\u00e9ens<\/p>\n\n<p id=\"block-uF7nFVkHyO\" class=\"wp-block-nectar-blocks-text nectar-blocks-text\">Vous trouverez sur ce site la grille des tailles et toutes les explications n\u00e9cessaires pour \u00e9viter de vous tromper dans votre commande.<\/p>\n","protected":false},"excerpt":{"rendered":"<p>Bring a touch of escapism to your style with this navy blue Hawaii shirt, now on sale as it is reaching the end of the series. This shirt features a subtle and elegant tone-on-tone palm tree pattern. At the bottom of the garment, a graphic band highlights custom chopper motorcycles surrounded by tropical flowers, for a style that is both exotic and resolutely rebellious.<\/p>\n","protected":false},"featured_media":6111,"template":"","meta":[],"product_brand":[],"product_cat":[78,77],"product_tag":[],"class_list":{"0":"post-6109","1":"product","2":"type-product","3":"status-publish","4":"has-post-thumbnail","6":"product_cat-hawaiian-shirts","7":"product_cat-mens-hawaiian-shirts","8":"pa_genre-men","9":"pa_taille-l","10":"pa_taille-m","11":"pa_taille-s","12":"pa_taille-xl","13":"pa_taille-xxl","14":"pa_taille-xxxl","16":"first","17":"instock","18":"sale","19":"taxable","20":"shipping-taxable","21":"purchasable","22":"product-type-variable"},"_links":{"self":[{"href":"https:\/\/dev8.screenup.com\/en\/wp-json\/wp\/v2\/product\/6109","targetHints":{"allow":["GET"]}}],"collection":[{"href":"https:\/\/dev8.screenup.com\/en\/wp-json\/wp\/v2\/product"}],"about":[{"href":"https:\/\/dev8.screenup.com\/en\/wp-json\/wp\/v2\/types\/product"}],"wp:featuredmedia":[{"embeddable":true,"href":"https:\/\/dev8.screenup.com\/en\/wp-json\/wp\/v2\/media\/6111"}],"wp:attachment":[{"href":"https:\/\/dev8.screenup.com\/en\/wp-json\/wp\/v2\/media?parent=6109"}],"wp:term":[{"taxonomy":"product_brand","embeddable":true,"href":"https:\/\/dev8.screenup.com\/en\/wp-json\/wp\/v2\/product_brand?post=6109"},{"taxonomy":"product_cat","embeddable":true,"href":"https:\/\/dev8.screenup.com\/en\/wp-json\/wp\/v2\/product_cat?post=6109"},{"taxonomy":"product_tag","embeddable":true,"href":"https:\/\/dev8.screenup.com\/en\/wp-json\/wp\/v2\/product_tag?post=6109"}],"curies":[{"name":"wp","href":"https:\/\/api.w.org\/{rel}","templated":true}]}}