{"id":6281,"date":"2025-12-24T16:10:42","date_gmt":"2025-12-24T15:10:42","guid":{"rendered":"https:\/\/dev8.screenup.com\/produit\/chemise-hawaienne-aloha-republic-biker-parking\/"},"modified":"2026-04-09T02:03:53","modified_gmt":"2026-04-09T00:03:53","slug":"hawaiian-aloha-republic-biker-parking-shirt","status":"publish","type":"product","link":"https:\/\/dev8.screenup.com\/en\/product\/hawaiian-aloha-republic-biker-parking-shirt","title":{"rendered":"HAWAIIAN ALOHA REPUBLIC BIKER PARKING SHIRT"},"content":{"rendered":"<p>Chemise hawaienne biker parking nous vient des ateliers ALOHA REPUBIC \u00e0 Honolulu sur l&#8217;\u00eele d&#8217;Oahu \u00e0 Hawaii.<\/p>\n<p>Elle sera parfaite pour les amoureux de la route 66 et des grands espaces, les bikers notamment.<\/p>\n<p>Avec sa d\u00e9co Road 66, elle est inspir\u00e9e des fifties, du Californian dream.<\/p>\n<p>Elle est id\u00e9ale, pour une soir\u00e9e sur la plage, un cocktail, un mariage cool, pour conduire un Roadster, une voiture Am\u00e9ricaine des fifties, ou tout simplement pour afficher un style certain vintage, d\u00e9contract\u00e9 et classe.\u00a0<\/p>\n<p>Cette chemise 100% coton est durable. Nous distribuons cette marque depuis des ann\u00e9es et nous vous garantissons une top qualit\u00e9.<\/p>\n<p>Vous noterez les boutons en v\u00e9ritable cocotier. Egalement et cela est une caract\u00e9ristique des v\u00e9ritables chemises Hawaiienne, le motif de la pochette est cousue bord \u00e0 bord jusqu&#8217;\u00e0 disparaitre dans le design. Il respecte le design original, il n&#8217;y pas de rupture.<\/p>\n<p>Bien sur l&#8217;\u00e9tiquette au col certifie son origine.<\/p>\n<p>Chez nous, vous ne trouverez aucune chemise produite en Asie, nous restons logique \u00e0 notre cahier des charges, \u00e0 notre identit\u00e9 et \u00e0 notre mission. Nous sommes fier de travailler avec ces iles et avec des entreprises respectant les ouvriers ainsi que les conditions de travail<\/p>\n<h4><strong>ALOHA REPUBLIC<\/strong>\u00a0<\/h4>\n<p>Produit des v\u00eatements de qualit\u00e9 depuis 1983 et compte aujourd&#8217;hui parmi les leader des Aloha shirt sur ces iles. Cette collection incarne le mode des vie des \u00eeles hawaiiennes.<\/p>\n\n<p id=\"block-78vxMdHu9w\" class=\"wp-block-nectar-blocks-text nectar-blocks-text\"><\/p>\n\n<p id=\"block-jNSWcIqYu0\" class=\"wp-block-nectar-blocks-text nectar-blocks-text\"><strong>TAILLES<\/strong><\/p>\n\n<p id=\"block-ZsU0nrJQd5\" class=\"wp-block-nectar-blocks-text nectar-blocks-text\">Attention ce sont des produits US, en g\u00e9n\u00e9ral les chemises taillent plus grand que les produits Europ\u00e9ens<\/p>\n\n<p id=\"block-p6l6R1O9Sr\" class=\"wp-block-nectar-blocks-text nectar-blocks-text\">Vous trouverez sur ce site la grille des tailles et toutes les explications n\u00e9cessaires pour \u00e9viter de vous tromper dans votre commande.<\/p>\n","protected":false},"excerpt":{"rendered":"<p>Immerse yourself in the spirit of Route 66 with this discontinued Hawaiian shirt, perfect for motorcycle and vintage travel enthusiasts. On a deep black background, its patterns evoke the freedom of the road: legendary motorcycles, retro gas stations and iconic landscapes of the American way of life.<\/p>\n","protected":false},"featured_media":6282,"template":"","meta":[],"product_brand":[],"product_cat":[78,77],"product_tag":[],"class_list":{"0":"post-6281","1":"product","2":"type-product","3":"status-publish","4":"has-post-thumbnail","6":"product_cat-hawaiian-shirts","7":"product_cat-mens-hawaiian-shirts","8":"pa_genre-men","9":"pa_taille-l","10":"pa_taille-m","11":"pa_taille-s","12":"pa_taille-xl","13":"pa_taille-xxl","14":"pa_taille-xxxl","16":"first","17":"instock","18":"sale","19":"taxable","20":"shipping-taxable","21":"purchasable","22":"product-type-variable"},"_links":{"self":[{"href":"https:\/\/dev8.screenup.com\/en\/wp-json\/wp\/v2\/product\/6281","targetHints":{"allow":["GET"]}}],"collection":[{"href":"https:\/\/dev8.screenup.com\/en\/wp-json\/wp\/v2\/product"}],"about":[{"href":"https:\/\/dev8.screenup.com\/en\/wp-json\/wp\/v2\/types\/product"}],"wp:featuredmedia":[{"embeddable":true,"href":"https:\/\/dev8.screenup.com\/en\/wp-json\/wp\/v2\/media\/6282"}],"wp:attachment":[{"href":"https:\/\/dev8.screenup.com\/en\/wp-json\/wp\/v2\/media?parent=6281"}],"wp:term":[{"taxonomy":"product_brand","embeddable":true,"href":"https:\/\/dev8.screenup.com\/en\/wp-json\/wp\/v2\/product_brand?post=6281"},{"taxonomy":"product_cat","embeddable":true,"href":"https:\/\/dev8.screenup.com\/en\/wp-json\/wp\/v2\/product_cat?post=6281"},{"taxonomy":"product_tag","embeddable":true,"href":"https:\/\/dev8.screenup.com\/en\/wp-json\/wp\/v2\/product_tag?post=6281"}],"curies":[{"name":"wp","href":"https:\/\/api.w.org\/{rel}","templated":true}]}}