{"id":6397,"date":"2025-12-24T16:10:42","date_gmt":"2025-12-24T15:10:42","guid":{"rendered":"https:\/\/dev8.screenup.com\/produit\/chemise-hawaienne-vahine-hibiscus-red-aloha-republic\/"},"modified":"2026-04-08T18:46:30","modified_gmt":"2026-04-08T16:46:30","slug":"vahine-hibiscus-red-aloha-republic-hawaiian-shirt","status":"publish","type":"product","link":"https:\/\/dev8.screenup.com\/en\/product\/vahine-hibiscus-red-aloha-republic-hawaiian-shirt","title":{"rendered":"VAHINE HIBISCUS RED ALOHA REPUBLIC HAWAIIAN SHIRT"},"content":{"rendered":"<p>Cette chemise Hawaiienne vahine hibiscus, nous vient des ateliers ALOHA REPUBLIC \u00e0 Honolulu, \u00e0 quelques m\u00e8tres de la plage de Waikiki seulement. Cette tr\u00e8s belle chemise Hawaiienne, 100% Coton avec sa coupe cintr\u00e9e s&#8217;adresse aux femmes.<br \/>\nEn coton, cette chemise vous assure confort et libert\u00e9 de mouvement, parfaite pour vos journ\u00e9es d\u2019\u00e9t\u00e9, vos sorties entre amies ou vos vacances au soleil. Son col ouvert et sa coupe l\u00e9g\u00e8rement ajust\u00e9e ajoutent une touche sensuelle sans effort, tandis que le motif floral iconique apporte joie et bonne humeur \u00e0 votre tenue.<br \/>\nAssociez-la \u00e0 un short taille haute, une jupe \u00e9vas\u00e9e ou votre jean pr\u00e9f\u00e9r\u00e9 pour un style r\u00e9tro-chic irr\u00e9sistible. La chemise Hawaii hibiscus rouge, c\u2019est le d\u00e9tail vintage qui transforme chaque journ\u00e9e en f\u00eate tropicale.<br \/>\nElle est id\u00e9ale, pour une soir\u00e9e sur la plage, un cocktail, un mariage cool, pour conduire un Roadster, une voiture Am\u00e9ricaine des fifties. Elle l&#8217;est aussi tout simplement pour afficher un style certain vintage, d\u00e9contract\u00e9 et classe.<\/p>\n<p>Cette chemise\u00a0 est durable, elle tient tr\u00e8s bien aux lavage et dans le temps.<\/p>\n<p>Nous distribuons cette marque depuis des ann\u00e9es et nous vous garantissons une top qualit\u00e9.<\/p>\n<p>Vous noterez les boutons en v\u00e9ritable cocotier. Egalement et cela est une caract\u00e9ristique des v\u00e9ritables chemises Hawaiienne, le motif de la pochette respecte le design original, il n&#8217;y pas de rupture, elles sont cousues bord \u00e0 bord jusqu&#8217;\u00e0 disparaitre dans le design.<\/p>\n<p>Bien sur l&#8217;\u00e9tiquette au col certifie son origine, Honolulu, Oahu, Hawaii, USA<\/p>\n<p>Chez nous, vous ne trouverez aucune chemise produite en Asie. Nous restons logique \u00e0 notre cahier des charges, \u00e0 notre identit\u00e9 et \u00e0 notre mission. Nous sommes fier de travailler avec ces iles et avec des entreprises respectant les ouvriers ainsi que les conditions de travail<\/p>\n<h4><strong>ALOHA REPUBLIC<\/strong><\/h4>\n<p>Produit des v\u00eatements de qualit\u00e9 depuis 1983 et compte aujourd\u2019hui parmi les leader des Aloha shirt sur ces iles. Cette collection incarne le mode des vie des \u00eeles hawaiiennes.<\/p>\n<h4><strong>Tailles<\/strong><\/h4>\n<p>Attention au tableau des tailles, ce sont des tailles US, pour des pays tropicaux, et donc assez grandes, bien souvent une taille au dessus de celle que vous avez l\u2019habitude de porter.<\/p>\n","protected":false},"excerpt":{"rendered":"<p>Immerse yourself in the sunny atmosphere of the tropics with this Hawaii shirt for women, enhanced by a pattern of vibrant hibiscus flowers on an intense red background. Inspired by vintage pin-up aesthetics, it combines retro elegance and summer freshness for a bold and feminine look.<\/p>\n","protected":false},"featured_media":6398,"template":"","meta":[],"product_brand":[],"product_cat":[78,79],"product_tag":[],"class_list":{"0":"post-6397","1":"product","2":"type-product","3":"status-publish","4":"has-post-thumbnail","6":"product_cat-hawaiian-shirts","7":"product_cat-womens-hawaiian-shirts","8":"pa_genre-women","9":"pa_taille-l","10":"pa_taille-m","11":"pa_taille-s","12":"pa_taille-xl","13":"pa_taille-xxl","14":"pa_taille-xxxl","16":"first","17":"instock","18":"taxable","19":"shipping-taxable","20":"purchasable","21":"product-type-variable"},"_links":{"self":[{"href":"https:\/\/dev8.screenup.com\/en\/wp-json\/wp\/v2\/product\/6397","targetHints":{"allow":["GET"]}}],"collection":[{"href":"https:\/\/dev8.screenup.com\/en\/wp-json\/wp\/v2\/product"}],"about":[{"href":"https:\/\/dev8.screenup.com\/en\/wp-json\/wp\/v2\/types\/product"}],"wp:featuredmedia":[{"embeddable":true,"href":"https:\/\/dev8.screenup.com\/en\/wp-json\/wp\/v2\/media\/6398"}],"wp:attachment":[{"href":"https:\/\/dev8.screenup.com\/en\/wp-json\/wp\/v2\/media?parent=6397"}],"wp:term":[{"taxonomy":"product_brand","embeddable":true,"href":"https:\/\/dev8.screenup.com\/en\/wp-json\/wp\/v2\/product_brand?post=6397"},{"taxonomy":"product_cat","embeddable":true,"href":"https:\/\/dev8.screenup.com\/en\/wp-json\/wp\/v2\/product_cat?post=6397"},{"taxonomy":"product_tag","embeddable":true,"href":"https:\/\/dev8.screenup.com\/en\/wp-json\/wp\/v2\/product_tag?post=6397"}],"curies":[{"name":"wp","href":"https:\/\/api.w.org\/{rel}","templated":true}]}}