{"id":6807,"date":"2025-12-24T15:19:58","date_gmt":"2025-12-24T14:19:58","guid":{"rendered":"https:\/\/dev8.screenup.com\/produit\/figurine-hawaienne-tiki-kona-pour-tableau-de-bord-voiture-10-cm\/"},"modified":"2026-04-09T02:11:33","modified_gmt":"2026-04-09T00:11:33","slug":"hawaiian-doll-huka-doll-tiki-kona-10-cm","status":"publish","type":"product","link":"https:\/\/dev8.screenup.com\/en\/product\/hawaiian-doll-huka-doll-tiki-kona-10-cm","title":{"rendered":"Hawaiian doll HUKA DOLL TIKI KONA (10 cm)"},"content":{"rendered":"\nTiki Hula Doll\n\nD\u00e9couvrez cette figurine de voiture Hawaiian Hula Dashboard Dolls !\n\nFabriqu\u00e9es \u00e0 partir de mat\u00e9riaux de qualit\u00e9, cette figurine vous offrira chaque jour dans votre voiture, sur votre tableau de bord, l&#8217;esprit ensoleill\u00e9 d&#8217;Hawa\u00ef tout en apportant une ambiance ludique \u00e0 votre tableau de bord.\n\nDot\u00e9 d\u2019une base adh\u00e9sive, il sera solidement fix\u00e9 sur le tableau de bord de votre voiture ou sur le plateau de votre bureau.\n\nIl restera fermement en place tandis qu\u2019il se balancera doucement. Ce tiki ajoutera une touche de magie de l\u2019\u00eele et un clin d\u2019\u0153il \u00e0 l\u2019art traditionnel hawa\u00efen.\n\nCe Tiki Kona est Peint \u00e0 la main !\n\nLes tikis sont v\u00e9n\u00e9r\u00e9s dans la tradition hawa\u00efenne pour leurs divers pouvoirs.\n\nLe Money Tiki est sp\u00e9cifiquement cens\u00e9 attirer la richesse et l\u2019\u00e9nergie positive.\n\nPlacer cette poup\u00e9e Tiki dans votre environnement non seulement d\u00e9core l\u2019espace mais sert \u00e9galement de talisman pour inspirer la prosp\u00e9rit\u00e9 dans vos efforts.\n\nVous allez vous attacher rapidement \u00e0 sa pr\u00e9sence Mystique.\n<h4>Atmosph\u00e8re Hawa\u00efenne<\/h4>\nQue vous soyez un amoureux de la culture hawa\u00efenne, un collectionneur de souvenirs de voyage ou tout simplement \u00e0 la recherche d&#8217;un accessoire original pour personnaliser votre voiture, nos Hawaiian Hula Dashboard Dolls sont le choix id\u00e9al.\n<h4>Id\u00e9e-cadeau<\/h4>\nParfait comme cadeau pour les amis et la famille. Cette figurine apporte une touche d&#8217;exotisme \u00e0 n&#8217;importe quel v\u00e9hicule. Offrez un petit morceau d&#8217;Hawa\u00ef et laissez cette figurine hula vous accompagner dans toutes vos aventures sur la route.\n<h4>Caract\u00e9ristiques<\/h4>\n&#8211; Hauteur : 11,4 cm\n&#8211; Fixation : adh\u00e9sif Import Hawaii mais made in China\n&#8211; Pagne en Raphia\n&#8211; Autocollant haute r\u00e9sistance\n","protected":false},"excerpt":{"rendered":"<p>Check out this Hawaiian Hula Dashboard Dolls car figurine, TIKI HULA KONA<\/p>\n","protected":false},"featured_media":6808,"template":"","meta":[],"product_brand":[],"product_cat":[76,105],"product_tag":[],"class_list":{"0":"post-6807","1":"product","2":"type-product","3":"status-publish","4":"has-post-thumbnail","6":"product_cat-goodies","7":"product_cat-hawaiian-dolls","9":"first","10":"instock","11":"taxable","12":"shipping-taxable","13":"purchasable","14":"product-type-simple"},"_links":{"self":[{"href":"https:\/\/dev8.screenup.com\/en\/wp-json\/wp\/v2\/product\/6807","targetHints":{"allow":["GET"]}}],"collection":[{"href":"https:\/\/dev8.screenup.com\/en\/wp-json\/wp\/v2\/product"}],"about":[{"href":"https:\/\/dev8.screenup.com\/en\/wp-json\/wp\/v2\/types\/product"}],"wp:featuredmedia":[{"embeddable":true,"href":"https:\/\/dev8.screenup.com\/en\/wp-json\/wp\/v2\/media\/6808"}],"wp:attachment":[{"href":"https:\/\/dev8.screenup.com\/en\/wp-json\/wp\/v2\/media?parent=6807"}],"wp:term":[{"taxonomy":"product_brand","embeddable":true,"href":"https:\/\/dev8.screenup.com\/en\/wp-json\/wp\/v2\/product_brand?post=6807"},{"taxonomy":"product_cat","embeddable":true,"href":"https:\/\/dev8.screenup.com\/en\/wp-json\/wp\/v2\/product_cat?post=6807"},{"taxonomy":"product_tag","embeddable":true,"href":"https:\/\/dev8.screenup.com\/en\/wp-json\/wp\/v2\/product_tag?post=6807"}],"curies":[{"name":"wp","href":"https:\/\/api.w.org\/{rel}","templated":true}]}}