{"id":6887,"date":"2025-12-24T15:19:55","date_gmt":"2025-12-24T14:19:55","guid":{"rendered":"https:\/\/dev8.screenup.com\/produit\/plaque-metal-decorative-windsurf-is-not-dead\/"},"modified":"2026-04-09T02:11:15","modified_gmt":"2026-04-09T00:11:15","slug":"windsurf-is-not-dead-decorative-metal-sign","status":"publish","type":"product","link":"https:\/\/dev8.screenup.com\/en\/product\/windsurf-is-not-dead-decorative-metal-sign","title":{"rendered":"WINDSURF IS NOT DEAD DECORATIVE METAL SIGN"},"content":{"rendered":"\n<p>Cette plaque sera parfaite pour tous les amoureux de la planche \u00e0 voile, pour d\u00e9corer votre maison ou votre lieu de travail.<\/p>\n\n<p>En acier recouvert d&#8217;une s\u00e9rigraphie vernie, cette plaque se fixe uniquement \u00e0 l\u2019int\u00e9rieur. Elle ne r\u00e9siste pas aux UV, \u00e0 la pluie, \u00e0 la neige \u00e9galement.<\/p>\n\n<p>Elle sera id\u00e9ale pour d\u00e9corer les murs de votre habitation, votre lieu de travail ou votre bar.<\/p>\n\n<p>Cette plaque de d\u00e9coration en m\u00e9tal, met les points sur les i\u00a0: WINDSURF IS NOT DEAD<\/p>\n\n<p>C\u2019est \u00e9galement une une id\u00e9e cadeau qui ne d\u00e9\u00e7oit jamais.<\/p>\n","protected":false},"excerpt":{"rendered":"<p>Surf, beach, steel decorative plaque. Made in China Indoor use exclusively. 30X40CM<\/p>\n","protected":false},"featured_media":6888,"template":"","meta":[],"product_brand":[],"product_cat":[122,76],"product_tag":[],"class_list":{"0":"post-6887","1":"product","2":"type-product","3":"status-publish","4":"has-post-thumbnail","6":"product_cat-decorative-metal-plaques","7":"product_cat-goodies","9":"first","10":"instock","11":"sale","12":"taxable","13":"shipping-taxable","14":"purchasable","15":"product-type-simple"},"_links":{"self":[{"href":"https:\/\/dev8.screenup.com\/en\/wp-json\/wp\/v2\/product\/6887","targetHints":{"allow":["GET"]}}],"collection":[{"href":"https:\/\/dev8.screenup.com\/en\/wp-json\/wp\/v2\/product"}],"about":[{"href":"https:\/\/dev8.screenup.com\/en\/wp-json\/wp\/v2\/types\/product"}],"wp:featuredmedia":[{"embeddable":true,"href":"https:\/\/dev8.screenup.com\/en\/wp-json\/wp\/v2\/media\/6888"}],"wp:attachment":[{"href":"https:\/\/dev8.screenup.com\/en\/wp-json\/wp\/v2\/media?parent=6887"}],"wp:term":[{"taxonomy":"product_brand","embeddable":true,"href":"https:\/\/dev8.screenup.com\/en\/wp-json\/wp\/v2\/product_brand?post=6887"},{"taxonomy":"product_cat","embeddable":true,"href":"https:\/\/dev8.screenup.com\/en\/wp-json\/wp\/v2\/product_cat?post=6887"},{"taxonomy":"product_tag","embeddable":true,"href":"https:\/\/dev8.screenup.com\/en\/wp-json\/wp\/v2\/product_tag?post=6887"}],"curies":[{"name":"wp","href":"https:\/\/api.w.org\/{rel}","templated":true}]}}